{"id":18856,"date":"2026-02-18T17:56:53","date_gmt":"2026-02-18T16:56:53","guid":{"rendered":"https:\/\/artapartamento.com\/?page_id=18856"},"modified":"2026-02-18T18:00:24","modified_gmt":"2026-02-18T17:00:24","slug":"carte-trovate","status":"publish","type":"page","link":"https:\/\/artapartamento.com\/it\/naipes-encontrados\/","title":{"rendered":"Carte da gioco trovate"},"content":{"rendered":"<div data-elementor-type=\"wp-page\" data-elementor-id=\"18856\" class=\"elementor elementor-18856\" data-elementor-post-type=\"page\">\n\t\t\t\t<div class=\"elementor-element elementor-element-5df43cb7 e-con-full e-flex e-con e-parent\" data-id=\"5df43cb7\" data-element_type=\"container\" data-e-type=\"container\" data-settings=\"{&quot;background_background&quot;:&quot;classic&quot;}\">\n\t\t<div class=\"elementor-element elementor-element-6f687d41 e-con-full e-flex e-con e-child\" data-id=\"6f687d41\" data-element_type=\"container\" data-e-type=\"container\">\n\t\t\t\t<div class=\"elementor-element elementor-element-7eac4e19 elementor-widget elementor-widget-image-carousel\" data-id=\"7eac4e19\" data-element_type=\"widget\" data-e-type=\"widget\" data-settings=\"{&quot;slides_to_show&quot;:&quot;1&quot;,&quot;navigation&quot;:&quot;none&quot;,&quot;autoplay&quot;:&quot;yes&quot;,&quot;pause_on_hover&quot;:&quot;yes&quot;,&quot;pause_on_interaction&quot;:&quot;yes&quot;,&quot;autoplay_speed&quot;:5000,&quot;infinite&quot;:&quot;yes&quot;,&quot;effect&quot;:&quot;slide&quot;,&quot;speed&quot;:500}\" data-widget_type=\"image-carousel.default\">\n\t\t\t\t<div class=\"elementor-widget-container\">\n\t\t\t\t\t\t\t<div class=\"elementor-image-carousel-wrapper swiper\" role=\"region\" aria-roledescription=\"carousel\" aria-label=\"Carosello di immagini\" dir=\"ltr\">\n\t\t\t<div class=\"elementor-image-carousel swiper-wrapper swiper-image-stretch\" aria-live=\"off\">\n\t\t\t\t\t\t\t\t<div class=\"swiper-slide\" role=\"group\" aria-roledescription=\"slide\" aria-label=\"1 \u7684 1\" data-no-translation-aria-label=\"\"><a data-elementor-open-lightbox=\"yes\" data-elementor-lightbox-slideshow=\"7eac4e19\" data-e-action-hash=\"#elementor-action%3Aaction%3Dlightbox%26settings%3DeyJpZCI6MTg4MDIsInVybCI6Imh0dHBzOlwvXC9hcnRhcGFydGFtZW50by5jb21cL3dwLWNvbnRlbnRcL3VwbG9hZHNcLzIwMjZcLzAyXC8xMC4tTmFpcGVzLWVuY29udHJhZG9zLXNjYWxlZC5qcGcud2VicCIsInNsaWRlc2hvdyI6IjdlYWM0ZTE5In0%3D\" href=\"https:\/\/artapartamento.com\/wp-content\/uploads\/2026\/02\/10.-Naipes-encontrados-scaled.jpg.webp\"><figure class=\"swiper-slide-inner\"><img decoding=\"async\" class=\"swiper-slide-image\" src=\"https:\/\/artapartamento.com\/wp-content\/uploads\/2026\/02\/10.-Naipes-encontrados-scaled.jpg.webp\" alt=\"Jos\u00e9 Manuel Mes\u00edas\" \/><\/figure><\/a><\/div>\t\t\t<\/div>\n\t\t\t\t\t<\/div>\n\t\t\t\t\t\t<\/div>\n\t\t\t\t<\/div>\n\t\t\t\t<\/div>\n\t\t<div class=\"elementor-element elementor-element-45c1cd54 e-con-full e-flex e-con e-child\" data-id=\"45c1cd54\" data-element_type=\"container\" data-e-type=\"container\">\n\t\t\t\t<div class=\"elementor-element elementor-element-7dfef69f elementor-widget elementor-widget-heading\" data-id=\"7dfef69f\" data-element_type=\"widget\" data-e-type=\"widget\" data-widget_type=\"heading.default\">\n\t\t\t\t<div class=\"elementor-widget-container\">\n\t\t\t\t\t<h2 class=\"elementor-heading-title elementor-size-default\"><a href=\"https:\/\/artapartamento.com\/it\/category\/artistas\/jose-manuel-mesias\/\" rel=\"tag\">Jos\u00e9 Manuel Mes\u00edas<\/a><\/h2>\t\t\t\t<\/div>\n\t\t\t\t<\/div>\n\t\t\t\t<div class=\"elementor-element elementor-element-3366b323 elementor-widget elementor-widget-text-editor\" data-id=\"3366b323\" data-element_type=\"widget\" data-e-type=\"widget\" data-widget_type=\"text-editor.default\">\n\t\t\t\t<div class=\"elementor-widget-container\">\n\t\t\t\t\t\t\t\t\t<p><i>Carte da gioco trovate<\/i>, 2014 - 2022<\/p><p><br \/>Carte da gioco su legno con vetro e specchio.<\/p><p>Ogni pala d'altare: 100 x 126 cm<\/p>\t\t\t\t\t\t\t\t<\/div>\n\t\t\t\t<\/div>\n\t\t\t\t<div class=\"elementor-element elementor-element-9262fb2 elementor-widget elementor-widget-text-editor\" data-id=\"9262fb2\" data-element_type=\"widget\" data-e-type=\"widget\" data-widget_type=\"text-editor.default\">\n\t\t\t\t<div class=\"elementor-widget-container\">\n\t\t\t\t\t\t\t\t\t<p>I mazzi sono stati ritrovati nel corso di nove anni, anche se la maggior parte di essi \u00e8 stata raccolta durante la pandemia, il momento in cui ho compreso quel tipo di destino che implicava la costruzione di un'opera nel tempo e completamente soggetta al caso. Fortunatamente, nel primo retablo il mazzo inglese \u00e8 completo e a quello spagnolo mancano solo due carte.<\/p><p>Il fatto che ogni ritrovamento, o la reiterazione di una stessa carta (ad esempio, il 7 e il re di picche, il 4 e il 5 di cuori e i jolly, che sono apparsi sette volte), permetta una \u201clettura\u201d, conferisce a questo brano una dimensione mistica.<\/p>\t\t\t\t\t\t\t\t<\/div>\n\t\t\t\t<\/div>\n\t\t\t\t<div class=\"elementor-element elementor-element-f46770f elementor-align-left elementor-widget elementor-widget-button\" data-id=\"f46770f\" data-element_type=\"widget\" data-e-type=\"widget\" data-widget_type=\"button.default\">\n\t\t\t\t<div class=\"elementor-widget-container\">\n\t\t\t\t\t\t\t\t\t<div class=\"elementor-button-wrapper\">\n\t\t\t\t\t<a class=\"elementor-button elementor-size-sm\" role=\"button\">\n\t\t\t\t\t\t<span class=\"elementor-button-content-wrapper\">\n\t\t\t\t\t\t\t\t\t<span class=\"elementor-button-text\">Richiesta di informazioni<\/span>\n\t\t\t\t\t<\/span>\n\t\t\t\t\t<\/a>\n\t\t\t\t<\/div>\n\t\t\t\t\t\t\t\t<\/div>\n\t\t\t\t<\/div>\n\t\t\t\t<\/div>\n\t\t\t\t<\/div>\n\t\t\t\t<\/div>","protected":false},"excerpt":{"rendered":"<p>Naipes encontrados, 2014 &#8211; 2022 Naipes sobre maderamen con vidrio y espejo. Cada retablo: 100 x 126 cm Las barajas han sido encontradas a lo largo de nueve a\u00f1os, aunque la mayor\u00eda fueron recolectadas durante la pandemia, momento en que comprend\u00ed esa suerte de destino que implicaba construir una obra en el tiempo y completamente [&hellip;]<\/p>\n","protected":false},"author":1,"featured_media":18802,"parent":0,"menu_order":0,"comment_status":"closed","ping_status":"closed","template":"","meta":{"_acf_changed":false,"footnotes":"","_links_to":"","_links_to_target":""},"categories":[47],"tags":[65],"class_list":["post-18856","page","type-page","status-publish","has-post-thumbnail","hentry","category-jose-manuel-mesias","tag-obra","post","post-with-thumbnail","post-with-thumbnail-large"],"acf":[],"aioseo_notices":[],"_links":{"self":[{"href":"https:\/\/artapartamento.com\/it\/wp-json\/wp\/v2\/pages\/18856","targetHints":{"allow":["GET"]}}],"collection":[{"href":"https:\/\/artapartamento.com\/it\/wp-json\/wp\/v2\/pages"}],"about":[{"href":"https:\/\/artapartamento.com\/it\/wp-json\/wp\/v2\/types\/page"}],"author":[{"embeddable":true,"href":"https:\/\/artapartamento.com\/it\/wp-json\/wp\/v2\/users\/1"}],"replies":[{"embeddable":true,"href":"https:\/\/artapartamento.com\/it\/wp-json\/wp\/v2\/comments?post=18856"}],"version-history":[{"count":0,"href":"https:\/\/artapartamento.com\/it\/wp-json\/wp\/v2\/pages\/18856\/revisions"}],"wp:featuredmedia":[{"embeddable":true,"href":"https:\/\/artapartamento.com\/it\/wp-json\/wp\/v2\/media\/18802"}],"wp:attachment":[{"href":"https:\/\/artapartamento.com\/it\/wp-json\/wp\/v2\/media?parent=18856"}],"wp:term":[{"taxonomy":"category","embeddable":true,"href":"https:\/\/artapartamento.com\/it\/wp-json\/wp\/v2\/categories?post=18856"},{"taxonomy":"post_tag","embeddable":true,"href":"https:\/\/artapartamento.com\/it\/wp-json\/wp\/v2\/tags?post=18856"}],"curies":[{"name":"wp","href":"https:\/\/api.w.org\/{rel}","templated":true}]}}