{"id":18844,"date":"2026-02-18T17:50:04","date_gmt":"2026-02-18T16:50:04","guid":{"rendered":"https:\/\/artapartamento.com\/?page_id=18844"},"modified":"2026-02-18T17:54:37","modified_gmt":"2026-02-18T16:54:37","slug":"i-soliloqui-di-cespedes","status":"publish","type":"page","link":"https:\/\/artapartamento.com\/it\/los-soliloquios-de-cespedes\/","title":{"rendered":"I soliloqui di C\u00e9spedes"},"content":{"rendered":"<div data-elementor-type=\"wp-page\" data-elementor-id=\"18844\" class=\"elementor elementor-18844\" data-elementor-post-type=\"page\">\n\t\t\t\t<div class=\"elementor-element elementor-element-5b29bcc1 e-con-full e-flex e-con e-parent\" data-id=\"5b29bcc1\" data-element_type=\"container\" data-e-type=\"container\" data-settings=\"{&quot;background_background&quot;:&quot;classic&quot;}\">\n\t\t<div class=\"elementor-element elementor-element-395bce27 e-con-full e-flex e-con e-child\" data-id=\"395bce27\" data-element_type=\"container\" data-e-type=\"container\">\n\t\t\t\t<div class=\"elementor-element elementor-element-31efb736 elementor-widget elementor-widget-image-carousel\" data-id=\"31efb736\" data-element_type=\"widget\" data-e-type=\"widget\" data-settings=\"{&quot;slides_to_show&quot;:&quot;1&quot;,&quot;navigation&quot;:&quot;none&quot;,&quot;autoplay&quot;:&quot;yes&quot;,&quot;pause_on_hover&quot;:&quot;yes&quot;,&quot;pause_on_interaction&quot;:&quot;yes&quot;,&quot;autoplay_speed&quot;:5000,&quot;infinite&quot;:&quot;yes&quot;,&quot;effect&quot;:&quot;slide&quot;,&quot;speed&quot;:500}\" data-widget_type=\"image-carousel.default\">\n\t\t\t\t<div class=\"elementor-widget-container\">\n\t\t\t\t\t\t\t<div class=\"elementor-image-carousel-wrapper swiper\" role=\"region\" aria-roledescription=\"carousel\" aria-label=\"Carosello di immagini\" dir=\"ltr\">\n\t\t\t<div class=\"elementor-image-carousel swiper-wrapper swiper-image-stretch\" aria-live=\"off\">\n\t\t\t\t\t\t\t\t<div class=\"swiper-slide\" role=\"group\" aria-roledescription=\"slide\" aria-label=\"1 di 1\" data-no-translation-aria-label=\"\"><a data-elementor-open-lightbox=\"yes\" data-elementor-lightbox-slideshow=\"31efb736\" data-e-action-hash=\"#elementor-action%3Aaction%3Dlightbox%26settings%3DeyJpZCI6MTg4MTMsInVybCI6Imh0dHBzOlwvXC9hcnRhcGFydGFtZW50by5jb21cL3dwLWNvbnRlbnRcL3VwbG9hZHNcLzIwMjZcLzAyXC82Li1Mb3Mtc29saWxvcXVpb3MtZGUtQ2VzcGVkZXMuanBnLndlYnAiLCJzbGlkZXNob3ciOiIzMWVmYjczNiJ9\" href=\"https:\/\/artapartamento.com\/wp-content\/uploads\/2026\/02\/6.-Los-soliloquios-de-Cespedes.jpg.webp\"><figure class=\"swiper-slide-inner\"><img decoding=\"async\" class=\"swiper-slide-image\" src=\"https:\/\/artapartamento.com\/wp-content\/uploads\/2026\/02\/6.-Los-soliloquios-de-Cespedes.jpg.webp\" alt=\"Jos\u00e9 Manuel Mes\u00edas\" \/><\/figure><\/a><\/div>\t\t\t<\/div>\n\t\t\t\t\t<\/div>\n\t\t\t\t\t\t<\/div>\n\t\t\t\t<\/div>\n\t\t\t\t<\/div>\n\t\t<div class=\"elementor-element elementor-element-76d14c6a e-con-full e-flex e-con e-child\" data-id=\"76d14c6a\" data-element_type=\"container\" data-e-type=\"container\">\n\t\t\t\t<div class=\"elementor-element elementor-element-34aa1745 elementor-widget elementor-widget-heading\" data-id=\"34aa1745\" data-element_type=\"widget\" data-e-type=\"widget\" data-widget_type=\"heading.default\">\n\t\t\t\t<div class=\"elementor-widget-container\">\n\t\t\t\t\t<h2 class=\"elementor-heading-title elementor-size-default\"><a href=\"https:\/\/artapartamento.com\/it\/category\/artistas\/jose-manuel-mesias\/\" rel=\"tag\">Jos\u00e9 Manuel Mes\u00edas<\/a><\/h2>\t\t\t\t<\/div>\n\t\t\t\t<\/div>\n\t\t\t\t<div class=\"elementor-element elementor-element-5763e13b elementor-widget elementor-widget-text-editor\" data-id=\"5763e13b\" data-element_type=\"widget\" data-e-type=\"widget\" data-widget_type=\"text-editor.default\">\n\t\t\t\t<div class=\"elementor-widget-container\">\n\t\t\t\t\t\t\t\t\t<p><i>I soliloqui di C\u00e9spedes<\/i>. Dalla serie: <i>Indice di <\/i><\/p><p><i>Immagini<\/i>.<\/p><p>Tassidermia di mulo, set di scacchi e cinghie.<\/p><p>135 x 75 x 181 cm<\/p>\t\t\t\t\t\t\t\t<\/div>\n\t\t\t\t<\/div>\n\t\t\t\t<div class=\"elementor-element elementor-element-4f3461f6 elementor-widget elementor-widget-text-editor\" data-id=\"4f3461f6\" data-element_type=\"widget\" data-e-type=\"widget\" data-widget_type=\"text-editor.default\">\n\t\t\t\t<div class=\"elementor-widget-container\">\n\t\t\t\t\t\t\t\t\t<ul><li>Scacchiera e pezzi di scacchi appartenenti a Fernando Figueredo Socarr\u00e1s, donati da Carlos Manuel de C\u00e9spedes del Castillo.<\/li><li>Lavoro di tassidermia commissionato dal maggiore generale Francisco Javier C\u00e9spedes a Miguel Bravo Sant\u00edes, medico e biologo dilettante, ex segretario di C\u00e9spedes; realizzato con due cosce di mulo provenienti dalla tenuta di San Lorenzo.<\/li><\/ul><p>Il curioso pezzo si basa su un aneddoto di C\u00e9spedes, che racconta di aver visto una delle sue mule, Candela, partorire un vitello siamese deforme che, sorprendentemente, \u00e8 nato vivo e ha mosso qualche passo prima di morire solo un minuto dopo. La mula era stata apparentemente cavalcata dall'asino Mas\u00f3n, sul quale C\u00e9spedes trasportava i suoi effetti personali. Poich\u00e9 i muli sono generalmente sterili, quando partoriscono, la loro prole \u00e8 solitamente debole o presenta anomalie che non sopravvivono alla nascita.<\/p><p>L'immagine dell'oggetto \u00e8 stata utilizzata dall'organizzazione Bravo, <em>Fratelli del silenzio<\/em>, che avrebbe dato origine alla sconsiderata sedizione di Lagunas de Varona. L'emblema progettato per il \u201cpartito cespedista\u201d segreto incorporava, sulla groppa dell'animale, una scacchiera che mostrava un unico re bianco, con tutti i suoi pezzi riuniti all'estremit\u00e0 opposta. Nelle parole di Bravo, nell'esporre le ragioni della sua cospirazione:<\/p><p><em>\u201cUna Repubblica acefala dove gli appartenenti alla stessa specie non parlano pi\u00f9 la stessa lingua e non si capiscono (...) la scacchiera \u00e8 una metafora del tradimento da parte dei cubani del legittimo leader della Repubblica, che era un maestro del gioco degli scacchi, un'allegoria del pensiero militare\u201d.\u201d<\/em><\/p><p>Il Padre della Nazione cubana, Carlos Manuel de C\u00e9spedes, trascorse i suoi ultimi giorni confinato tra le montagne dell'est di Cuba dopo essere stato illegalmente deposto dalla presidenza della Repubblica in armi. Le pagine del suo diario sono piene di riflessioni appassionate sulla sua vita, sul suo ruolo nella storia, sui suoi nemici, sulla rivoluzione e di numerose immagini simboliche che alludono al senso di una tragica fine imminente.<\/p><p>L'opera funziona come metafora della sua agonia e della sua solitudine, nonch\u00e9 del fallimento ricorrente nella nostra storia, causato da un male che nasce dall'interno. I muli siamesi, presentati come una reliquia storica, potrebbero benissimo essere estratti dall'incubo dell'eroe: il corpo di una nazione divisa sotto il male pi\u00f9 grande del colonialismo. Alla fine, in una strana mossa scacchistica, il re bianco \u00e8 lasciato solo di fronte al suo, un'allusione a come C\u00e9spedes fu abbandonato dai cubani e lasciato alla merc\u00e9 degli spagnoli.<\/p>\t\t\t\t\t\t\t\t<\/div>\n\t\t\t\t<\/div>\n\t\t\t\t<div class=\"elementor-element elementor-element-3bfd19e4 elementor-align-left elementor-widget elementor-widget-button\" data-id=\"3bfd19e4\" data-element_type=\"widget\" data-e-type=\"widget\" data-widget_type=\"button.default\">\n\t\t\t\t<div class=\"elementor-widget-container\">\n\t\t\t\t\t\t\t\t\t<div class=\"elementor-button-wrapper\">\n\t\t\t\t\t<a class=\"elementor-button elementor-size-sm\" role=\"button\">\n\t\t\t\t\t\t<span class=\"elementor-button-content-wrapper\">\n\t\t\t\t\t\t\t\t\t<span class=\"elementor-button-text\">Richiesta di informazioni<\/span>\n\t\t\t\t\t<\/span>\n\t\t\t\t\t<\/a>\n\t\t\t\t<\/div>\n\t\t\t\t\t\t\t\t<\/div>\n\t\t\t\t<\/div>\n\t\t\t\t<\/div>\n\t\t\t\t<\/div>\n\t\t\t\t<\/div>","protected":false},"excerpt":{"rendered":"<p>Los soliloquios de C\u00e9spedes. De la serie: \u00cdndice de Im\u00e1genes. Taxidermia de mula, juego de ajedrez y correas. 135 x 75 x 181 cm Tablero y fichas de ajedrez pertenecientes a Fernando Figueredo Socarr\u00e1s, donados por Carlos Manuel de C\u00e9spedes del Castillo. Trabajo de taxidermia encomendado por el Mayor General Francisco Javier C\u00e9spedes a Miguel [&hellip;]<\/p>\n","protected":false},"author":1,"featured_media":18813,"parent":0,"menu_order":0,"comment_status":"closed","ping_status":"closed","template":"","meta":{"_acf_changed":false,"footnotes":"","_links_to":"","_links_to_target":""},"categories":[47],"tags":[65],"class_list":["post-18844","page","type-page","status-publish","has-post-thumbnail","hentry","category-jose-manuel-mesias","tag-obra","post","post-with-thumbnail","post-with-thumbnail-large"],"acf":[],"aioseo_notices":[],"_links":{"self":[{"href":"https:\/\/artapartamento.com\/it\/wp-json\/wp\/v2\/pages\/18844","targetHints":{"allow":["GET"]}}],"collection":[{"href":"https:\/\/artapartamento.com\/it\/wp-json\/wp\/v2\/pages"}],"about":[{"href":"https:\/\/artapartamento.com\/it\/wp-json\/wp\/v2\/types\/page"}],"author":[{"embeddable":true,"href":"https:\/\/artapartamento.com\/it\/wp-json\/wp\/v2\/users\/1"}],"replies":[{"embeddable":true,"href":"https:\/\/artapartamento.com\/it\/wp-json\/wp\/v2\/comments?post=18844"}],"version-history":[{"count":0,"href":"https:\/\/artapartamento.com\/it\/wp-json\/wp\/v2\/pages\/18844\/revisions"}],"wp:featuredmedia":[{"embeddable":true,"href":"https:\/\/artapartamento.com\/it\/wp-json\/wp\/v2\/media\/18813"}],"wp:attachment":[{"href":"https:\/\/artapartamento.com\/it\/wp-json\/wp\/v2\/media?parent=18844"}],"wp:term":[{"taxonomy":"category","embeddable":true,"href":"https:\/\/artapartamento.com\/it\/wp-json\/wp\/v2\/categories?post=18844"},{"taxonomy":"post_tag","embeddable":true,"href":"https:\/\/artapartamento.com\/it\/wp-json\/wp\/v2\/tags?post=18844"}],"curies":[{"name":"wp","href":"https:\/\/api.w.org\/{rel}","templated":true}]}}