{"id":18827,"date":"2026-02-18T17:30:33","date_gmt":"2026-02-18T16:30:33","guid":{"rendered":"https:\/\/artapartamento.com\/?page_id=18827"},"modified":"2026-02-18T17:47:38","modified_gmt":"2026-02-18T16:47:38","slug":"rettifiche-allopera-di-armando-menocal","status":"publish","type":"page","link":"https:\/\/artapartamento.com\/it\/rectificaciones-a-la-obra-de-armando-menocal\/","title":{"rendered":"Rettifiche al lavoro di Armando Menocal"},"content":{"rendered":"<div data-elementor-type=\"wp-page\" data-elementor-id=\"18827\" class=\"elementor elementor-18827\" data-elementor-post-type=\"page\">\n\t\t\t\t<div class=\"elementor-element elementor-element-1a193545 e-con-full e-flex e-con e-parent\" data-id=\"1a193545\" data-element_type=\"container\" data-e-type=\"container\" data-settings=\"{&quot;background_background&quot;:&quot;classic&quot;}\">\n\t\t<div class=\"elementor-element elementor-element-1888dc24 e-con-full e-flex e-con e-child\" data-id=\"1888dc24\" data-element_type=\"container\" data-e-type=\"container\">\n\t\t\t\t<div class=\"elementor-element elementor-element-413888d9 elementor-widget elementor-widget-image-carousel\" data-id=\"413888d9\" data-element_type=\"widget\" data-e-type=\"widget\" data-settings=\"{&quot;slides_to_show&quot;:&quot;1&quot;,&quot;navigation&quot;:&quot;none&quot;,&quot;autoplay&quot;:&quot;yes&quot;,&quot;pause_on_hover&quot;:&quot;yes&quot;,&quot;pause_on_interaction&quot;:&quot;yes&quot;,&quot;autoplay_speed&quot;:5000,&quot;infinite&quot;:&quot;yes&quot;,&quot;effect&quot;:&quot;slide&quot;,&quot;speed&quot;:500}\" data-widget_type=\"image-carousel.default\">\n\t\t\t\t<div class=\"elementor-widget-container\">\n\t\t\t\t\t\t\t<div class=\"elementor-image-carousel-wrapper swiper\" role=\"region\" aria-roledescription=\"carousel\" aria-label=\"Carosello di immagini\" dir=\"ltr\">\n\t\t\t<div class=\"elementor-image-carousel swiper-wrapper swiper-image-stretch\" aria-live=\"off\">\n\t\t\t\t\t\t\t\t<div class=\"swiper-slide\" role=\"group\" aria-roledescription=\"slide\" aria-label=\"3 \u7684 1\" data-no-translation-aria-label=\"\"><a data-elementor-open-lightbox=\"yes\" data-elementor-lightbox-slideshow=\"413888d9\" data-e-action-hash=\"#elementor-action%3Aaction%3Dlightbox%26settings%3DeyJpZCI6MTg4MzMsInVybCI6Imh0dHBzOlwvXC9hcnRhcGFydGFtZW50by5jb21cL3dwLWNvbnRlbnRcL3VwbG9hZHNcLzIwMjZcLzAyXC9Ib3J0dXMtY29uY2x1c3VzLi1Fc3R1ZGlvLWRlLXBsYW50YXMtZGUtbGEtbWl0YWQtaW5mZXJpb3ItZGVsLWN1YWRyby1iYXNlLXNjYWxlZC5qcGcud2VicCIsInNsaWRlc2hvdyI6IjQxMzg4OGQ5In0%3D\" href=\"https:\/\/artapartamento.com\/wp-content\/uploads\/2026\/02\/Hortus-conclusus.-Estudio-de-plantas-de-la-mitad-inferior-del-cuadro-base-scaled.jpg.webp\"><figure class=\"swiper-slide-inner\"><img decoding=\"async\" class=\"swiper-slide-image\" src=\"https:\/\/artapartamento.com\/wp-content\/uploads\/2026\/02\/Hortus-conclusus.-Estudio-de-plantas-de-la-mitad-inferior-del-cuadro-base-scaled.jpg.webp\" alt=\"Jose Manuel Mes\u00edas\" \/><\/figure><\/a><\/div><div class=\"swiper-slide\" role=\"group\" aria-roledescription=\"slide\" aria-label=\"3 \u7684 2\" data-no-translation-aria-label=\"\"><a data-elementor-open-lightbox=\"yes\" data-elementor-lightbox-slideshow=\"413888d9\" data-e-action-hash=\"#elementor-action%3Aaction%3Dlightbox%26settings%3DeyJpZCI6MTg4MzQsInVybCI6Imh0dHBzOlwvXC9hcnRhcGFydGFtZW50by5jb21cL3dwLWNvbnRlbnRcL3VwbG9hZHNcLzIwMjZcLzAyXC9SZWN0aWZpY2F0aW9ucy10by1Bcm1hbmRvLU1lbm9jYWxzLXdvay1UaGUtZGVhdGgtb2YtTWFjZW8uLVZpZXctb2YtcGFuZWwtMi1zY2FsZWQuanBnLndlYnAiLCJzbGlkZXNob3ciOiI0MTM4ODhkOSJ9\" href=\"https:\/\/artapartamento.com\/wp-content\/uploads\/2026\/02\/Rectifications-to-Armando-Menocals-wok-The-death-of-Maceo.-View-of-panel-2-scaled.jpg.webp\"><figure class=\"swiper-slide-inner\"><img decoding=\"async\" class=\"swiper-slide-image\" src=\"https:\/\/artapartamento.com\/wp-content\/uploads\/2026\/02\/Rectifications-to-Armando-Menocals-wok-The-death-of-Maceo.-View-of-panel-2-scaled.jpg.webp\" alt=\"Jose Manuel Mes\u00edas\" \/><\/figure><\/a><\/div><div class=\"swiper-slide\" role=\"group\" aria-roledescription=\"slide\" aria-label=\"3 \u7684 3\" data-no-translation-aria-label=\"\"><a data-elementor-open-lightbox=\"yes\" data-elementor-lightbox-slideshow=\"413888d9\" data-e-action-hash=\"#elementor-action%3Aaction%3Dlightbox%26settings%3DeyJpZCI6MTg4MzUsInVybCI6Imh0dHBzOlwvXC9hcnRhcGFydGFtZW50by5jb21cL3dwLWNvbnRlbnRcL3VwbG9hZHNcLzIwMjZcLzAyXC8xLVJlY3RpZmljYXRpb25zLXRvLUFybWFuZG8tTWVub2NhbHMtd29rLVRoZS1kZWF0aC1vZi1NYWNlby1zY2FsZWQuanBnIiwic2xpZGVzaG93IjoiNDEzODg4ZDkifQ%3D%3D\" href=\"https:\/\/artapartamento.com\/wp-content\/uploads\/2026\/02\/1-Rectifications-to-Armando-Menocals-wok-The-death-of-Maceo-scaled.jpg\"><figure class=\"swiper-slide-inner\"><img decoding=\"async\" class=\"swiper-slide-image\" src=\"https:\/\/artapartamento.com\/wp-content\/uploads\/2026\/02\/1-Rectifications-to-Armando-Menocals-wok-The-death-of-Maceo-scaled.jpg\" alt=\"Jose Manuel Mes\u00edas\" \/><\/figure><\/a><\/div>\t\t\t<\/div>\n\t\t\t\t\t\t\t\n\t\t\t\t\t\t\t\t\t<\/div>\n\t\t\t\t\t\t<\/div>\n\t\t\t\t<\/div>\n\t\t\t\t<\/div>\n\t\t<div class=\"elementor-element elementor-element-72e116a5 e-con-full e-flex e-con e-child\" data-id=\"72e116a5\" data-element_type=\"container\" data-e-type=\"container\">\n\t\t\t\t<div class=\"elementor-element elementor-element-262c076 elementor-widget elementor-widget-heading\" data-id=\"262c076\" data-element_type=\"widget\" data-e-type=\"widget\" data-widget_type=\"heading.default\">\n\t\t\t\t<div class=\"elementor-widget-container\">\n\t\t\t\t\t<h2 class=\"elementor-heading-title elementor-size-default\"><a href=\"https:\/\/artapartamento.com\/it\/category\/artistas\/jose-manuel-mesias\/\" rel=\"tag\">Jos\u00e9 Manuel Mes\u00edas<\/a><\/h2>\t\t\t\t<\/div>\n\t\t\t\t<\/div>\n\t\t\t\t<div class=\"elementor-element elementor-element-7b592032 elementor-widget elementor-widget-text-editor\" data-id=\"7b592032\" data-element_type=\"widget\" data-e-type=\"widget\" data-widget_type=\"text-editor.default\">\n\t\t\t\t<div class=\"elementor-widget-container\">\n\t\t\t\t\t\t\t\t\t<p><i>Rettifiche al lavoro di Armando Menocal<\/i>, 2013 - 2017 <\/p><p>Olio su tela.<br \/><br \/>Installazione<\/p>\t\t\t\t\t\t\t\t<\/div>\n\t\t\t\t<\/div>\n\t\t\t\t<div class=\"elementor-element elementor-element-4d414232 elementor-widget elementor-widget-text-editor\" data-id=\"4d414232\" data-element_type=\"widget\" data-e-type=\"widget\" data-widget_type=\"text-editor.default\">\n\t\t\t\t<div class=\"elementor-widget-container\">\n\t\t\t\t\t\t\t\t\t<p>La caduta di Antonio Maceo rappresent\u00f2 per molti una profonda frattura nell'ultimo tentativo di raggiungere l'indipendenza dell'isola di Cuba alla fine del XIX secolo. Quel momento fu catturato in un dipinto di un veterano della guerra, commissionato dalle nuove \u00e9lite nazionaliste che stavano emergendo nella giovane nazione. Si tratta di uno dei primi episodi di manipolazione storica a Cuba, che segna l'inizio di un'epoca di intervento sulle rappresentazioni del passato per legittimare il potere.<\/p><p>Questo progetto affronta l'evento attraverso la controversia che circonda il famoso dipinto. <em>Rettifiche...<\/em> articola un insieme di opere che, a diversi livelli, problematizzano gli archetipi della cubanit\u00e0 nelle sue prime formulazioni visive, la costruzione della storia e i suoi meccanismi di manipolazione, nonch\u00e9 il paesaggio inteso come sfondo della narrazione storica e la sua dimensione poetica.<\/p>\t\t\t\t\t\t\t\t<\/div>\n\t\t\t\t<\/div>\n\t\t\t\t<div class=\"elementor-element elementor-element-6e5de509 elementor-align-left elementor-widget elementor-widget-button\" data-id=\"6e5de509\" data-element_type=\"widget\" data-e-type=\"widget\" data-widget_type=\"button.default\">\n\t\t\t\t<div class=\"elementor-widget-container\">\n\t\t\t\t\t\t\t\t\t<div class=\"elementor-button-wrapper\">\n\t\t\t\t\t<a class=\"elementor-button elementor-size-sm\" role=\"button\">\n\t\t\t\t\t\t<span class=\"elementor-button-content-wrapper\">\n\t\t\t\t\t\t\t\t\t<span class=\"elementor-button-text\">Richiesta di informazioni<\/span>\n\t\t\t\t\t<\/span>\n\t\t\t\t\t<\/a>\n\t\t\t\t<\/div>\n\t\t\t\t\t\t\t\t<\/div>\n\t\t\t\t<\/div>\n\t\t\t\t<\/div>\n\t\t\t\t<\/div>\n\t\t\t\t<\/div>","protected":false},"excerpt":{"rendered":"<p>Rectificaciones a la obra de Armando Menocal, 2013 &#8211; 2017 \u00d3leo sobre tela. Instalaci\u00f3n La ca\u00edda de Antonio Maceo supuso una profunda fractura para muchos en el marco del \u00faltimo intento por alcanzar la independencia de la Isla de Cuba a finales del siglo XIX. Aquel momento fue plasmado en una pintura realizada por un [&hellip;]<\/p>\n","protected":false},"author":1,"featured_media":18812,"parent":0,"menu_order":0,"comment_status":"closed","ping_status":"closed","template":"","meta":{"_acf_changed":false,"footnotes":"","_links_to":"","_links_to_target":""},"categories":[47],"tags":[65],"class_list":["post-18827","page","type-page","status-publish","has-post-thumbnail","hentry","category-jose-manuel-mesias","tag-obra","post","post-with-thumbnail","post-with-thumbnail-large"],"acf":[],"aioseo_notices":[],"_links":{"self":[{"href":"https:\/\/artapartamento.com\/it\/wp-json\/wp\/v2\/pages\/18827","targetHints":{"allow":["GET"]}}],"collection":[{"href":"https:\/\/artapartamento.com\/it\/wp-json\/wp\/v2\/pages"}],"about":[{"href":"https:\/\/artapartamento.com\/it\/wp-json\/wp\/v2\/types\/page"}],"author":[{"embeddable":true,"href":"https:\/\/artapartamento.com\/it\/wp-json\/wp\/v2\/users\/1"}],"replies":[{"embeddable":true,"href":"https:\/\/artapartamento.com\/it\/wp-json\/wp\/v2\/comments?post=18827"}],"version-history":[{"count":0,"href":"https:\/\/artapartamento.com\/it\/wp-json\/wp\/v2\/pages\/18827\/revisions"}],"wp:featuredmedia":[{"embeddable":true,"href":"https:\/\/artapartamento.com\/it\/wp-json\/wp\/v2\/media\/18812"}],"wp:attachment":[{"href":"https:\/\/artapartamento.com\/it\/wp-json\/wp\/v2\/media?parent=18827"}],"wp:term":[{"taxonomy":"category","embeddable":true,"href":"https:\/\/artapartamento.com\/it\/wp-json\/wp\/v2\/categories?post=18827"},{"taxonomy":"post_tag","embeddable":true,"href":"https:\/\/artapartamento.com\/it\/wp-json\/wp\/v2\/tags?post=18827"}],"curies":[{"name":"wp","href":"https:\/\/api.w.org\/{rel}","templated":true}]}}