{"id":18722,"date":"2026-01-24T12:14:12","date_gmt":"2026-01-24T11:14:12","guid":{"rendered":"https:\/\/artapartamento.com\/?page_id=18722"},"modified":"2026-01-24T12:49:12","modified_gmt":"2026-01-24T11:49:12","slug":"un-giorno-felice","status":"publish","type":"page","link":"https:\/\/artapartamento.com\/it\/a-happy-day\/","title":{"rendered":"Un giorno felice"},"content":{"rendered":"<div data-elementor-type=\"wp-page\" data-elementor-id=\"18722\" class=\"elementor elementor-18722\" data-elementor-post-type=\"page\">\n\t\t\t\t<div class=\"elementor-element elementor-element-68a62ff1 e-con-full e-flex e-con e-parent\" data-id=\"68a62ff1\" data-element_type=\"container\" data-e-type=\"container\" data-settings=\"{&quot;background_background&quot;:&quot;classic&quot;}\">\n\t\t<div class=\"elementor-element elementor-element-75feb5d5 e-con-full e-flex e-con e-child\" data-id=\"75feb5d5\" data-element_type=\"container\" data-e-type=\"container\">\n\t\t\t\t<div class=\"elementor-element elementor-element-5cea6dbd elementor-widget elementor-widget-image-carousel\" data-id=\"5cea6dbd\" data-element_type=\"widget\" data-e-type=\"widget\" data-settings=\"{&quot;slides_to_show&quot;:&quot;1&quot;,&quot;navigation&quot;:&quot;none&quot;,&quot;autoplay&quot;:&quot;yes&quot;,&quot;pause_on_hover&quot;:&quot;yes&quot;,&quot;pause_on_interaction&quot;:&quot;yes&quot;,&quot;autoplay_speed&quot;:5000,&quot;infinite&quot;:&quot;yes&quot;,&quot;effect&quot;:&quot;slide&quot;,&quot;speed&quot;:500}\" data-widget_type=\"image-carousel.default\">\n\t\t\t\t<div class=\"elementor-widget-container\">\n\t\t\t\t\t\t\t<div class=\"elementor-image-carousel-wrapper swiper\" role=\"region\" aria-roledescription=\"carousel\" aria-label=\"Carosello di immagini\" dir=\"ltr\">\n\t\t\t<div class=\"elementor-image-carousel swiper-wrapper swiper-image-stretch\" aria-live=\"off\">\n\t\t\t\t\t\t\t\t<div class=\"swiper-slide\" role=\"group\" aria-roledescription=\"slide\" aria-label=\"1 de 1\" data-no-translation-aria-label=\"\"><a data-elementor-open-lightbox=\"yes\" data-elementor-lightbox-slideshow=\"5cea6dbd\" data-e-action-hash=\"#elementor-action%3Aaction%3Dlightbox%26settings%3DeyJpZCI6MTg3MDksInVybCI6Imh0dHBzOlwvXC9hcnRhcGFydGFtZW50by5jb21cL3dwLWNvbnRlbnRcL3VwbG9hZHNcLzIwMjZcLzAxXC9lbm1hcmNhZG9fZWRpY2lvbmVzNC1zY2FsZWQuanBnLndlYnAiLCJzbGlkZXNob3ciOiI1Y2VhNmRiZCJ9\" href=\"https:\/\/artapartamento.com\/wp-content\/uploads\/2026\/01\/enmarcado_ediciones4-scaled.jpg.webp\"><figure class=\"swiper-slide-inner\"><img decoding=\"async\" class=\"swiper-slide-image\" src=\"https:\/\/artapartamento.com\/wp-content\/uploads\/2026\/01\/enmarcado_ediciones4-scaled.jpg.webp\" alt=\"Novo_Edizioni\" \/><\/figure><\/a><\/div>\t\t\t<\/div>\n\t\t\t\t\t<\/div>\n\t\t\t\t\t\t<\/div>\n\t\t\t\t<\/div>\n\t\t\t\t<\/div>\n\t\t<div class=\"elementor-element elementor-element-356a719e e-con-full e-flex e-con e-child\" data-id=\"356a719e\" data-element_type=\"container\" data-e-type=\"container\">\n\t\t\t\t<div class=\"elementor-element elementor-element-1cbe5d31 elementor-widget elementor-widget-heading\" data-id=\"1cbe5d31\" data-element_type=\"widget\" data-e-type=\"widget\" data-widget_type=\"heading.default\">\n\t\t\t\t<div class=\"elementor-widget-container\">\n\t\t\t\t\t<h2 class=\"elementor-heading-title elementor-size-default\">Reynier Leyva Novo<\/h2>\t\t\t\t<\/div>\n\t\t\t\t<\/div>\n\t\t\t\t<div class=\"elementor-element elementor-element-3c06db77 elementor-widget elementor-widget-text-editor\" data-id=\"3c06db77\" data-element_type=\"widget\" data-e-type=\"widget\" data-widget_type=\"text-editor.default\">\n\t\t\t\t<div class=\"elementor-widget-container\">\n\t\t\t\t\t\t\t\t\t<p><i>Un giorno felice,<\/i> 2025<br \/><span lang=\"ES-AR\">Stampa serigrafica manuale su carta da 320 g\/m\u00b2<\/span><br \/>50 \u00d7 35 cm (19,69 \u00d7 13,78 in)<br \/>Edizione di 50 + 2 P\/A<\/p><p><b><span lang=\"ES-AR\">Stampante master: <\/span><\/b>Nacho Ramos<\/p>\t\t\t\t\t\t\t\t<\/div>\n\t\t\t\t<\/div>\n\t\t\t\t<div class=\"elementor-element elementor-element-b964ca1 elementor-widget elementor-widget-text-editor\" data-id=\"b964ca1\" data-element_type=\"widget\" data-e-type=\"widget\" data-widget_type=\"text-editor.default\">\n\t\t\t\t<div class=\"elementor-widget-container\">\n\t\t\t\t\t\t\t\t\t<h6>Scheda tecnica della carta utilizzata<\/h6><p>L'edizione \u00e8 stata stampata su <strong>Carta Freelife Vellum 320 gsm<\/strong>, una carta di alta qualit\u00e0 composta da 55% di pura cellulosa certificata FSC\u00ae, 40% di fibre riciclate certificate FSC\u00ae e 5% di fibre di cotone. Questa composizione garantisce stabilit\u00e0 strutturale, resistenza e corposit\u00e0, pur introducendo leggere variazioni tonali e piccole irregolarit\u00e0 tipiche delle carte ad alto contenuto di riciclato.<\/p><p style=\"font-weight: 400;\">La sua superficie macroporosa e leggermente pergamenata favorisce un'ottima ricezione dell'inchiostro serigrafico a base d'acqua, consentendo una buona carica, contrasto e profondit\u00e0 senza perdita di definizione. La scelta di questo supporto rafforza il carattere processuale della serie e stabilisce una coerenza materiale tra immagine, tecnica e concetto.<\/p><h6><strong>Scheda metodologica (retini e stampa)<\/strong><\/h6><p style=\"font-weight: 400;\">Edizione serigrafica di 50 copie, concepita secondo criteri di controllo tecnico, stabilit\u00e0 del supporto e definizione formale. La metodologia \u00e8 orientata verso una grafica precisa, senza variazioni tra le copie come risorsa estetica.<\/p><h6><strong>I materiali<\/strong><\/h6><p><strong>Inchiostri:<\/strong> a base d'acqua<br \/><strong>Visualizza:<\/strong> 120 e 100 mesh\/cm<br \/><strong>Emulsione:<\/strong> emulsione fotopolimerica ad alta definizione<br \/><strong>Racleta:<\/strong> durezza media (circa 75 shore)<\/p><h6><strong>Processo di stampa<\/strong><\/h6><p style=\"font-weight: 400;\">La stampa \u00e8 stata eseguita in un unico passaggio. La pressione, l'angolo della racla e il livello di umidit\u00e0 sono stati controllati per garantire la coerenza del colore, la stabilit\u00e0 dimensionale della carta e l'uniformit\u00e0 tra le copie.<br \/>Il processo privilegia la chiarezza formale, la pulizia dell'immagine e il controllo tecnico come valori strutturali dell'opera.<\/p>\t\t\t\t\t\t\t\t<\/div>\n\t\t\t\t<\/div>\n\t\t\t\t<div class=\"elementor-element elementor-element-92df0c9 elementor-align-left elementor-widget elementor-widget-button\" data-id=\"92df0c9\" data-element_type=\"widget\" data-e-type=\"widget\" data-widget_type=\"button.default\">\n\t\t\t\t<div class=\"elementor-widget-container\">\n\t\t\t\t\t\t\t\t\t<div class=\"elementor-button-wrapper\">\n\t\t\t\t\t<a class=\"elementor-button elementor-size-sm\" role=\"button\">\n\t\t\t\t\t\t<span class=\"elementor-button-content-wrapper\">\n\t\t\t\t\t\t\t\t\t<span class=\"elementor-button-text\">Richiesta di informazioni<\/span>\n\t\t\t\t\t<\/span>\n\t\t\t\t\t<\/a>\n\t\t\t\t<\/div>\n\t\t\t\t\t\t\t\t<\/div>\n\t\t\t\t<\/div>\n\t\t\t\t<\/div>\n\t\t\t\t<\/div>\n\t\t\t\t<\/div>","protected":false},"excerpt":{"rendered":"<p>Reynier Leyva Novo A Happy Day, 2025Serigraf\u00eda manual sobre papel 320 gr50 \u00d7 35 cm (19,69 \u00d7 13,78 in)Edici\u00f3n de 50 + 2 P\/A Maestro impresor: Nacho Ramos Ficha t\u00e9cnica del papel utilizado La edici\u00f3n ha sido estampada sobre papel Freelife Vellum de 320 g\/m\u00b2, un papel de alta calidad compuesto por 55% de pura [&hellip;]<\/p>\n","protected":false},"author":1,"featured_media":18709,"parent":0,"menu_order":0,"comment_status":"closed","ping_status":"closed","template":"","meta":{"_acf_changed":false,"footnotes":"","_links_to":"","_links_to_target":""},"categories":[95],"tags":[65],"class_list":["post-18722","page","type-page","status-publish","has-post-thumbnail","hentry","category-ediciones","tag-obra","post","post-with-thumbnail","post-with-thumbnail-large"],"acf":[],"aioseo_notices":[],"_links":{"self":[{"href":"https:\/\/artapartamento.com\/it\/wp-json\/wp\/v2\/pages\/18722","targetHints":{"allow":["GET"]}}],"collection":[{"href":"https:\/\/artapartamento.com\/it\/wp-json\/wp\/v2\/pages"}],"about":[{"href":"https:\/\/artapartamento.com\/it\/wp-json\/wp\/v2\/types\/page"}],"author":[{"embeddable":true,"href":"https:\/\/artapartamento.com\/it\/wp-json\/wp\/v2\/users\/1"}],"replies":[{"embeddable":true,"href":"https:\/\/artapartamento.com\/it\/wp-json\/wp\/v2\/comments?post=18722"}],"version-history":[{"count":0,"href":"https:\/\/artapartamento.com\/it\/wp-json\/wp\/v2\/pages\/18722\/revisions"}],"wp:featuredmedia":[{"embeddable":true,"href":"https:\/\/artapartamento.com\/it\/wp-json\/wp\/v2\/media\/18709"}],"wp:attachment":[{"href":"https:\/\/artapartamento.com\/it\/wp-json\/wp\/v2\/media?parent=18722"}],"wp:term":[{"taxonomy":"category","embeddable":true,"href":"https:\/\/artapartamento.com\/it\/wp-json\/wp\/v2\/categories?post=18722"},{"taxonomy":"post_tag","embeddable":true,"href":"https:\/\/artapartamento.com\/it\/wp-json\/wp\/v2\/tags?post=18722"}],"curies":[{"name":"wp","href":"https:\/\/api.w.org\/{rel}","templated":true}]}}