{"id":1353,"date":"2022-09-09T18:36:00","date_gmt":"2022-09-09T16:36:00","guid":{"rendered":"https:\/\/artapartamento.com\/?page_id=1353"},"modified":"2023-11-07T03:05:41","modified_gmt":"2023-11-07T02:05:41","slug":"la-mostra-armory-2022","status":"publish","type":"page","link":"https:\/\/artapartamento.com\/it\/ferias\/the-armory-show-2022\/","title":{"rendered":"The Armory Show, 2022"},"content":{"rendered":"<div data-elementor-type=\"wp-page\" data-elementor-id=\"1353\" class=\"elementor elementor-1353\" data-elementor-post-type=\"page\">\n\t\t\t\t<div class=\"elementor-element elementor-element-5227cee1 e-con-full e-flex e-con e-parent\" data-id=\"5227cee1\" data-element_type=\"container\" data-e-type=\"container\" data-settings=\"{&quot;background_background&quot;:&quot;classic&quot;}\">\n\t\t<div class=\"elementor-element elementor-element-5fa3b31f e-con-full e-flex e-con e-child\" data-id=\"5fa3b31f\" data-element_type=\"container\" data-e-type=\"container\">\n\t\t\t\t<div class=\"elementor-element elementor-element-1c00278d elementor-invisible elementor-widget elementor-widget-heading\" data-id=\"1c00278d\" data-element_type=\"widget\" data-e-type=\"widget\" data-settings=\"{&quot;_animation&quot;:&quot;fadeInUp&quot;}\" data-widget_type=\"heading.default\">\n\t\t\t\t<div class=\"elementor-widget-container\">\n\t\t\t\t\t<h2 class=\"elementor-heading-title elementor-size-default\">The Armory Show, 2022<\/h2>\t\t\t\t<\/div>\n\t\t\t\t<\/div>\n\t\t\t\t<div class=\"elementor-element elementor-element-5fa94b3a elementor-invisible elementor-widget elementor-widget-heading\" data-id=\"5fa94b3a\" data-element_type=\"widget\" data-e-type=\"widget\" data-settings=\"{&quot;_animation&quot;:&quot;fadeInUp&quot;}\" data-widget_type=\"heading.default\">\n\t\t\t\t<div class=\"elementor-widget-container\">\n\t\t\t\t\t<h2 class=\"elementor-heading-title elementor-size-default\">Reynier Leyva Novo<\/h2>\t\t\t\t<\/div>\n\t\t\t\t<\/div>\n\t\t\t\t<div class=\"elementor-element elementor-element-440e9cc elementor-invisible elementor-widget elementor-widget-text-editor\" data-id=\"440e9cc\" data-element_type=\"widget\" data-e-type=\"widget\" data-settings=\"{&quot;_animation&quot;:&quot;fadeInUp&quot;}\" data-widget_type=\"text-editor.default\">\n\t\t\t\t<div class=\"elementor-widget-container\">\n\t\t\t\t\t\t\t\t\t<p>9 - 11 settembre 2022<\/p><p class=\"title-place\">Centro Javits, New York<\/p>\t\t\t\t\t\t\t\t<\/div>\n\t\t\t\t<\/div>\n\t\t\t\t<\/div>\n\t\t\t\t<\/div>\n\t\t<div class=\"elementor-element elementor-element-6c555c68 e-con-full e-flex e-con e-parent\" data-id=\"6c555c68\" data-element_type=\"container\" data-e-type=\"container\" data-settings=\"{&quot;background_background&quot;:&quot;classic&quot;}\">\n\t\t\t\t<div class=\"elementor-element elementor-element-3d1e1ef3 animated-slow elementor-invisible elementor-widget elementor-widget-image\" data-id=\"3d1e1ef3\" data-element_type=\"widget\" data-e-type=\"widget\" data-settings=\"{&quot;_animation&quot;:&quot;fadeInUp&quot;}\" data-widget_type=\"image.default\">\n\t\t\t\t<div class=\"elementor-widget-container\">\n\t\t\t\t\t\t\t\t\t\t\t\t\t\t\t<img fetchpriority=\"high\" decoding=\"async\" width=\"450\" height=\"340\" src=\"https:\/\/artapartamento.com\/wp-content\/uploads\/2023\/11\/The-Army-Show-2022.jpeg.webp\" class=\"attachment-full size-full wp-image-4635\" alt=\"Il Salone dell&#039;Esercito 2022\" srcset=\"https:\/\/artapartamento.com\/wp-content\/uploads\/2023\/11\/The-Army-Show-2022.jpeg.webp 450w, https:\/\/artapartamento.com\/wp-content\/uploads\/2023\/11\/The-Army-Show-2022-300x227.jpeg.webp 300w, https:\/\/artapartamento.com\/wp-content\/uploads\/2023\/11\/The-Army-Show-2022-16x12.jpeg.webp 16w\" sizes=\"(max-width: 450px) 100vw, 450px\" \/>\t\t\t\t\t\t\t\t\t\t\t\t\t\t\t<\/div>\n\t\t\t\t<\/div>\n\t\t\t\t<\/div>\n\t\t<div class=\"elementor-element elementor-element-108d4814 e-con-full e-flex e-con e-parent\" data-id=\"108d4814\" data-element_type=\"container\" data-e-type=\"container\" data-settings=\"{&quot;background_background&quot;:&quot;classic&quot;}\">\n\t\t<div class=\"elementor-element elementor-element-267e7a90 e-con-full e-flex e-con e-child\" data-id=\"267e7a90\" data-element_type=\"container\" data-e-type=\"container\" data-settings=\"{&quot;background_background&quot;:&quot;classic&quot;}\">\n\t\t\t\t<div class=\"elementor-element elementor-element-b807191 elementor-invisible elementor-widget elementor-widget-heading\" data-id=\"b807191\" data-element_type=\"widget\" data-e-type=\"widget\" data-settings=\"{&quot;_animation&quot;:&quot;fadeInUp&quot;}\" data-widget_type=\"heading.default\">\n\t\t\t\t<div class=\"elementor-widget-container\">\n\t\t\t\t\t<h2 class=\"elementor-heading-title elementor-size-default\">opere<\/h2>\t\t\t\t<\/div>\n\t\t\t\t<\/div>\n\t\t\t\t<\/div>\n\t\t\t\t<\/div>\n\t\t<div class=\"elementor-element elementor-element-36b77f74 e-con-full e-flex e-con e-parent\" data-id=\"36b77f74\" data-element_type=\"container\" data-e-type=\"container\" data-settings=\"{&quot;background_background&quot;:&quot;classic&quot;}\">\n\t\t<div class=\"elementor-element elementor-element-3c314728 e-flex e-con-boxed elementor-invisible e-con e-child\" data-id=\"3c314728\" data-element_type=\"container\" data-e-type=\"container\" data-settings=\"{&quot;animation&quot;:&quot;fadeInUp&quot;}\">\n\t\t\t\t\t<div class=\"e-con-inner\">\n\t\t\t\t<div class=\"elementor-element elementor-element-ea0871d elementor-widget elementor-widget-image\" data-id=\"ea0871d\" data-element_type=\"widget\" data-e-type=\"widget\" data-widget_type=\"image.default\">\n\t\t\t\t<div class=\"elementor-widget-container\">\n\t\t\t\t\t\t\t\t\t\t\t\t\t\t\t\t<a href=\"https:\/\/artapartamento.com\/wp-content\/uploads\/2023\/11\/The-Army-Show-01.jpeg.webp\" data-elementor-open-lightbox=\"yes\" data-e-action-hash=\"#elementor-action%3Aaction%3Dlightbox%26settings%3DeyJpZCI6NDY0MSwidXJsIjoiaHR0cHM6XC9cL2FydGFwYXJ0YW1lbnRvLmNvbVwvd3AtY29udGVudFwvdXBsb2Fkc1wvMjAyM1wvMTFcL1RoZS1Bcm15LVNob3ctMDEuanBlZy53ZWJwIn0%3D\">\n\t\t\t\t\t\t\t<img decoding=\"async\" width=\"1600\" height=\"1211\" src=\"https:\/\/artapartamento.com\/wp-content\/uploads\/2023\/11\/The-Army-Show-01.jpeg.webp\" class=\"attachment-full size-full wp-image-4641\" alt=\"Reynier Leyva Novo\" srcset=\"https:\/\/artapartamento.com\/wp-content\/uploads\/2023\/11\/The-Army-Show-01.jpeg.webp 1600w, https:\/\/artapartamento.com\/wp-content\/uploads\/2023\/11\/The-Army-Show-01-300x227.jpeg.webp 300w, https:\/\/artapartamento.com\/wp-content\/uploads\/2023\/11\/The-Army-Show-01-1024x775.jpeg.webp 1024w, https:\/\/artapartamento.com\/wp-content\/uploads\/2023\/11\/The-Army-Show-01-768x581.jpeg.webp 768w, https:\/\/artapartamento.com\/wp-content\/uploads\/2023\/11\/The-Army-Show-01-1536x1163.jpeg.webp 1536w, https:\/\/artapartamento.com\/wp-content\/uploads\/2023\/11\/The-Army-Show-01-16x12.jpeg.webp 16w\" sizes=\"(max-width: 1600px) 100vw, 1600px\" \/>\t\t\t\t\t\t\t\t<\/a>\n\t\t\t\t\t\t\t\t\t\t\t\t\t\t\t<\/div>\n\t\t\t\t<\/div>\n\t\t\t\t<div class=\"elementor-element elementor-element-3e72a796 elementor-hidden-desktop elementor-hidden-tablet elementor-widget elementor-widget-text-editor\" data-id=\"3e72a796\" data-element_type=\"widget\" data-e-type=\"widget\" data-widget_type=\"text-editor.default\">\n\t\t\t\t<div class=\"elementor-widget-container\">\n\t\t\t\t\t\t\t\t\tReynier Leyva Novo<br>\nCi\u00f2 che \u00e8, \u00e8 ci\u00f2 che \u00e8 stato,\n2022<br>\nScultura in gesso<br>\n300 x 200 x 200 cm\t\t\t\t\t\t\t\t<\/div>\n\t\t\t\t<\/div>\n\t\t\t\t\t<\/div>\n\t\t\t\t<\/div>\n\t\t<div class=\"elementor-element elementor-element-7da3096b e-flex e-con-boxed elementor-invisible e-con e-child\" data-id=\"7da3096b\" data-element_type=\"container\" data-e-type=\"container\" data-settings=\"{&quot;animation&quot;:&quot;fadeInUp&quot;}\">\n\t\t\t\t\t<div class=\"e-con-inner\">\n\t\t\t\t\t<\/div>\n\t\t\t\t<\/div>\n\t\t<div class=\"elementor-element elementor-element-51c492c5 e-flex e-con-boxed elementor-invisible e-con e-child\" data-id=\"51c492c5\" data-element_type=\"container\" data-e-type=\"container\" data-settings=\"{&quot;animation&quot;:&quot;fadeInUp&quot;}\">\n\t\t\t\t\t<div class=\"e-con-inner\">\n\t\t\t\t\t<\/div>\n\t\t\t\t<\/div>\n\t\t\t\t<\/div>\n\t\t<div class=\"elementor-element elementor-element-aa168b8 e-con-full elementor-hidden-mobile e-flex e-con e-parent\" data-id=\"aa168b8\" data-element_type=\"container\" data-e-type=\"container\" data-settings=\"{&quot;background_background&quot;:&quot;classic&quot;}\">\n\t\t<div class=\"elementor-element elementor-element-33e11ff e-flex e-con-boxed elementor-invisible e-con e-child\" data-id=\"33e11ff\" data-element_type=\"container\" data-e-type=\"container\" data-settings=\"{&quot;animation&quot;:&quot;fadeIn&quot;}\">\n\t\t\t\t\t<div class=\"e-con-inner\">\n\t\t\t\t<div class=\"elementor-element elementor-element-a072147 elementor-widget elementor-widget-text-editor\" data-id=\"a072147\" data-element_type=\"widget\" data-e-type=\"widget\" data-widget_type=\"text-editor.default\">\n\t\t\t\t<div class=\"elementor-widget-container\">\n\t\t\t\t\t\t\t\t\tReynier Leyva Novo<br>\nCi\u00f2 che \u00e8, \u00e8 ci\u00f2 che \u00e8 stato,\n2022<br>\nScultura in gesso<br>\n300 x 200 x 200 cm\t\t\t\t\t\t\t\t<\/div>\n\t\t\t\t<\/div>\n\t\t\t\t\t<\/div>\n\t\t\t\t<\/div>\n\t\t<div class=\"elementor-element elementor-element-eefac6f e-flex e-con-boxed elementor-invisible e-con e-child\" data-id=\"eefac6f\" data-element_type=\"container\" data-e-type=\"container\" data-settings=\"{&quot;animation&quot;:&quot;fadeIn&quot;}\">\n\t\t\t\t\t<div class=\"e-con-inner\">\n\t\t\t\t\t<\/div>\n\t\t\t\t<\/div>\n\t\t<div class=\"elementor-element elementor-element-5f8e5b3 e-flex e-con-boxed elementor-invisible e-con e-child\" data-id=\"5f8e5b3\" data-element_type=\"container\" data-e-type=\"container\" data-settings=\"{&quot;animation&quot;:&quot;fadeIn&quot;}\">\n\t\t\t\t\t<div class=\"e-con-inner\">\n\t\t\t\t\t<\/div>\n\t\t\t\t<\/div>\n\t\t\t\t<\/div>\n\t\t\t\t<\/div>","protected":false},"excerpt":{"rendered":"<p>Reynier Leyva Novo<\/p>\n<p>9 - 11 settembre 2022<\/p>","protected":false},"author":1,"featured_media":4635,"parent":27,"menu_order":0,"comment_status":"closed","ping_status":"closed","template":"","meta":{"_acf_changed":false,"footnotes":"","_links_to":"","_links_to_target":""},"categories":[21],"tags":[28],"class_list":["post-1353","page","type-page","status-publish","has-post-thumbnail","hentry","category-ferias","tag-feria-2022","post","post-with-thumbnail","post-with-thumbnail-large"],"acf":[],"aioseo_notices":[],"_links":{"self":[{"href":"https:\/\/artapartamento.com\/it\/wp-json\/wp\/v2\/pages\/1353","targetHints":{"allow":["GET"]}}],"collection":[{"href":"https:\/\/artapartamento.com\/it\/wp-json\/wp\/v2\/pages"}],"about":[{"href":"https:\/\/artapartamento.com\/it\/wp-json\/wp\/v2\/types\/page"}],"author":[{"embeddable":true,"href":"https:\/\/artapartamento.com\/it\/wp-json\/wp\/v2\/users\/1"}],"replies":[{"embeddable":true,"href":"https:\/\/artapartamento.com\/it\/wp-json\/wp\/v2\/comments?post=1353"}],"version-history":[{"count":0,"href":"https:\/\/artapartamento.com\/it\/wp-json\/wp\/v2\/pages\/1353\/revisions"}],"up":[{"embeddable":true,"href":"https:\/\/artapartamento.com\/it\/wp-json\/wp\/v2\/pages\/27"}],"wp:featuredmedia":[{"embeddable":true,"href":"https:\/\/artapartamento.com\/it\/wp-json\/wp\/v2\/media\/4635"}],"wp:attachment":[{"href":"https:\/\/artapartamento.com\/it\/wp-json\/wp\/v2\/media?parent=1353"}],"wp:term":[{"taxonomy":"category","embeddable":true,"href":"https:\/\/artapartamento.com\/it\/wp-json\/wp\/v2\/categories?post=1353"},{"taxonomy":"post_tag","embeddable":true,"href":"https:\/\/artapartamento.com\/it\/wp-json\/wp\/v2\/tags?post=1353"}],"curies":[{"name":"wp","href":"https:\/\/api.w.org\/{rel}","templated":true}]}}