{"id":9711,"date":"2024-03-26T12:46:28","date_gmt":"2024-03-26T11:46:28","guid":{"rendered":"https:\/\/artapartamento.com\/?page_id=9711"},"modified":"2024-03-26T12:51:28","modified_gmt":"2024-03-26T11:51:28","slug":"untitled-from-the-series-plastic-surgery-2","status":"publish","type":"page","link":"https:\/\/artapartamento.com\/fr\/artistas\/arles-del-rio-2\/untitled-de-la-serie-plastic-surgery-2\/","title":{"rendered":"Sans titre, de la s\u00e9rie Plastic Surgery"},"content":{"rendered":"<div data-elementor-type=\"wp-page\" data-elementor-id=\"9711\" class=\"elementor elementor-9711\" data-elementor-post-type=\"page\">\n\t\t\t\t<div class=\"elementor-element elementor-element-5e392044 e-con-full e-flex e-con e-parent\" data-id=\"5e392044\" data-element_type=\"container\" data-e-type=\"container\" data-settings=\"{&quot;background_background&quot;:&quot;classic&quot;}\">\n\t\t<div class=\"elementor-element elementor-element-7d19cebe e-con-full e-flex e-con e-child\" data-id=\"7d19cebe\" data-element_type=\"container\" data-e-type=\"container\">\n\t\t\t\t<div class=\"elementor-element elementor-element-1d372ca6 elementor-widget elementor-widget-image-carousel\" data-id=\"1d372ca6\" data-element_type=\"widget\" data-e-type=\"widget\" data-settings=\"{&quot;slides_to_show&quot;:&quot;1&quot;,&quot;navigation&quot;:&quot;none&quot;,&quot;autoplay&quot;:&quot;yes&quot;,&quot;pause_on_hover&quot;:&quot;yes&quot;,&quot;pause_on_interaction&quot;:&quot;yes&quot;,&quot;autoplay_speed&quot;:5000,&quot;infinite&quot;:&quot;yes&quot;,&quot;effect&quot;:&quot;slide&quot;,&quot;speed&quot;:500}\" data-widget_type=\"image-carousel.default\">\n\t\t\t\t<div class=\"elementor-widget-container\">\n\t\t\t\t\t\t\t<div class=\"elementor-image-carousel-wrapper swiper\" role=\"region\" aria-roledescription=\"carousel\" aria-label=\"Carrousel d&#039;images\" dir=\"ltr\">\n\t\t\t<div class=\"elementor-image-carousel swiper-wrapper swiper-image-stretch\" aria-live=\"off\">\n\t\t\t\t\t\t\t\t<div class=\"swiper-slide\" role=\"group\" aria-roledescription=\"slide\" aria-label=\"1 de 2\"><a data-elementor-open-lightbox=\"yes\" data-elementor-lightbox-slideshow=\"1d372ca6\" data-e-action-hash=\"#elementor-action%3Aaction%3Dlightbox%26settings%3DeyJpZCI6OTcxNSwidXJsIjoiaHR0cHM6XC9cL2FydGFwYXJ0YW1lbnRvLmNvbVwvd3AtY29udGVudFwvdXBsb2Fkc1wvMjAyNFwvMDNcL0NQLTE3MC14LTEyMC0yMDE5LXNjYWxlZC5qcGciLCJzbGlkZXNob3ciOiIxZDM3MmNhNiJ9\" href=\"https:\/\/artapartamento.com\/wp-content\/uploads\/2024\/03\/CP-170-x-120-2019-scaled.jpg\"><figure class=\"swiper-slide-inner\"><img decoding=\"async\" class=\"swiper-slide-image\" src=\"https:\/\/artapartamento.com\/wp-content\/uploads\/2024\/03\/CP-170-x-120-2019-scaled.jpg\" alt=\"Arles del Rio\" \/><\/figure><\/a><\/div><div class=\"swiper-slide\" role=\"group\" aria-roledescription=\"slide\" aria-label=\"2 de 2\"><a data-elementor-open-lightbox=\"yes\" data-elementor-lightbox-slideshow=\"1d372ca6\" data-e-action-hash=\"#elementor-action%3Aaction%3Dlightbox%26settings%3DeyJpZCI6OTcxOSwidXJsIjoiaHR0cHM6XC9cL2FydGFwYXJ0YW1lbnRvLmNvbVwvd3AtY29udGVudFwvdXBsb2Fkc1wvMjAyNFwvMDNcL0NQLTE3MC14LTEyMC0yMDE5Qi5qcGcud2VicCIsInNsaWRlc2hvdyI6IjFkMzcyY2E2In0%3D\" href=\"https:\/\/artapartamento.com\/wp-content\/uploads\/2024\/03\/CP-170-x-120-2019B.jpg.webp\"><figure class=\"swiper-slide-inner\"><img decoding=\"async\" class=\"swiper-slide-image\" src=\"https:\/\/artapartamento.com\/wp-content\/uploads\/2024\/03\/CP-170-x-120-2019B.jpg.webp\" alt=\"Arles del Rio\" \/><\/figure><\/a><\/div>\t\t\t<\/div>\n\t\t\t\t\t\t\t\n\t\t\t\t\t\t\t\t\t<\/div>\n\t\t\t\t\t\t<\/div>\n\t\t\t\t<\/div>\n\t\t\t\t<\/div>\n\t\t<div class=\"elementor-element elementor-element-75e96bf2 e-con-full e-flex e-con e-child\" data-id=\"75e96bf2\" data-element_type=\"container\" data-e-type=\"container\">\n\t\t\t\t<div class=\"elementor-element elementor-element-13b6bcb2 elementor-widget elementor-widget-heading\" data-id=\"13b6bcb2\" data-element_type=\"widget\" data-e-type=\"widget\" data-widget_type=\"heading.default\">\n\t\t\t\t<div class=\"elementor-widget-container\">\n\t\t\t\t\t<h2 class=\"elementor-heading-title elementor-size-default\"><a href=\"https:\/\/artapartamento.com\/fr\/category\/artistas\/arles-del-rio\/\" rel=\"tag\">Arles del Rio<\/a><\/h2>\t\t\t\t<\/div>\n\t\t\t\t<\/div>\n\t\t\t\t<div class=\"elementor-element elementor-element-1da7e3b1 elementor-widget elementor-widget-text-editor\" data-id=\"1da7e3b1\" data-element_type=\"widget\" data-e-type=\"widget\" data-widget_type=\"text-editor.default\">\n\t\t\t\t<div class=\"elementor-widget-container\">\n\t\t\t\t\t\t\t\t\t<p>Sans titre, de la s\u00e9rie Plastic Surgery,<br \/>2019 <br \/>Technique mixte sur toile<br \/>170 x 120 cm (67 x 47.2 in)<\/p>\t\t\t\t\t\t\t\t<\/div>\n\t\t\t\t<\/div>\n\t\t\t\t<div class=\"elementor-element elementor-element-66db4977 elementor-widget elementor-widget-text-editor\" data-id=\"66db4977\" data-element_type=\"widget\" data-e-type=\"widget\" data-widget_type=\"text-editor.default\">\n\t\t\t\t<div class=\"elementor-widget-container\">\n\t\t\t\t\t\t\t\t\t<p>L'artiste intervient sur un groupe de toiles trouv\u00e9es par hasard. Il les d\u00e9coupe et les d\u00e9membre, relie un morceau \u00e0 un autre et dessine un nouveau sc\u00e9nario sur les restes physiques qui \u00e9taient auparavant des \"\u0153uvres d'art\" autonomes. Cet exercice de cannibalisme et de d\u00e9membrement renvoie, \u00e0 partir de la perspective mat\u00e9rielle des \u0153uvres, \u00e0 la dimension endogamique et intertextuelle de l'art en tant que processus socioculturel. Dans ce cas, le fragment fonctionne comme le fil conducteur d'une g\u00e9n\u00e9alogie artistique qui se voit elle-m\u00eame et qui voit son pass\u00e9. L'art na\u00eet de l'art.<\/p><p>\u00a0<\/p>\t\t\t\t\t\t\t\t<\/div>\n\t\t\t\t<\/div>\n\t\t\t\t<div class=\"elementor-element elementor-element-6d3fe4e2 elementor-align-left elementor-widget elementor-widget-button\" data-id=\"6d3fe4e2\" data-element_type=\"widget\" data-e-type=\"widget\" data-widget_type=\"button.default\">\n\t\t\t\t<div class=\"elementor-widget-container\">\n\t\t\t\t\t\t\t\t\t<div class=\"elementor-button-wrapper\">\n\t\t\t\t\t<a class=\"elementor-button elementor-size-sm\" role=\"button\">\n\t\t\t\t\t\t<span class=\"elementor-button-content-wrapper\">\n\t\t\t\t\t\t\t\t\t<span class=\"elementor-button-text\">Demande de renseignements<\/span>\n\t\t\t\t\t<\/span>\n\t\t\t\t\t<\/a>\n\t\t\t\t<\/div>\n\t\t\t\t\t\t\t\t<\/div>\n\t\t\t\t<\/div>\n\t\t\t\t<\/div>\n\t\t\t\t<\/div>\n\t\t\t\t<\/div>","protected":false},"excerpt":{"rendered":"<p>Untitled, de la serie Plastic Surgery,2019 T\u00e9cnica mixta sobre tela170 x 120 cm (67 x 47.2 in) El artista interviene un grupo de lienzos encontrados por casualidad. Los corta y desmembra, conecta una pieza con otra y dibuja un nuevo escenario sobre los restos f\u00edsicos que antes hab\u00edan sido \u00abobras de arte\u00bb aut\u00f3nomas. Tal ejercicio [&hellip;]<\/p>\n","protected":false},"author":1,"featured_media":9704,"parent":3189,"menu_order":0,"comment_status":"closed","ping_status":"closed","template":"","meta":{"_acf_changed":false,"footnotes":"","_links_to":"","_links_to_target":""},"categories":[43],"tags":[65],"class_list":["post-9711","page","type-page","status-publish","has-post-thumbnail","hentry","category-arles-del-rio","tag-obra","post","post-with-thumbnail","post-with-thumbnail-large"],"acf":[],"aioseo_notices":[],"_links":{"self":[{"href":"https:\/\/artapartamento.com\/fr\/wp-json\/wp\/v2\/pages\/9711","targetHints":{"allow":["GET"]}}],"collection":[{"href":"https:\/\/artapartamento.com\/fr\/wp-json\/wp\/v2\/pages"}],"about":[{"href":"https:\/\/artapartamento.com\/fr\/wp-json\/wp\/v2\/types\/page"}],"author":[{"embeddable":true,"href":"https:\/\/artapartamento.com\/fr\/wp-json\/wp\/v2\/users\/1"}],"replies":[{"embeddable":true,"href":"https:\/\/artapartamento.com\/fr\/wp-json\/wp\/v2\/comments?post=9711"}],"version-history":[{"count":0,"href":"https:\/\/artapartamento.com\/fr\/wp-json\/wp\/v2\/pages\/9711\/revisions"}],"up":[{"embeddable":true,"href":"https:\/\/artapartamento.com\/fr\/wp-json\/wp\/v2\/pages\/3189"}],"wp:featuredmedia":[{"embeddable":true,"href":"https:\/\/artapartamento.com\/fr\/wp-json\/wp\/v2\/media\/9704"}],"wp:attachment":[{"href":"https:\/\/artapartamento.com\/fr\/wp-json\/wp\/v2\/media?parent=9711"}],"wp:term":[{"taxonomy":"category","embeddable":true,"href":"https:\/\/artapartamento.com\/fr\/wp-json\/wp\/v2\/categories?post=9711"},{"taxonomy":"post_tag","embeddable":true,"href":"https:\/\/artapartamento.com\/fr\/wp-json\/wp\/v2\/tags?post=9711"}],"curies":[{"name":"wp","href":"https:\/\/api.w.org\/{rel}","templated":true}]}}