{"id":9250,"date":"2024-03-23T12:15:39","date_gmt":"2024-03-23T11:15:39","guid":{"rendered":"https:\/\/artapartamento.com\/?page_id=9250"},"modified":"2024-03-23T12:18:52","modified_gmt":"2024-03-23T11:18:52","slug":"score-3","status":"publish","type":"page","link":"https:\/\/artapartamento.com\/fr\/exposiciones\/la-sustancia-del-ser\/partitura-3\/","title":{"rendered":"Score 3"},"content":{"rendered":"<div data-elementor-type=\"wp-page\" data-elementor-id=\"9250\" class=\"elementor elementor-9250\" data-elementor-post-type=\"page\">\n\t\t\t\t<div class=\"elementor-element elementor-element-1da87fd6 e-con-full e-flex e-con e-parent\" data-id=\"1da87fd6\" data-element_type=\"container\" data-e-type=\"container\" data-settings=\"{&quot;background_background&quot;:&quot;classic&quot;}\">\n\t\t<div class=\"elementor-element elementor-element-29070d27 e-con-full e-flex e-con e-child\" data-id=\"29070d27\" data-element_type=\"container\" data-e-type=\"container\">\n\t\t\t\t<div class=\"elementor-element elementor-element-18a5c4d3 elementor-widget elementor-widget-image-carousel\" data-id=\"18a5c4d3\" data-element_type=\"widget\" data-e-type=\"widget\" data-settings=\"{&quot;slides_to_show&quot;:&quot;1&quot;,&quot;navigation&quot;:&quot;none&quot;,&quot;autoplay&quot;:&quot;yes&quot;,&quot;pause_on_hover&quot;:&quot;yes&quot;,&quot;pause_on_interaction&quot;:&quot;yes&quot;,&quot;autoplay_speed&quot;:5000,&quot;infinite&quot;:&quot;yes&quot;,&quot;effect&quot;:&quot;slide&quot;,&quot;speed&quot;:500}\" data-widget_type=\"image-carousel.default\">\n\t\t\t\t<div class=\"elementor-widget-container\">\n\t\t\t\t\t\t\t<div class=\"elementor-image-carousel-wrapper swiper\" role=\"region\" aria-roledescription=\"carousel\" aria-label=\"Carrousel d&#039;images\" dir=\"ltr\">\n\t\t\t<div class=\"elementor-image-carousel swiper-wrapper swiper-image-stretch\" aria-live=\"off\">\n\t\t\t\t\t\t\t\t<div class=\"swiper-slide\" role=\"group\" aria-roledescription=\"slide\" aria-label=\"1 de 3\"><a data-elementor-open-lightbox=\"yes\" data-elementor-lightbox-slideshow=\"18a5c4d3\" data-e-action-hash=\"#elementor-action%3Aaction%3Dlightbox%26settings%3DeyJpZCI6OTI2MSwidXJsIjoiaHR0cHM6XC9cL2FydGFwYXJ0YW1lbnRvLmNvbVwvd3AtY29udGVudFwvdXBsb2Fkc1wvMjAyNFwvMDNcLzQtMy5qcGcud2VicCIsInNsaWRlc2hvdyI6IjE4YTVjNGQzIn0%3D\" href=\"https:\/\/artapartamento.com\/wp-content\/uploads\/2024\/03\/4-3.jpg.webp\"><figure class=\"swiper-slide-inner\"><img decoding=\"async\" class=\"swiper-slide-image\" src=\"https:\/\/artapartamento.com\/wp-content\/uploads\/2024\/03\/4-3.jpg.webp\" alt=\"Alvaro Quior\" \/><\/figure><\/a><\/div><div class=\"swiper-slide\" role=\"group\" aria-roledescription=\"slide\" aria-label=\"2 de 3\"><a data-elementor-open-lightbox=\"yes\" data-elementor-lightbox-slideshow=\"18a5c4d3\" data-e-action-hash=\"#elementor-action%3Aaction%3Dlightbox%26settings%3DeyJpZCI6OTI2MywidXJsIjoiaHR0cHM6XC9cL2FydGFwYXJ0YW1lbnRvLmNvbVwvd3AtY29udGVudFwvdXBsb2Fkc1wvMjAyNFwvMDNcLzRjLmpwZy53ZWJwIiwic2xpZGVzaG93IjoiMThhNWM0ZDMifQ%3D%3D\" href=\"https:\/\/artapartamento.com\/wp-content\/uploads\/2024\/03\/4c.jpg.webp\"><figure class=\"swiper-slide-inner\"><img decoding=\"async\" class=\"swiper-slide-image\" src=\"https:\/\/artapartamento.com\/wp-content\/uploads\/2024\/03\/4c.jpg.webp\" alt=\"Alvaro Quior\" \/><\/figure><\/a><\/div><div class=\"swiper-slide\" role=\"group\" aria-roledescription=\"slide\" aria-label=\"3 de 3\"><a data-elementor-open-lightbox=\"yes\" data-elementor-lightbox-slideshow=\"18a5c4d3\" data-e-action-hash=\"#elementor-action%3Aaction%3Dlightbox%26settings%3DeyJpZCI6OTI2MiwidXJsIjoiaHR0cHM6XC9cL2FydGFwYXJ0YW1lbnRvLmNvbVwvd3AtY29udGVudFwvdXBsb2Fkc1wvMjAyNFwvMDNcLzRiLmpwZy53ZWJwIiwic2xpZGVzaG93IjoiMThhNWM0ZDMifQ%3D%3D\" href=\"https:\/\/artapartamento.com\/wp-content\/uploads\/2024\/03\/4b.jpg.webp\"><figure class=\"swiper-slide-inner\"><img decoding=\"async\" class=\"swiper-slide-image\" src=\"https:\/\/artapartamento.com\/wp-content\/uploads\/2024\/03\/4b.jpg.webp\" alt=\"Alvaro Quior\" \/><\/figure><\/a><\/div>\t\t\t<\/div>\n\t\t\t\t\t\t\t\n\t\t\t\t\t\t\t\t\t<\/div>\n\t\t\t\t\t\t<\/div>\n\t\t\t\t<\/div>\n\t\t\t\t<\/div>\n\t\t<div class=\"elementor-element elementor-element-5c01c375 e-con-full e-flex e-con e-child\" data-id=\"5c01c375\" data-element_type=\"container\" data-e-type=\"container\">\n\t\t\t\t<div class=\"elementor-element elementor-element-1c408559 elementor-widget elementor-widget-heading\" data-id=\"1c408559\" data-element_type=\"widget\" data-e-type=\"widget\" data-widget_type=\"heading.default\">\n\t\t\t\t<div class=\"elementor-widget-container\">\n\t\t\t\t\t<h2 class=\"elementor-heading-title elementor-size-default\"><a href=\"https:\/\/artapartamento.com\/fr\/category\/artistas\/alvaro-quior\/\" rel=\"tag\">\u00c1lvaro Quior<\/a><\/h2>\t\t\t\t<\/div>\n\t\t\t\t<\/div>\n\t\t\t\t<div class=\"elementor-element elementor-element-4a6911d2 elementor-widget elementor-widget-text-editor\" data-id=\"4a6911d2\" data-element_type=\"widget\" data-e-type=\"widget\" data-widget_type=\"text-editor.default\">\n\t\t\t\t<div class=\"elementor-widget-container\">\n\t\t\t\t\t\t\t\t\t<p>Score 3, 2023<br \/>Acier trait\u00e9 au plasma<br \/>49,5 x 35 cm (19,5 x 13,8 in)<\/p>\t\t\t\t\t\t\t\t<\/div>\n\t\t\t\t<\/div>\n\t\t\t\t<div class=\"elementor-element elementor-element-1b82505d elementor-align-left elementor-widget elementor-widget-button\" data-id=\"1b82505d\" data-element_type=\"widget\" data-e-type=\"widget\" data-widget_type=\"button.default\">\n\t\t\t\t<div class=\"elementor-widget-container\">\n\t\t\t\t\t\t\t\t\t<div class=\"elementor-button-wrapper\">\n\t\t\t\t\t<a class=\"elementor-button elementor-size-sm\" role=\"button\">\n\t\t\t\t\t\t<span class=\"elementor-button-content-wrapper\">\n\t\t\t\t\t\t\t\t\t<span class=\"elementor-button-text\">Demande de renseignements<\/span>\n\t\t\t\t\t<\/span>\n\t\t\t\t\t<\/a>\n\t\t\t\t<\/div>\n\t\t\t\t\t\t\t\t<\/div>\n\t\t\t\t<\/div>\n\t\t\t\t<\/div>\n\t\t\t\t<\/div>\n\t\t\t\t<\/div>","protected":false},"excerpt":{"rendered":"<p>Score 3, 2023Acier impr\u00e9gn\u00e9 de plasma49,5 x 35 cm (19,5 x 13,8 in) Enqu\u00eate<\/p>","protected":false},"author":1,"featured_media":9251,"parent":8680,"menu_order":0,"comment_status":"closed","ping_status":"closed","template":"","meta":{"_acf_changed":false,"footnotes":"","_links_to":"","_links_to_target":""},"categories":[72],"tags":[65],"class_list":["post-9250","page","type-page","status-publish","has-post-thumbnail","hentry","category-alvaro-quior","tag-obra","post","post-with-thumbnail","post-with-thumbnail-large"],"acf":[],"aioseo_notices":[],"_links":{"self":[{"href":"https:\/\/artapartamento.com\/fr\/wp-json\/wp\/v2\/pages\/9250","targetHints":{"allow":["GET"]}}],"collection":[{"href":"https:\/\/artapartamento.com\/fr\/wp-json\/wp\/v2\/pages"}],"about":[{"href":"https:\/\/artapartamento.com\/fr\/wp-json\/wp\/v2\/types\/page"}],"author":[{"embeddable":true,"href":"https:\/\/artapartamento.com\/fr\/wp-json\/wp\/v2\/users\/1"}],"replies":[{"embeddable":true,"href":"https:\/\/artapartamento.com\/fr\/wp-json\/wp\/v2\/comments?post=9250"}],"version-history":[{"count":0,"href":"https:\/\/artapartamento.com\/fr\/wp-json\/wp\/v2\/pages\/9250\/revisions"}],"up":[{"embeddable":true,"href":"https:\/\/artapartamento.com\/fr\/wp-json\/wp\/v2\/pages\/8680"}],"wp:featuredmedia":[{"embeddable":true,"href":"https:\/\/artapartamento.com\/fr\/wp-json\/wp\/v2\/media\/9251"}],"wp:attachment":[{"href":"https:\/\/artapartamento.com\/fr\/wp-json\/wp\/v2\/media?parent=9250"}],"wp:term":[{"taxonomy":"category","embeddable":true,"href":"https:\/\/artapartamento.com\/fr\/wp-json\/wp\/v2\/categories?post=9250"},{"taxonomy":"post_tag","embeddable":true,"href":"https:\/\/artapartamento.com\/fr\/wp-json\/wp\/v2\/tags?post=9250"}],"curies":[{"name":"wp","href":"https:\/\/api.w.org\/{rel}","templated":true}]}}