{"id":7868,"date":"2024-01-16T13:27:43","date_gmt":"2024-01-16T12:27:43","guid":{"rendered":"https:\/\/artapartamento.com\/?page_id=7868"},"modified":"2024-01-16T14:07:56","modified_gmt":"2024-01-16T13:07:56","slug":"sans-titre-de-la-serie-fronteira-oeste","status":"publish","type":"page","link":"https:\/\/artapartamento.com\/fr\/artistas\/raul-diaz-reyes\/sin-titulo-de-la-serie-fronteira-oeste\/","title":{"rendered":"Sans titre, de la s\u00e9rie Fronteira Oeste (Fronti\u00e8re Ouest)"},"content":{"rendered":"<div data-elementor-type=\"wp-page\" data-elementor-id=\"7868\" class=\"elementor elementor-7868\" data-elementor-post-type=\"page\">\n\t\t\t\t<div class=\"elementor-element elementor-element-42cfb539 e-con-full e-flex e-con e-parent\" data-id=\"42cfb539\" data-element_type=\"container\" data-e-type=\"container\" data-settings=\"{&quot;background_background&quot;:&quot;classic&quot;}\">\n\t\t<div class=\"elementor-element elementor-element-4ff7d3cc e-con-full e-flex e-con e-child\" data-id=\"4ff7d3cc\" data-element_type=\"container\" data-e-type=\"container\">\n\t\t\t\t<div class=\"elementor-element elementor-element-14dccbdc elementor-widget elementor-widget-image-carousel\" data-id=\"14dccbdc\" data-element_type=\"widget\" data-e-type=\"widget\" data-settings=\"{&quot;slides_to_show&quot;:&quot;1&quot;,&quot;navigation&quot;:&quot;none&quot;,&quot;autoplay&quot;:&quot;yes&quot;,&quot;pause_on_hover&quot;:&quot;yes&quot;,&quot;pause_on_interaction&quot;:&quot;yes&quot;,&quot;autoplay_speed&quot;:5000,&quot;infinite&quot;:&quot;yes&quot;,&quot;effect&quot;:&quot;slide&quot;,&quot;speed&quot;:500}\" data-widget_type=\"image-carousel.default\">\n\t\t\t\t<div class=\"elementor-widget-container\">\n\t\t\t\t\t\t\t<div class=\"elementor-image-carousel-wrapper swiper\" role=\"region\" aria-roledescription=\"carousel\" aria-label=\"Carrousel d&#039;images\" dir=\"ltr\">\n\t\t\t<div class=\"elementor-image-carousel swiper-wrapper swiper-image-stretch\" aria-live=\"off\">\n\t\t\t\t\t\t\t\t<div class=\"swiper-slide\" role=\"group\" aria-roledescription=\"slide\" aria-label=\"1 de 3\" data-no-translation-aria-label=\"\"><a data-elementor-open-lightbox=\"yes\" data-elementor-lightbox-slideshow=\"14dccbdc\" data-e-action-hash=\"#elementor-action%3Aaction%3Dlightbox%26settings%3DeyJpZCI6Nzg5NCwidXJsIjoiaHR0cHM6XC9cL2FydGFwYXJ0YW1lbnRvLmNvbVwvd3AtY29udGVudFwvdXBsb2Fkc1wvMjAyNFwvMDFcLzE0Qi5SQVVMLURJQVotUkVZRVMuanBnLndlYnAiLCJzbGlkZXNob3ciOiIxNGRjY2JkYyJ9\" href=\"https:\/\/artapartamento.com\/wp-content\/uploads\/2024\/01\/14B.RAUL-DIAZ-REYES.jpg.webp\"><figure class=\"swiper-slide-inner\"><img decoding=\"async\" class=\"swiper-slide-image\" src=\"https:\/\/artapartamento.com\/wp-content\/uploads\/2024\/01\/14B.RAUL-DIAZ-REYES.jpg.webp\" alt=\"Ra\u00fal D\u00edaz Reyes\" \/><\/figure><\/a><\/div><div class=\"swiper-slide\" role=\"group\" aria-roledescription=\"slide\" aria-label=\"2 de 3\" data-no-translation-aria-label=\"\"><a data-elementor-open-lightbox=\"yes\" data-elementor-lightbox-slideshow=\"14dccbdc\" data-e-action-hash=\"#elementor-action%3Aaction%3Dlightbox%26settings%3DeyJpZCI6Nzg3NSwidXJsIjoiaHR0cHM6XC9cL2FydGFwYXJ0YW1lbnRvLmNvbVwvd3AtY29udGVudFwvdXBsb2Fkc1wvMjAyNFwvMDFcLzE3LlJBVUwtRElBWi1SRVlFUy5qcGcud2VicCIsInNsaWRlc2hvdyI6IjE0ZGNjYmRjIn0%3D\" href=\"https:\/\/artapartamento.com\/wp-content\/uploads\/2024\/01\/17.RAUL-DIAZ-REYES.jpg.webp\"><figure class=\"swiper-slide-inner\"><img decoding=\"async\" class=\"swiper-slide-image\" src=\"https:\/\/artapartamento.com\/wp-content\/uploads\/2024\/01\/17.RAUL-DIAZ-REYES.jpg.webp\" alt=\"Ra\u00fal D\u00edaz Reyes\" \/><\/figure><\/a><\/div><div class=\"swiper-slide\" role=\"group\" aria-roledescription=\"slide\" aria-label=\"3 de 3\" data-no-translation-aria-label=\"\"><a data-elementor-open-lightbox=\"yes\" data-elementor-lightbox-slideshow=\"14dccbdc\" data-e-action-hash=\"#elementor-action%3Aaction%3Dlightbox%26settings%3DeyJpZCI6Nzg3NiwidXJsIjoiaHR0cHM6XC9cL2FydGFwYXJ0YW1lbnRvLmNvbVwvd3AtY29udGVudFwvdXBsb2Fkc1wvMjAyNFwvMDFcLzE4LlJBVUwtRElBWi1SRVlFUy5qcGcud2VicCIsInNsaWRlc2hvdyI6IjE0ZGNjYmRjIn0%3D\" href=\"https:\/\/artapartamento.com\/wp-content\/uploads\/2024\/01\/18.RAUL-DIAZ-REYES.jpg.webp\"><figure class=\"swiper-slide-inner\"><img decoding=\"async\" class=\"swiper-slide-image\" src=\"https:\/\/artapartamento.com\/wp-content\/uploads\/2024\/01\/18.RAUL-DIAZ-REYES.jpg.webp\" alt=\"Ra\u00fal D\u00edaz Reyes\" \/><\/figure><\/a><\/div>\t\t\t<\/div>\n\t\t\t\t\t\t\t\n\t\t\t\t\t\t\t\t\t<\/div>\n\t\t\t\t\t\t<\/div>\n\t\t\t\t<\/div>\n\t\t\t\t<\/div>\n\t\t<div class=\"elementor-element elementor-element-a9174c1 e-con-full e-flex e-con e-child\" data-id=\"a9174c1\" data-element_type=\"container\" data-e-type=\"container\">\n\t\t\t\t<div class=\"elementor-element elementor-element-1bd930f0 elementor-widget elementor-widget-heading\" data-id=\"1bd930f0\" data-element_type=\"widget\" data-e-type=\"widget\" data-widget_type=\"heading.default\">\n\t\t\t\t<div class=\"elementor-widget-container\">\n\t\t\t\t\t<h2 class=\"elementor-heading-title elementor-size-default\"><a href=\"https:\/\/artapartamento.com\/fr\/category\/artistas\/raul-diaz-reyes\/\" rel=\"tag\">Ra\u00fal D\u00edaz Reyes<\/a><\/h2>\t\t\t\t<\/div>\n\t\t\t\t<\/div>\n\t\t\t\t<div class=\"elementor-element elementor-element-495b11c6 elementor-widget elementor-widget-text-editor\" data-id=\"495b11c6\" data-element_type=\"widget\" data-e-type=\"widget\" data-widget_type=\"text-editor.default\">\n\t\t\t\t<div class=\"elementor-widget-container\">\n\t\t\t\t\t\t\t\t\t<p>Sans titre, de la s\u00e9rie Fronteira Oeste, <br \/>2021, tapisserie jacquard, laine, m\u00e9rinos, lin et cidre,<br \/>56 x 76 cm (22 x 30 in)<\/p>\t\t\t\t\t\t\t\t<\/div>\n\t\t\t\t<\/div>\n\t\t\t\t<div class=\"elementor-element elementor-element-1b2b6500 elementor-widget elementor-widget-text-editor\" data-id=\"1b2b6500\" data-element_type=\"widget\" data-e-type=\"widget\" data-widget_type=\"text-editor.default\">\n\t\t\t\t<div class=\"elementor-widget-container\">\n\t\t\t\t\t\t\t\t\t<p>Projet r\u00e9alis\u00e9 en collaboration avec TextielLab, un laboratoire textile situ\u00e9 au mus\u00e9e Textiel (Pays-Bas) : Ra\u00fal a d'abord produit un ensemble d'images num\u00e9riques \u00e0 partir de collages o\u00f9 il a appliqu\u00e9 des techniques d'\u00e9dition graphique \u00e0 des peintures num\u00e9riques. Ces images ont ensuite \u00e9t\u00e9 d\u00e9cod\u00e9es et produites sous forme de textiles \u00e0 l'aide d'un logiciel.<\/p>\t\t\t\t\t\t\t\t<\/div>\n\t\t\t\t<\/div>\n\t\t\t\t<div class=\"elementor-element elementor-element-7c0d3b62 elementor-align-left elementor-widget elementor-widget-button\" data-id=\"7c0d3b62\" data-element_type=\"widget\" data-e-type=\"widget\" data-widget_type=\"button.default\">\n\t\t\t\t<div class=\"elementor-widget-container\">\n\t\t\t\t\t\t\t\t\t<div class=\"elementor-button-wrapper\">\n\t\t\t\t\t<a class=\"elementor-button elementor-size-sm\" role=\"button\">\n\t\t\t\t\t\t<span class=\"elementor-button-content-wrapper\">\n\t\t\t\t\t\t\t\t\t<span class=\"elementor-button-text\">Demande de renseignements<\/span>\n\t\t\t\t\t<\/span>\n\t\t\t\t\t<\/a>\n\t\t\t\t<\/div>\n\t\t\t\t\t\t\t\t<\/div>\n\t\t\t\t<\/div>\n\t\t\t\t<\/div>\n\t\t\t\t<\/div>\n\t\t\t\t<\/div>","protected":false},"excerpt":{"rendered":"<p>Sin t\u00edtulo, de la serie Fronteira Oeste, 2021, tapicer\u00eda jacquard, lana, merino, lino y sidero ,56 x 76 cm (22 x 30 in) Proyecto realizado en colaboraci\u00f3n con TextielLab, laboratorio textil ubicado en Textiel Museum (Pa\u00edses Bajos): primeramente, Ra\u00fal produjo un conjunto de im\u00e1genes digitales a partir de collages donde aplica t\u00e9cnicas de edici\u00f3n gr\u00e1fica [&hellip;]<\/p>\n","protected":false},"author":1,"featured_media":7861,"parent":7549,"menu_order":0,"comment_status":"closed","ping_status":"closed","template":"","meta":{"_acf_changed":false,"footnotes":"","_links_to":"","_links_to_target":""},"categories":[68],"tags":[65],"class_list":["post-7868","page","type-page","status-publish","has-post-thumbnail","hentry","category-raul-diaz-reyes","tag-obra","post","post-with-thumbnail","post-with-thumbnail-large"],"acf":[],"aioseo_notices":[],"_links":{"self":[{"href":"https:\/\/artapartamento.com\/fr\/wp-json\/wp\/v2\/pages\/7868","targetHints":{"allow":["GET"]}}],"collection":[{"href":"https:\/\/artapartamento.com\/fr\/wp-json\/wp\/v2\/pages"}],"about":[{"href":"https:\/\/artapartamento.com\/fr\/wp-json\/wp\/v2\/types\/page"}],"author":[{"embeddable":true,"href":"https:\/\/artapartamento.com\/fr\/wp-json\/wp\/v2\/users\/1"}],"replies":[{"embeddable":true,"href":"https:\/\/artapartamento.com\/fr\/wp-json\/wp\/v2\/comments?post=7868"}],"version-history":[{"count":0,"href":"https:\/\/artapartamento.com\/fr\/wp-json\/wp\/v2\/pages\/7868\/revisions"}],"up":[{"embeddable":true,"href":"https:\/\/artapartamento.com\/fr\/wp-json\/wp\/v2\/pages\/7549"}],"wp:featuredmedia":[{"embeddable":true,"href":"https:\/\/artapartamento.com\/fr\/wp-json\/wp\/v2\/media\/7861"}],"wp:attachment":[{"href":"https:\/\/artapartamento.com\/fr\/wp-json\/wp\/v2\/media?parent=7868"}],"wp:term":[{"taxonomy":"category","embeddable":true,"href":"https:\/\/artapartamento.com\/fr\/wp-json\/wp\/v2\/categories?post=7868"},{"taxonomy":"post_tag","embeddable":true,"href":"https:\/\/artapartamento.com\/fr\/wp-json\/wp\/v2\/tags?post=7868"}],"curies":[{"name":"wp","href":"https:\/\/api.w.org\/{rel}","templated":true}]}}