{"id":7836,"date":"2024-01-16T13:11:35","date_gmt":"2024-01-16T12:11:35","guid":{"rendered":"https:\/\/artapartamento.com\/?page_id=7836"},"modified":"2024-01-16T13:15:15","modified_gmt":"2024-01-16T12:15:15","slug":"embrasser-un-culte-ii","status":"publish","type":"page","link":"https:\/\/artapartamento.com\/fr\/artistas\/raul-diaz-reyes\/embrace-a-cult-ii\/","title":{"rendered":"Embrasser un culte II"},"content":{"rendered":"<div data-elementor-type=\"wp-page\" data-elementor-id=\"7836\" class=\"elementor elementor-7836\" data-elementor-post-type=\"page\">\n\t\t\t\t<div class=\"elementor-element elementor-element-77f55ea8 e-con-full e-flex e-con e-parent\" data-id=\"77f55ea8\" data-element_type=\"container\" data-e-type=\"container\" data-settings=\"{&quot;background_background&quot;:&quot;classic&quot;}\">\n\t\t<div class=\"elementor-element elementor-element-394e248b e-con-full e-flex e-con e-child\" data-id=\"394e248b\" data-element_type=\"container\" data-e-type=\"container\">\n\t\t\t\t<div class=\"elementor-element elementor-element-71e37361 elementor-widget elementor-widget-image-carousel\" data-id=\"71e37361\" data-element_type=\"widget\" data-e-type=\"widget\" data-settings=\"{&quot;slides_to_show&quot;:&quot;1&quot;,&quot;navigation&quot;:&quot;none&quot;,&quot;autoplay&quot;:&quot;yes&quot;,&quot;pause_on_hover&quot;:&quot;yes&quot;,&quot;pause_on_interaction&quot;:&quot;yes&quot;,&quot;autoplay_speed&quot;:5000,&quot;infinite&quot;:&quot;yes&quot;,&quot;effect&quot;:&quot;slide&quot;,&quot;speed&quot;:500}\" data-widget_type=\"image-carousel.default\">\n\t\t\t\t<div class=\"elementor-widget-container\">\n\t\t\t\t\t\t\t<div class=\"elementor-image-carousel-wrapper swiper\" role=\"region\" aria-roledescription=\"carousel\" aria-label=\"Image Carousel\" dir=\"ltr\" data-no-translation-aria-label=\"\">\n\t\t\t<div class=\"elementor-image-carousel swiper-wrapper swiper-image-stretch\" aria-live=\"off\">\n\t\t\t\t\t\t\t\t<div class=\"swiper-slide\" role=\"group\" aria-roledescription=\"slide\" aria-label=\"1 of 2\" data-no-translation-aria-label=\"\"><a data-elementor-open-lightbox=\"yes\" data-elementor-lightbox-slideshow=\"71e37361\" data-e-action-hash=\"#elementor-action%3Aaction%3Dlightbox%26settings%3DeyJpZCI6NzgzNCwidXJsIjoiaHR0cHM6XC9cL2FydGFwYXJ0YW1lbnRvLmNvbVwvd3AtY29udGVudFwvdXBsb2Fkc1wvMjAyNFwvMDFcLzEyLlJBVUwtRElBWi1SRVlFUy5qcGcud2VicCIsInNsaWRlc2hvdyI6IjcxZTM3MzYxIn0%3D\" href=\"https:\/\/artapartamento.com\/wp-content\/uploads\/2024\/01\/12.RAUL-DIAZ-REYES.jpg.webp\"><figure class=\"swiper-slide-inner\"><img decoding=\"async\" class=\"swiper-slide-image\" src=\"https:\/\/artapartamento.com\/wp-content\/uploads\/2024\/01\/12.RAUL-DIAZ-REYES.jpg.webp\" alt=\"Ra\u00fal D\u00edaz Reyes\" \/><\/figure><\/a><\/div><div class=\"swiper-slide\" role=\"group\" aria-roledescription=\"slide\" aria-label=\"2 of 2\" data-no-translation-aria-label=\"\"><a data-elementor-open-lightbox=\"yes\" data-elementor-lightbox-slideshow=\"71e37361\" data-e-action-hash=\"#elementor-action%3Aaction%3Dlightbox%26settings%3DeyJpZCI6NzgzNSwidXJsIjoiaHR0cHM6XC9cL2FydGFwYXJ0YW1lbnRvLmNvbVwvd3AtY29udGVudFwvdXBsb2Fkc1wvMjAyNFwvMDFcLzEzLlJBVUwtRElBWi1SRVlFUy5qcGcud2VicCIsInNsaWRlc2hvdyI6IjcxZTM3MzYxIn0%3D\" href=\"https:\/\/artapartamento.com\/wp-content\/uploads\/2024\/01\/13.RAUL-DIAZ-REYES.jpg.webp\"><figure class=\"swiper-slide-inner\"><img decoding=\"async\" class=\"swiper-slide-image\" src=\"https:\/\/artapartamento.com\/wp-content\/uploads\/2024\/01\/13.RAUL-DIAZ-REYES.jpg.webp\" alt=\"Ra\u00fal D\u00edaz Reyes\" \/><\/figure><\/a><\/div>\t\t\t<\/div>\n\t\t\t\t\t\t\t\n\t\t\t\t\t\t\t\t\t<\/div>\n\t\t\t\t\t\t<\/div>\n\t\t\t\t<\/div>\n\t\t\t\t<\/div>\n\t\t<div class=\"elementor-element elementor-element-31fff972 e-con-full e-flex e-con e-child\" data-id=\"31fff972\" data-element_type=\"container\" data-e-type=\"container\">\n\t\t\t\t<div class=\"elementor-element elementor-element-30de415 elementor-widget elementor-widget-heading\" data-id=\"30de415\" data-element_type=\"widget\" data-e-type=\"widget\" data-widget_type=\"heading.default\">\n\t\t\t\t<div class=\"elementor-widget-container\">\n\t\t\t\t\t<h2 class=\"elementor-heading-title elementor-size-default\"><a href=\"https:\/\/artapartamento.com\/fr\/category\/artistas\/raul-diaz-reyes\/\" rel=\"tag\">Ra\u00fal D\u00edaz Reyes<\/a><\/h2>\t\t\t\t<\/div>\n\t\t\t\t<\/div>\n\t\t\t\t<div class=\"elementor-element elementor-element-398f3ee9 elementor-widget elementor-widget-text-editor\" data-id=\"398f3ee9\" data-element_type=\"widget\" data-e-type=\"widget\" data-widget_type=\"text-editor.default\">\n\t\t\t\t<div class=\"elementor-widget-container\">\n\t\t\t\t\t\t\t\t\t<p>Embrance a Cult II, de la s\u00e9rie Arka, <br \/>2023, acrylique sur toile et bois,<br \/>22 x 27 cm (8 x 10 in)<\/p>\t\t\t\t\t\t\t\t<\/div>\n\t\t\t\t<\/div>\n\t\t\t\t<div class=\"elementor-element elementor-element-6a353c54 elementor-widget elementor-widget-text-editor\" data-id=\"6a353c54\" data-element_type=\"widget\" data-e-type=\"widget\" data-widget_type=\"text-editor.default\">\n\t\t\t\t<div class=\"elementor-widget-container\">\n\t\t\t\t\t\t\t\t\t<p>Arka est une \u0153uvre dans laquelle la peinture, la sculpture et les textiles convergent. Je pars de formes simples que je r\u00e9interpr\u00e8te, ordonne et configure en les assemblant, en les ajoutant ou en les soustrayant, ainsi qu'en utilisant la g\u00e9om\u00e9trie et la couleur pour cr\u00e9er de nouvelles compositions, comme une m\u00e9taphore propositionnelle sur d'autres fa\u00e7ons de penser le pass\u00e9 \u00e0 travers le symbolique. <br \/>Arka pr\u00e9sente un micro-univers dans lequel une s\u00e9rie de personnages th\u00e9\u00e2traux st\u00e9r\u00e9otyp\u00e9s \u00e9voluent dans diff\u00e9rents sc\u00e9narios racontant une histoire sans narration lin\u00e9aire.<\/p>\t\t\t\t\t\t\t\t<\/div>\n\t\t\t\t<\/div>\n\t\t\t\t<div class=\"elementor-element elementor-element-44acaf15 elementor-align-left elementor-widget elementor-widget-button\" data-id=\"44acaf15\" data-element_type=\"widget\" data-e-type=\"widget\" data-widget_type=\"button.default\">\n\t\t\t\t<div class=\"elementor-widget-container\">\n\t\t\t\t\t\t\t\t\t<div class=\"elementor-button-wrapper\">\n\t\t\t\t\t<a class=\"elementor-button elementor-size-sm\" role=\"button\">\n\t\t\t\t\t\t<span class=\"elementor-button-content-wrapper\">\n\t\t\t\t\t\t\t\t\t<span class=\"elementor-button-text\">Demande de renseignements<\/span>\n\t\t\t\t\t<\/span>\n\t\t\t\t\t<\/a>\n\t\t\t\t<\/div>\n\t\t\t\t\t\t\t\t<\/div>\n\t\t\t\t<\/div>\n\t\t\t\t<\/div>\n\t\t\t\t<\/div>\n\t\t\t\t<\/div>","protected":false},"excerpt":{"rendered":"<p>Embrance a Cult II, de la serie Arka, 2023, acr\u00edlico sobre tela y madera,22 x 27 cm (8 x 10 in) Arka es una obra en la que convergen pintura, escultura y textil. Parto de formas simples que reinterpreto, ordeno y configuro ensamblando, sumando o restando, as\u00ed como de la geometr\u00eda y el color para [&hellip;]<\/p>\n","protected":false},"author":1,"featured_media":7834,"parent":7549,"menu_order":0,"comment_status":"closed","ping_status":"closed","template":"","meta":{"_acf_changed":false,"footnotes":"","_links_to":"","_links_to_target":""},"categories":[68],"tags":[65],"class_list":["post-7836","page","type-page","status-publish","has-post-thumbnail","hentry","category-raul-diaz-reyes","tag-obra","post","post-with-thumbnail","post-with-thumbnail-large"],"acf":[],"aioseo_notices":[],"_links":{"self":[{"href":"https:\/\/artapartamento.com\/fr\/wp-json\/wp\/v2\/pages\/7836","targetHints":{"allow":["GET"]}}],"collection":[{"href":"https:\/\/artapartamento.com\/fr\/wp-json\/wp\/v2\/pages"}],"about":[{"href":"https:\/\/artapartamento.com\/fr\/wp-json\/wp\/v2\/types\/page"}],"author":[{"embeddable":true,"href":"https:\/\/artapartamento.com\/fr\/wp-json\/wp\/v2\/users\/1"}],"replies":[{"embeddable":true,"href":"https:\/\/artapartamento.com\/fr\/wp-json\/wp\/v2\/comments?post=7836"}],"version-history":[{"count":0,"href":"https:\/\/artapartamento.com\/fr\/wp-json\/wp\/v2\/pages\/7836\/revisions"}],"up":[{"embeddable":true,"href":"https:\/\/artapartamento.com\/fr\/wp-json\/wp\/v2\/pages\/7549"}],"wp:featuredmedia":[{"embeddable":true,"href":"https:\/\/artapartamento.com\/fr\/wp-json\/wp\/v2\/media\/7834"}],"wp:attachment":[{"href":"https:\/\/artapartamento.com\/fr\/wp-json\/wp\/v2\/media?parent=7836"}],"wp:term":[{"taxonomy":"category","embeddable":true,"href":"https:\/\/artapartamento.com\/fr\/wp-json\/wp\/v2\/categories?post=7836"},{"taxonomy":"post_tag","embeddable":true,"href":"https:\/\/artapartamento.com\/fr\/wp-json\/wp\/v2\/tags?post=7836"}],"curies":[{"name":"wp","href":"https:\/\/api.w.org\/{rel}","templated":true}]}}