{"id":7482,"date":"2024-01-05T15:17:46","date_gmt":"2024-01-05T14:17:46","guid":{"rendered":"https:\/\/artapartamento.com\/?page_id=7482"},"modified":"2024-01-08T20:11:39","modified_gmt":"2024-01-08T19:11:39","slug":"reflexe-conditionne-1","status":"publish","type":"page","link":"https:\/\/artapartamento.com\/fr\/artistas\/alex-hernandez-2\/reflejo-condicionado-1\/","title":{"rendered":"R\u00e9flexe conditionn\u00e9 #1"},"content":{"rendered":"<div data-elementor-type=\"wp-page\" data-elementor-id=\"7482\" class=\"elementor elementor-7482\" data-elementor-post-type=\"page\">\n\t\t\t\t<div class=\"elementor-element elementor-element-494ea6ea e-con-full e-flex e-con e-parent\" data-id=\"494ea6ea\" data-element_type=\"container\" data-e-type=\"container\" data-settings=\"{&quot;background_background&quot;:&quot;classic&quot;}\">\n\t\t<div class=\"elementor-element elementor-element-3906608f e-con-full e-flex e-con e-child\" data-id=\"3906608f\" data-element_type=\"container\" data-e-type=\"container\">\n\t\t\t\t<div class=\"elementor-element elementor-element-7172637b elementor-widget elementor-widget-image-carousel\" data-id=\"7172637b\" data-element_type=\"widget\" data-e-type=\"widget\" data-settings=\"{&quot;slides_to_show&quot;:&quot;1&quot;,&quot;navigation&quot;:&quot;none&quot;,&quot;autoplay&quot;:&quot;yes&quot;,&quot;pause_on_hover&quot;:&quot;yes&quot;,&quot;pause_on_interaction&quot;:&quot;yes&quot;,&quot;autoplay_speed&quot;:5000,&quot;infinite&quot;:&quot;yes&quot;,&quot;effect&quot;:&quot;slide&quot;,&quot;speed&quot;:500}\" data-widget_type=\"image-carousel.default\">\n\t\t\t\t<div class=\"elementor-widget-container\">\n\t\t\t\t\t\t\t<div class=\"elementor-image-carousel-wrapper swiper\" role=\"region\" aria-roledescription=\"carousel\" aria-label=\"Carrousel d&#039;images\" dir=\"ltr\">\n\t\t\t<div class=\"elementor-image-carousel swiper-wrapper swiper-image-stretch\" aria-live=\"off\">\n\t\t\t\t\t\t\t\t<div class=\"swiper-slide\" role=\"group\" aria-roledescription=\"slide\" aria-label=\"1 de 5\"><a data-elementor-open-lightbox=\"yes\" data-elementor-lightbox-slideshow=\"7172637b\" data-e-action-hash=\"#elementor-action%3Aaction%3Dlightbox%26settings%3DeyJpZCI6NzQ5NywidXJsIjoiaHR0cHM6XC9cL2FydGFwYXJ0YW1lbnRvLmNvbVwvd3AtY29udGVudFwvdXBsb2Fkc1wvMjAyNFwvMDFcLzE2LkFsZXgtSGVybmFuZGV6LmpwZy53ZWJwIiwic2xpZGVzaG93IjoiNzE3MjYzN2IifQ%3D%3D\" href=\"https:\/\/artapartamento.com\/wp-content\/uploads\/2024\/01\/16.Alex-Hernandez.jpg.webp\"><figure class=\"swiper-slide-inner\"><img decoding=\"async\" class=\"swiper-slide-image\" src=\"https:\/\/artapartamento.com\/wp-content\/uploads\/2024\/01\/16.Alex-Hernandez.jpg.webp\" alt=\"Alex Hernandez\" \/><\/figure><\/a><\/div><div class=\"swiper-slide\" role=\"group\" aria-roledescription=\"slide\" aria-label=\"2 sur 5\"><a data-elementor-open-lightbox=\"yes\" data-elementor-lightbox-slideshow=\"7172637b\" data-e-action-hash=\"#elementor-action%3Aaction%3Dlightbox%26settings%3DeyJpZCI6NzUwMCwidXJsIjoiaHR0cHM6XC9cL2FydGFwYXJ0YW1lbnRvLmNvbVwvd3AtY29udGVudFwvdXBsb2Fkc1wvMjAyNFwvMDFcLzIwLkFsZXgtSGVybmFuZGV6LmpwZy53ZWJwIiwic2xpZGVzaG93IjoiNzE3MjYzN2IifQ%3D%3D\" href=\"https:\/\/artapartamento.com\/wp-content\/uploads\/2024\/01\/20.Alex-Hernandez.jpg.webp\"><figure class=\"swiper-slide-inner\"><img decoding=\"async\" class=\"swiper-slide-image\" src=\"https:\/\/artapartamento.com\/wp-content\/uploads\/2024\/01\/20.Alex-Hernandez.jpg.webp\" alt=\"Alex Hernandez\" \/><\/figure><\/a><\/div><div class=\"swiper-slide\" role=\"group\" aria-roledescription=\"slide\" aria-label=\"3 sur 5\"><a data-elementor-open-lightbox=\"yes\" data-elementor-lightbox-slideshow=\"7172637b\" data-e-action-hash=\"#elementor-action%3Aaction%3Dlightbox%26settings%3DeyJpZCI6NzQ5NSwidXJsIjoiaHR0cHM6XC9cL2FydGFwYXJ0YW1lbnRvLmNvbVwvd3AtY29udGVudFwvdXBsb2Fkc1wvMjAyNFwvMDFcLzE3LkFsZXgtSGVybmFuZGV6LmpwZy53ZWJwIiwic2xpZGVzaG93IjoiNzE3MjYzN2IifQ%3D%3D\" href=\"https:\/\/artapartamento.com\/wp-content\/uploads\/2024\/01\/17.Alex-Hernandez.jpg.webp\"><figure class=\"swiper-slide-inner\"><img decoding=\"async\" class=\"swiper-slide-image\" src=\"https:\/\/artapartamento.com\/wp-content\/uploads\/2024\/01\/17.Alex-Hernandez.jpg.webp\" alt=\"Alex Hernandez\" \/><\/figure><\/a><\/div><div class=\"swiper-slide\" role=\"group\" aria-roledescription=\"slide\" aria-label=\"4 sur 5\"><a data-elementor-open-lightbox=\"yes\" data-elementor-lightbox-slideshow=\"7172637b\" data-e-action-hash=\"#elementor-action%3Aaction%3Dlightbox%26settings%3DeyJpZCI6NzQ5OCwidXJsIjoiaHR0cHM6XC9cL2FydGFwYXJ0YW1lbnRvLmNvbVwvd3AtY29udGVudFwvdXBsb2Fkc1wvMjAyNFwvMDFcLzE4LkFsZXgtSGVybmFuZGV6LmpwZy53ZWJwIiwic2xpZGVzaG93IjoiNzE3MjYzN2IifQ%3D%3D\" href=\"https:\/\/artapartamento.com\/wp-content\/uploads\/2024\/01\/18.Alex-Hernandez.jpg.webp\"><figure class=\"swiper-slide-inner\"><img decoding=\"async\" class=\"swiper-slide-image\" src=\"https:\/\/artapartamento.com\/wp-content\/uploads\/2024\/01\/18.Alex-Hernandez.jpg.webp\" alt=\"Alex Hernandez\" \/><\/figure><\/a><\/div><div class=\"swiper-slide\" role=\"group\" aria-roledescription=\"slide\" aria-label=\"5 sur 5\"><a data-elementor-open-lightbox=\"yes\" data-elementor-lightbox-slideshow=\"7172637b\" data-e-action-hash=\"#elementor-action%3Aaction%3Dlightbox%26settings%3DeyJpZCI6NzQ5OSwidXJsIjoiaHR0cHM6XC9cL2FydGFwYXJ0YW1lbnRvLmNvbVwvd3AtY29udGVudFwvdXBsb2Fkc1wvMjAyNFwvMDFcLzE5LkFsZXgtSGVybmFuZGV6LmpwZy53ZWJwIiwic2xpZGVzaG93IjoiNzE3MjYzN2IifQ%3D%3D\" href=\"https:\/\/artapartamento.com\/wp-content\/uploads\/2024\/01\/19.Alex-Hernandez.jpg.webp\"><figure class=\"swiper-slide-inner\"><img decoding=\"async\" class=\"swiper-slide-image\" src=\"https:\/\/artapartamento.com\/wp-content\/uploads\/2024\/01\/19.Alex-Hernandez.jpg.webp\" alt=\"Alex Hernandez\" \/><\/figure><\/a><\/div>\t\t\t<\/div>\n\t\t\t\t\t\t\t\n\t\t\t\t\t\t\t\t\t<\/div>\n\t\t\t\t\t\t<\/div>\n\t\t\t\t<\/div>\n\t\t\t\t<\/div>\n\t\t<div class=\"elementor-element elementor-element-62023c2a e-con-full e-flex e-con e-child\" data-id=\"62023c2a\" data-element_type=\"container\" data-e-type=\"container\">\n\t\t\t\t<div class=\"elementor-element elementor-element-5e5301ad elementor-widget elementor-widget-heading\" data-id=\"5e5301ad\" data-element_type=\"widget\" data-e-type=\"widget\" data-widget_type=\"heading.default\">\n\t\t\t\t<div class=\"elementor-widget-container\">\n\t\t\t\t\t<h2 class=\"elementor-heading-title elementor-size-default\"><a href=\"https:\/\/artapartamento.com\/fr\/category\/artistas\/alex-hernandez\/\" rel=\"tag\">Alex Hernandez<\/a><\/h2>\t\t\t\t<\/div>\n\t\t\t\t<\/div>\n\t\t\t\t<div class=\"elementor-element elementor-element-3c188c2 elementor-widget elementor-widget-text-editor\" data-id=\"3c188c2\" data-element_type=\"widget\" data-e-type=\"widget\" data-widget_type=\"text-editor.default\">\n\t\t\t\t<div class=\"elementor-widget-container\">\n\t\t\t\t\t\t\t\t\tAlex Hernandez<br>\nR\u00e9flexe conditionn\u00e9 #1,<br>\n2023, bois balsa, peinture industrielle et acier,<br>\n30 x 30 cm (12 x 12 in)\t\t\t\t\t\t\t\t<\/div>\n\t\t\t\t<\/div>\n\t\t\t\t<div class=\"elementor-element elementor-element-21bf8e1f elementor-widget elementor-widget-text-editor\" data-id=\"21bf8e1f\" data-element_type=\"widget\" data-e-type=\"widget\" data-widget_type=\"text-editor.default\">\n\t\t\t\t<div class=\"elementor-widget-container\">\n\t\t\t\t\t\t\t\t\t<p>\u00c0 une \u00e9poque marqu\u00e9e par la volupt\u00e9 de l'information, Alex Hern\u00e1ndez r\u00e9fl\u00e9chit au laxisme de notre conscience. Reflejo Condicionado est un essai para-scientifique qui analyse, entre autres, l'utilisation de l'ing\u00e9nierie sociale dans le monde contemporain. La s\u00e9lection d'annotations, d'images, de dispositifs et d'exp\u00e9riences sensorielles subtiles qu'il pr\u00e9sente tourne autour de la biopolitique de la connaissance et des sens. Alex disloque et distend les langages de l'art, s'appuie une fois de plus sur l'interdisciplinarit\u00e9, s'oriente vers le ludique et le performatif. Il \u00e9vite la pratique du cynisme et de l'incertitude et, sans tourner autour du pot, avec une objectivit\u00e9 et un sens de l'humour qui lui sont propres. <br \/>La face avant nous invite \u00e0 prendre position pour d\u00e9fendre nos perceptions, notre individualit\u00e9 et notre conscience.<\/p>\t\t\t\t\t\t\t\t<\/div>\n\t\t\t\t<\/div>\n\t\t\t\t<div class=\"elementor-element elementor-element-4a39f628 elementor-align-left elementor-widget elementor-widget-button\" data-id=\"4a39f628\" data-element_type=\"widget\" data-e-type=\"widget\" data-widget_type=\"button.default\">\n\t\t\t\t<div class=\"elementor-widget-container\">\n\t\t\t\t\t\t\t\t\t<div class=\"elementor-button-wrapper\">\n\t\t\t\t\t<a class=\"elementor-button elementor-button-link elementor-size-sm\" href=\"mailto:info@artapartamento.com?subject=Inquiry%3A%20Alex%20Hern%C3%A1ndez%20(AH-202307)\">\n\t\t\t\t\t\t<span class=\"elementor-button-content-wrapper\">\n\t\t\t\t\t\t\t\t\t<span class=\"elementor-button-text\">Demande de renseignements<\/span>\n\t\t\t\t\t<\/span>\n\t\t\t\t\t<\/a>\n\t\t\t\t<\/div>\n\t\t\t\t\t\t\t\t<\/div>\n\t\t\t\t<\/div>\n\t\t\t\t<\/div>\n\t\t\t\t<\/div>\n\t\t\t\t<\/div>","protected":false},"excerpt":{"rendered":"<p>Alex Hern\u00e1ndez Reflejo condicionado #1, 2023, madera de balsa, pintura industrial y acero, 30 x 30 cm (12 x 12 in) En una \u00e9poca marcada por la voluptuosidad de la informaci\u00f3n, Alex Hern\u00e1ndez reflexiona sobre la laxitud de nuestra conciencia. Reflejo Condicionado es un ensayo paracient\u00edfico que, entre otros temas, analiza el uso de la [&hellip;]<\/p>\n","protected":false},"author":1,"featured_media":7446,"parent":3183,"menu_order":0,"comment_status":"closed","ping_status":"closed","template":"","meta":{"_acf_changed":false,"footnotes":"","_links_to":"","_links_to_target":""},"categories":[40],"tags":[65],"class_list":["post-7482","page","type-page","status-publish","has-post-thumbnail","hentry","category-alex-hernandez","tag-obra","post","post-with-thumbnail","post-with-thumbnail-large"],"acf":[],"aioseo_notices":[],"_links":{"self":[{"href":"https:\/\/artapartamento.com\/fr\/wp-json\/wp\/v2\/pages\/7482","targetHints":{"allow":["GET"]}}],"collection":[{"href":"https:\/\/artapartamento.com\/fr\/wp-json\/wp\/v2\/pages"}],"about":[{"href":"https:\/\/artapartamento.com\/fr\/wp-json\/wp\/v2\/types\/page"}],"author":[{"embeddable":true,"href":"https:\/\/artapartamento.com\/fr\/wp-json\/wp\/v2\/users\/1"}],"replies":[{"embeddable":true,"href":"https:\/\/artapartamento.com\/fr\/wp-json\/wp\/v2\/comments?post=7482"}],"version-history":[{"count":0,"href":"https:\/\/artapartamento.com\/fr\/wp-json\/wp\/v2\/pages\/7482\/revisions"}],"up":[{"embeddable":true,"href":"https:\/\/artapartamento.com\/fr\/wp-json\/wp\/v2\/pages\/3183"}],"wp:featuredmedia":[{"embeddable":true,"href":"https:\/\/artapartamento.com\/fr\/wp-json\/wp\/v2\/media\/7446"}],"wp:attachment":[{"href":"https:\/\/artapartamento.com\/fr\/wp-json\/wp\/v2\/media?parent=7482"}],"wp:term":[{"taxonomy":"category","embeddable":true,"href":"https:\/\/artapartamento.com\/fr\/wp-json\/wp\/v2\/categories?post=7482"},{"taxonomy":"post_tag","embeddable":true,"href":"https:\/\/artapartamento.com\/fr\/wp-json\/wp\/v2\/tags?post=7482"}],"curies":[{"name":"wp","href":"https:\/\/api.w.org\/{rel}","templated":true}]}}