{"id":6724,"date":"2023-12-07T17:24:58","date_gmt":"2023-12-07T16:24:58","guid":{"rendered":"https:\/\/artapartamento.com\/?page_id=6724"},"modified":"2023-12-08T18:46:21","modified_gmt":"2023-12-08T17:46:21","slug":"pique-nique-devant-binghamton","status":"publish","type":"page","link":"https:\/\/artapartamento.com\/fr\/artistas\/ariel-cabrera-2\/picnic-in-front-of-binghamton\/","title":{"rendered":"Pique-nique devant Binghamton"},"content":{"rendered":"<div data-elementor-type=\"wp-page\" data-elementor-id=\"6724\" class=\"elementor elementor-6724\" data-elementor-post-type=\"page\">\n\t\t\t\t<div class=\"elementor-element elementor-element-5bd1868b e-con-full e-flex e-con e-parent\" data-id=\"5bd1868b\" data-element_type=\"container\" data-e-type=\"container\" data-settings=\"{&quot;background_background&quot;:&quot;classic&quot;}\">\n\t\t<div class=\"elementor-element elementor-element-4dd105d3 e-con-full e-flex e-con e-child\" data-id=\"4dd105d3\" data-element_type=\"container\" data-e-type=\"container\">\n\t\t\t\t<div class=\"elementor-element elementor-element-763f7f4 elementor-widget elementor-widget-image-carousel\" data-id=\"763f7f4\" data-element_type=\"widget\" data-e-type=\"widget\" data-settings=\"{&quot;slides_to_show&quot;:&quot;1&quot;,&quot;navigation&quot;:&quot;none&quot;,&quot;autoplay&quot;:&quot;yes&quot;,&quot;pause_on_hover&quot;:&quot;yes&quot;,&quot;pause_on_interaction&quot;:&quot;yes&quot;,&quot;autoplay_speed&quot;:5000,&quot;infinite&quot;:&quot;yes&quot;,&quot;effect&quot;:&quot;slide&quot;,&quot;speed&quot;:500}\" data-widget_type=\"image-carousel.default\">\n\t\t\t\t<div class=\"elementor-widget-container\">\n\t\t\t\t\t\t\t<div class=\"elementor-image-carousel-wrapper swiper\" role=\"region\" aria-roledescription=\"carousel\" aria-label=\"Carrousel d&#039;images\" dir=\"ltr\">\n\t\t\t<div class=\"elementor-image-carousel swiper-wrapper swiper-image-stretch\" aria-live=\"off\">\n\t\t\t\t\t\t\t\t<div class=\"swiper-slide\" role=\"group\" aria-roledescription=\"slide\" aria-label=\"1 de 2\" data-no-translation-aria-label=\"\"><a data-elementor-open-lightbox=\"yes\" data-elementor-lightbox-slideshow=\"763f7f4\" data-e-action-hash=\"#elementor-action%3Aaction%3Dlightbox%26settings%3DeyJpZCI6NjY1NCwidXJsIjoiaHR0cHM6XC9cL2FydGFwYXJ0YW1lbnRvLmNvbVwvd3AtY29udGVudFwvdXBsb2Fkc1wvMjAyM1wvMTJcL0FyaWVsLUNhYnJlcmFfNy5qcGcud2VicCIsInNsaWRlc2hvdyI6Ijc2M2Y3ZjQifQ%3D%3D\" href=\"https:\/\/artapartamento.com\/wp-content\/uploads\/2023\/12\/Ariel-Cabrera_7.jpg.webp\"><figure class=\"swiper-slide-inner\"><img decoding=\"async\" class=\"swiper-slide-image\" src=\"https:\/\/artapartamento.com\/wp-content\/uploads\/2023\/12\/Ariel-Cabrera_7.jpg.webp\" alt=\"Ariel Cabrera\" \/><\/figure><\/a><\/div><div class=\"swiper-slide\" role=\"group\" aria-roledescription=\"slide\" aria-label=\"2 de 2\" data-no-translation-aria-label=\"\"><a data-elementor-open-lightbox=\"yes\" data-elementor-lightbox-slideshow=\"763f7f4\" data-e-action-hash=\"#elementor-action%3Aaction%3Dlightbox%26settings%3DeyJpZCI6NjczMiwidXJsIjoiaHR0cHM6XC9cL2FydGFwYXJ0YW1lbnRvLmNvbVwvd3AtY29udGVudFwvdXBsb2Fkc1wvMjAyM1wvMTJcL0FyaWVsLUNhYnJlcmFfOC1zY2FsZWQuanBnLndlYnAiLCJzbGlkZXNob3ciOiI3NjNmN2Y0In0%3D\" href=\"https:\/\/artapartamento.com\/wp-content\/uploads\/2023\/12\/Ariel-Cabrera_8-scaled.jpg.webp\"><figure class=\"swiper-slide-inner\"><img decoding=\"async\" class=\"swiper-slide-image\" src=\"https:\/\/artapartamento.com\/wp-content\/uploads\/2023\/12\/Ariel-Cabrera_8-scaled.jpg.webp\" alt=\"Ariel Cabrera\" \/><\/figure><\/a><\/div>\t\t\t<\/div>\n\t\t\t\t\t\t\t\n\t\t\t\t\t\t\t\t\t<\/div>\n\t\t\t\t\t\t<\/div>\n\t\t\t\t<\/div>\n\t\t\t\t<\/div>\n\t\t<div class=\"elementor-element elementor-element-208c8021 e-con-full e-flex e-con e-child\" data-id=\"208c8021\" data-element_type=\"container\" data-e-type=\"container\">\n\t\t\t\t<div class=\"elementor-element elementor-element-6559dcc1 elementor-widget elementor-widget-heading\" data-id=\"6559dcc1\" data-element_type=\"widget\" data-e-type=\"widget\" data-widget_type=\"heading.default\">\n\t\t\t\t<div class=\"elementor-widget-container\">\n\t\t\t\t\t<h2 class=\"elementor-heading-title elementor-size-default\"><a href=\"https:\/\/artapartamento.com\/fr\/category\/artistas\/ariel-cabrera\/\" rel=\"tag\">Ariel Cabrera<\/a><\/h2>\t\t\t\t<\/div>\n\t\t\t\t<\/div>\n\t\t\t\t<div class=\"elementor-element elementor-element-4968bfd8 elementor-widget elementor-widget-text-editor\" data-id=\"4968bfd8\" data-element_type=\"widget\" data-e-type=\"widget\" data-widget_type=\"text-editor.default\">\n\t\t\t\t<div class=\"elementor-widget-container\">\n\t\t\t\t\t\t\t\t\t<p>Pique-nique devant Binghamton,<br \/>2023,<br \/>huile sur lin, 182,8 x 152,4 cm<\/p>\t\t\t\t\t\t\t\t<\/div>\n\t\t\t\t<\/div>\n\t\t\t\t<div class=\"elementor-element elementor-element-3d6539db elementor-widget elementor-widget-text-editor\" data-id=\"3d6539db\" data-element_type=\"widget\" data-e-type=\"widget\" data-widget_type=\"text-editor.default\">\n\t\t\t\t<div class=\"elementor-widget-container\">\n\t\t\t\t\t\t\t\t\t<p>Dans ses \u0153uvres, Ariel Cabrera s\u00e9lectionne des images tir\u00e9es de documents patrimoniaux afin d'explorer des zones obscures et des aspects peu abord\u00e9s par l'histoire cubaine et nord-am\u00e9ricaine. Il propose des sc\u00e9narios imaginaires bas\u00e9s sur des \u00e9v\u00e9nements militaires des luttes pour l'ind\u00e9pendance, cr\u00e9ant simultan\u00e9ment des \u00e9v\u00e9nements et des dialogues historiographiques suppos\u00e9s qui soumettent l'histoire en g\u00e9n\u00e9ral \u00e0 un examen minutieux, o\u00f9 le sarcasme, l'\u00e9rotique-burlesque et le ludique sont pr\u00e9sents. En g\u00e9n\u00e9ral, dans les sc\u00e8nes marqu\u00e9es par la vie \u00e0 la campagne ou la peinture historique, on trouve des \u00e9v\u00e9nements intimes d\u00e9guis\u00e9s, des luttes romantiques, des \u00e9pisodes de luxure et d'\u00e9rotisme.<\/p>\t\t\t\t\t\t\t\t<\/div>\n\t\t\t\t<\/div>\n\t\t\t\t<div class=\"elementor-element elementor-element-6735fd09 elementor-align-left elementor-widget elementor-widget-button\" data-id=\"6735fd09\" data-element_type=\"widget\" data-e-type=\"widget\" data-widget_type=\"button.default\">\n\t\t\t\t<div class=\"elementor-widget-container\">\n\t\t\t\t\t\t\t\t\t<div class=\"elementor-button-wrapper\">\n\t\t\t\t\t<a class=\"elementor-button elementor-size-sm\" role=\"button\">\n\t\t\t\t\t\t<span class=\"elementor-button-content-wrapper\">\n\t\t\t\t\t\t\t\t\t<span class=\"elementor-button-text\">Demande de renseignements<\/span>\n\t\t\t\t\t<\/span>\n\t\t\t\t\t<\/a>\n\t\t\t\t<\/div>\n\t\t\t\t\t\t\t\t<\/div>\n\t\t\t\t<\/div>\n\t\t\t\t<\/div>\n\t\t\t\t<\/div>\n\t\t\t\t<\/div>","protected":false},"excerpt":{"rendered":"<p>Picnic in front of Binghamton,2023,\u00f3leo sobre lino, 182.8 x 152.4 cm En sus obras, Ariel Cabrera selecciona im\u00e1genes tomadas de documentos patrimoniales para adentrarse en zonas escabrosas y aspectos poco tocados por la historia cubana y norteamericana. Propone escenarios imaginarios basados en acontecimientos militares de las luchas por la independencia, creando simult\u00e1neamente eventos y supuestos [&hellip;]<\/p>\n","protected":false},"author":1,"featured_media":6654,"parent":4299,"menu_order":0,"comment_status":"closed","ping_status":"closed","template":"","meta":{"_acf_changed":false,"footnotes":"","_links_to":"","_links_to_target":""},"categories":[42],"tags":[65],"class_list":["post-6724","page","type-page","status-publish","has-post-thumbnail","hentry","category-ariel-cabrera","tag-obra","post","post-with-thumbnail","post-with-thumbnail-large"],"acf":[],"aioseo_notices":[],"_links":{"self":[{"href":"https:\/\/artapartamento.com\/fr\/wp-json\/wp\/v2\/pages\/6724","targetHints":{"allow":["GET"]}}],"collection":[{"href":"https:\/\/artapartamento.com\/fr\/wp-json\/wp\/v2\/pages"}],"about":[{"href":"https:\/\/artapartamento.com\/fr\/wp-json\/wp\/v2\/types\/page"}],"author":[{"embeddable":true,"href":"https:\/\/artapartamento.com\/fr\/wp-json\/wp\/v2\/users\/1"}],"replies":[{"embeddable":true,"href":"https:\/\/artapartamento.com\/fr\/wp-json\/wp\/v2\/comments?post=6724"}],"version-history":[{"count":0,"href":"https:\/\/artapartamento.com\/fr\/wp-json\/wp\/v2\/pages\/6724\/revisions"}],"up":[{"embeddable":true,"href":"https:\/\/artapartamento.com\/fr\/wp-json\/wp\/v2\/pages\/4299"}],"wp:featuredmedia":[{"embeddable":true,"href":"https:\/\/artapartamento.com\/fr\/wp-json\/wp\/v2\/media\/6654"}],"wp:attachment":[{"href":"https:\/\/artapartamento.com\/fr\/wp-json\/wp\/v2\/media?parent=6724"}],"wp:term":[{"taxonomy":"category","embeddable":true,"href":"https:\/\/artapartamento.com\/fr\/wp-json\/wp\/v2\/categories?post=6724"},{"taxonomy":"post_tag","embeddable":true,"href":"https:\/\/artapartamento.com\/fr\/wp-json\/wp\/v2\/tags?post=6724"}],"curies":[{"name":"wp","href":"https:\/\/api.w.org\/{rel}","templated":true}]}}