{"id":6711,"date":"2023-12-07T17:19:51","date_gmt":"2023-12-07T16:19:51","guid":{"rendered":"https:\/\/artapartamento.com\/?page_id=6711"},"modified":"2023-12-08T18:46:23","modified_gmt":"2023-12-08T17:46:23","slug":"zone-dhumidite-de-la-serie-temporelle-estivale","status":"publish","type":"page","link":"https:\/\/artapartamento.com\/fr\/artistas\/ariel-cabrera-2\/humidity-zone-de-la-serie-summer-time\/","title":{"rendered":"Zone d'humidit\u00e9, de la s\u00e9rie Heure d'\u00e9t\u00e9"},"content":{"rendered":"<div data-elementor-type=\"wp-page\" data-elementor-id=\"6711\" class=\"elementor elementor-6711\" data-elementor-post-type=\"page\">\n\t\t\t\t<div class=\"elementor-element elementor-element-39a67ff6 e-con-full e-flex e-con e-parent\" data-id=\"39a67ff6\" data-element_type=\"container\" data-e-type=\"container\" data-settings=\"{&quot;background_background&quot;:&quot;classic&quot;}\">\n\t\t<div class=\"elementor-element elementor-element-745d1e9c e-con-full e-flex e-con e-child\" data-id=\"745d1e9c\" data-element_type=\"container\" data-e-type=\"container\">\n\t\t\t\t<div class=\"elementor-element elementor-element-748d81a1 elementor-widget elementor-widget-image-carousel\" data-id=\"748d81a1\" data-element_type=\"widget\" data-e-type=\"widget\" data-settings=\"{&quot;slides_to_show&quot;:&quot;1&quot;,&quot;navigation&quot;:&quot;none&quot;,&quot;autoplay&quot;:&quot;yes&quot;,&quot;pause_on_hover&quot;:&quot;yes&quot;,&quot;pause_on_interaction&quot;:&quot;yes&quot;,&quot;autoplay_speed&quot;:5000,&quot;infinite&quot;:&quot;yes&quot;,&quot;effect&quot;:&quot;slide&quot;,&quot;speed&quot;:500}\" data-widget_type=\"image-carousel.default\">\n\t\t\t\t<div class=\"elementor-widget-container\">\n\t\t\t\t\t\t\t<div class=\"elementor-image-carousel-wrapper swiper\" role=\"region\" aria-roledescription=\"carousel\" aria-label=\"Carrousel d&#039;images\" dir=\"ltr\">\n\t\t\t<div class=\"elementor-image-carousel swiper-wrapper swiper-image-stretch\" aria-live=\"off\">\n\t\t\t\t\t\t\t\t<div class=\"swiper-slide\" role=\"group\" aria-roledescription=\"slide\" aria-label=\"1 de 2\"><a data-elementor-open-lightbox=\"yes\" data-elementor-lightbox-slideshow=\"748d81a1\" data-e-action-hash=\"#elementor-action%3Aaction%3Dlightbox%26settings%3DeyJpZCI6NjY1MywidXJsIjoiaHR0cHM6XC9cL2FydGFwYXJ0YW1lbnRvLmNvbVwvd3AtY29udGVudFwvdXBsb2Fkc1wvMjAyM1wvMTJcL0FyaWVsLUNhYnJlcmFfNi5qcGcud2VicCIsInNsaWRlc2hvdyI6Ijc0OGQ4MWExIn0%3D\" href=\"https:\/\/artapartamento.com\/wp-content\/uploads\/2023\/12\/Ariel-Cabrera_6.jpg.webp\"><figure class=\"swiper-slide-inner\"><img decoding=\"async\" class=\"swiper-slide-image\" src=\"https:\/\/artapartamento.com\/wp-content\/uploads\/2023\/12\/Ariel-Cabrera_6.jpg.webp\" alt=\"Ariel Cabrera\" \/><\/figure><\/a><\/div><div class=\"swiper-slide\" role=\"group\" aria-roledescription=\"slide\" aria-label=\"2 de 2\"><a data-elementor-open-lightbox=\"yes\" data-elementor-lightbox-slideshow=\"748d81a1\" data-e-action-hash=\"#elementor-action%3Aaction%3Dlightbox%26settings%3DeyJpZCI6NjcxOSwidXJsIjoiaHR0cHM6XC9cL2FydGFwYXJ0YW1lbnRvLmNvbVwvd3AtY29udGVudFwvdXBsb2Fkc1wvMjAyM1wvMTJcL0FyaWVsLUNhYnJlcmFfMTMuanBnLndlYnAiLCJzbGlkZXNob3ciOiI3NDhkODFhMSJ9\" href=\"https:\/\/artapartamento.com\/wp-content\/uploads\/2023\/12\/Ariel-Cabrera_13.jpg.webp\"><figure class=\"swiper-slide-inner\"><img decoding=\"async\" class=\"swiper-slide-image\" src=\"https:\/\/artapartamento.com\/wp-content\/uploads\/2023\/12\/Ariel-Cabrera_13.jpg.webp\" alt=\"Ariel Cabrera\" \/><\/figure><\/a><\/div>\t\t\t<\/div>\n\t\t\t\t\t\t\t\n\t\t\t\t\t\t\t\t\t<\/div>\n\t\t\t\t\t\t<\/div>\n\t\t\t\t<\/div>\n\t\t\t\t<\/div>\n\t\t<div class=\"elementor-element elementor-element-75b2f938 e-con-full e-flex e-con e-child\" data-id=\"75b2f938\" data-element_type=\"container\" data-e-type=\"container\">\n\t\t\t\t<div class=\"elementor-element elementor-element-4808e6b2 elementor-widget elementor-widget-heading\" data-id=\"4808e6b2\" data-element_type=\"widget\" data-e-type=\"widget\" data-widget_type=\"heading.default\">\n\t\t\t\t<div class=\"elementor-widget-container\">\n\t\t\t\t\t<h2 class=\"elementor-heading-title elementor-size-default\"><a href=\"https:\/\/artapartamento.com\/fr\/category\/artistas\/ariel-cabrera\/\" rel=\"tag\">Ariel Cabrera<\/a><\/h2>\t\t\t\t<\/div>\n\t\t\t\t<\/div>\n\t\t\t\t<div class=\"elementor-element elementor-element-3407fca0 elementor-widget elementor-widget-text-editor\" data-id=\"3407fca0\" data-element_type=\"widget\" data-e-type=\"widget\" data-widget_type=\"text-editor.default\">\n\t\t\t\t<div class=\"elementor-widget-container\">\n\t\t\t\t\t\t\t\t\t<p>Zone d'humidit\u00e9,<br \/>de la s\u00e9rie Heure d'\u00e9t\u00e9,<br \/>2023<br \/>huile sur lin, 120 x 120 cm<\/p>\t\t\t\t\t\t\t\t<\/div>\n\t\t\t\t<\/div>\n\t\t\t\t<div class=\"elementor-element elementor-element-53183d69 elementor-widget elementor-widget-text-editor\" data-id=\"53183d69\" data-element_type=\"widget\" data-e-type=\"widget\" data-widget_type=\"text-editor.default\">\n\t\t\t\t<div class=\"elementor-widget-container\">\n\t\t\t\t\t\t\t\t\t<p>Dans ses \u0153uvres, Ariel Cabrera s\u00e9lectionne des images tir\u00e9es de documents patrimoniaux afin d'explorer des zones obscures et des aspects peu abord\u00e9s par l'histoire cubaine et nord-am\u00e9ricaine. Il propose des sc\u00e9narios imaginaires bas\u00e9s sur des \u00e9v\u00e9nements militaires des luttes pour l'ind\u00e9pendance, cr\u00e9ant simultan\u00e9ment des \u00e9v\u00e9nements et des dialogues historiographiques suppos\u00e9s qui soumettent l'histoire en g\u00e9n\u00e9ral \u00e0 un examen minutieux, o\u00f9 le sarcasme, l'\u00e9rotique-burlesque et le ludique sont pr\u00e9sents. En g\u00e9n\u00e9ral, dans les sc\u00e8nes marqu\u00e9es par la vie \u00e0 la campagne ou la peinture historique, on trouve des \u00e9v\u00e9nements intimes d\u00e9guis\u00e9s, des luttes romantiques, des \u00e9pisodes de luxure et d'\u00e9rotisme.<\/p>\t\t\t\t\t\t\t\t<\/div>\n\t\t\t\t<\/div>\n\t\t\t\t<div class=\"elementor-element elementor-element-554a2299 elementor-align-left elementor-widget elementor-widget-button\" data-id=\"554a2299\" data-element_type=\"widget\" data-e-type=\"widget\" data-widget_type=\"button.default\">\n\t\t\t\t<div class=\"elementor-widget-container\">\n\t\t\t\t\t\t\t\t\t<div class=\"elementor-button-wrapper\">\n\t\t\t\t\t<a class=\"elementor-button elementor-size-sm\" role=\"button\">\n\t\t\t\t\t\t<span class=\"elementor-button-content-wrapper\">\n\t\t\t\t\t\t\t\t\t<span class=\"elementor-button-text\">Demande de renseignements<\/span>\n\t\t\t\t\t<\/span>\n\t\t\t\t\t<\/a>\n\t\t\t\t<\/div>\n\t\t\t\t\t\t\t\t<\/div>\n\t\t\t\t<\/div>\n\t\t\t\t<\/div>\n\t\t\t\t<\/div>\n\t\t\t\t<\/div>","protected":false},"excerpt":{"rendered":"<p>Humidity Zone,de la serie Summer Time,2023\u00f3leo sobre lino, 120 x 120 cm En sus obras, Ariel Cabrera selecciona im\u00e1genes tomadas de documentos patrimoniales para adentrarse en zonas escabrosas y aspectos poco tocados por la historia cubana y norteamericana. Propone escenarios imaginarios basados en acontecimientos militares de las luchas por la independencia, creando simult\u00e1neamente eventos y [&hellip;]<\/p>\n","protected":false},"author":1,"featured_media":6653,"parent":4299,"menu_order":0,"comment_status":"closed","ping_status":"closed","template":"","meta":{"_acf_changed":false,"footnotes":"","_links_to":"","_links_to_target":""},"categories":[42],"tags":[65],"class_list":["post-6711","page","type-page","status-publish","has-post-thumbnail","hentry","category-ariel-cabrera","tag-obra","post","post-with-thumbnail","post-with-thumbnail-large"],"acf":[],"aioseo_notices":[],"_links":{"self":[{"href":"https:\/\/artapartamento.com\/fr\/wp-json\/wp\/v2\/pages\/6711","targetHints":{"allow":["GET"]}}],"collection":[{"href":"https:\/\/artapartamento.com\/fr\/wp-json\/wp\/v2\/pages"}],"about":[{"href":"https:\/\/artapartamento.com\/fr\/wp-json\/wp\/v2\/types\/page"}],"author":[{"embeddable":true,"href":"https:\/\/artapartamento.com\/fr\/wp-json\/wp\/v2\/users\/1"}],"replies":[{"embeddable":true,"href":"https:\/\/artapartamento.com\/fr\/wp-json\/wp\/v2\/comments?post=6711"}],"version-history":[{"count":0,"href":"https:\/\/artapartamento.com\/fr\/wp-json\/wp\/v2\/pages\/6711\/revisions"}],"up":[{"embeddable":true,"href":"https:\/\/artapartamento.com\/fr\/wp-json\/wp\/v2\/pages\/4299"}],"wp:featuredmedia":[{"embeddable":true,"href":"https:\/\/artapartamento.com\/fr\/wp-json\/wp\/v2\/media\/6653"}],"wp:attachment":[{"href":"https:\/\/artapartamento.com\/fr\/wp-json\/wp\/v2\/media?parent=6711"}],"wp:term":[{"taxonomy":"category","embeddable":true,"href":"https:\/\/artapartamento.com\/fr\/wp-json\/wp\/v2\/categories?post=6711"},{"taxonomy":"post_tag","embeddable":true,"href":"https:\/\/artapartamento.com\/fr\/wp-json\/wp\/v2\/tags?post=6711"}],"curies":[{"name":"wp","href":"https:\/\/api.w.org\/{rel}","templated":true}]}}