{"id":5656,"date":"2023-11-21T14:31:43","date_gmt":"2023-11-21T13:31:43","guid":{"rendered":"https:\/\/artapartamento.com\/?page_id=5656"},"modified":"2023-12-08T18:58:06","modified_gmt":"2023-12-08T17:58:06","slug":"girolles-cassees","status":"publish","type":"page","link":"https:\/\/artapartamento.com\/fr\/artistas\/alex-hernandez-2\/cantaros-quebrados\/","title":{"rendered":"Lanceurs cass\u00e9s"},"content":{"rendered":"<div data-elementor-type=\"wp-page\" data-elementor-id=\"5656\" class=\"elementor elementor-5656\" data-elementor-post-type=\"page\">\n\t\t\t\t<div class=\"elementor-element elementor-element-e5bd930 e-con-full e-flex e-con e-parent\" data-id=\"e5bd930\" data-element_type=\"container\" data-e-type=\"container\" data-settings=\"{&quot;background_background&quot;:&quot;classic&quot;}\">\n\t\t<div class=\"elementor-element elementor-element-2f4ab795 e-con-full e-flex e-con e-child\" data-id=\"2f4ab795\" data-element_type=\"container\" data-e-type=\"container\">\n\t\t\t\t<div class=\"elementor-element elementor-element-50814512 elementor-widget elementor-widget-image-carousel\" data-id=\"50814512\" data-element_type=\"widget\" data-e-type=\"widget\" data-settings=\"{&quot;slides_to_show&quot;:&quot;1&quot;,&quot;navigation&quot;:&quot;none&quot;,&quot;autoplay&quot;:&quot;yes&quot;,&quot;pause_on_hover&quot;:&quot;yes&quot;,&quot;pause_on_interaction&quot;:&quot;yes&quot;,&quot;autoplay_speed&quot;:5000,&quot;infinite&quot;:&quot;yes&quot;,&quot;effect&quot;:&quot;slide&quot;,&quot;speed&quot;:500}\" data-widget_type=\"image-carousel.default\">\n\t\t\t\t<div class=\"elementor-widget-container\">\n\t\t\t\t\t\t\t<div class=\"elementor-image-carousel-wrapper swiper\" role=\"region\" aria-roledescription=\"carousel\" aria-label=\"Carrousel d&#039;images\" dir=\"ltr\" data-no-translation-aria-label=\"\">\n\t\t\t<div class=\"elementor-image-carousel swiper-wrapper swiper-image-stretch\" aria-live=\"off\">\n\t\t\t\t\t\t\t\t<div class=\"swiper-slide\" role=\"group\" aria-roledescription=\"slide\" aria-label=\"1 de 1\" data-no-translation-aria-label=\"\"><a data-elementor-open-lightbox=\"yes\" data-elementor-lightbox-slideshow=\"50814512\" data-e-action-hash=\"#elementor-action%3Aaction%3Dlightbox%26settings%3DeyJpZCI6MjUzMSwidXJsIjoiaHR0cHM6XC9cL2FydGFwYXJ0YW1lbnRvLmNvbVwvd3AtY29udGVudFwvdXBsb2Fkc1wvMjAyM1wvMTBcL1JlZmxlam8tQ29uZGljaW9uYWRvLTAxLndlYnAiLCJzbGlkZXNob3ciOiI1MDgxNDUxMiJ9\" href=\"https:\/\/artapartamento.com\/wp-content\/uploads\/2023\/10\/Reflejo-Condicionado-01.webp\"><figure class=\"swiper-slide-inner\"><img decoding=\"async\" class=\"swiper-slide-image\" src=\"https:\/\/artapartamento.com\/wp-content\/uploads\/2023\/10\/Reflejo-Condicionado-01.webp\" alt=\"Alex Hern\u00e1ndez\" \/><\/figure><\/a><\/div>\t\t\t<\/div>\n\t\t\t\t\t<\/div>\n\t\t\t\t\t\t<\/div>\n\t\t\t\t<\/div>\n\t\t\t\t<\/div>\n\t\t<div class=\"elementor-element elementor-element-61a74134 e-con-full e-flex e-con e-child\" data-id=\"61a74134\" data-element_type=\"container\" data-e-type=\"container\">\n\t\t\t\t<div class=\"elementor-element elementor-element-20b9d5ac elementor-widget elementor-widget-heading\" data-id=\"20b9d5ac\" data-element_type=\"widget\" data-e-type=\"widget\" data-widget_type=\"heading.default\">\n\t\t\t\t<div class=\"elementor-widget-container\">\n\t\t\t\t\t<h2 class=\"elementor-heading-title elementor-size-default\"><a href=\"https:\/\/artapartamento.com\/fr\/category\/artistas\/alex-hernandez\/\" rel=\"tag\">Alex Hernandez<\/a><\/h2>\t\t\t\t<\/div>\n\t\t\t\t<\/div>\n\t\t\t\t<div class=\"elementor-element elementor-element-2a5d92d5 elementor-widget elementor-widget-text-editor\" data-id=\"2a5d92d5\" data-element_type=\"widget\" data-e-type=\"widget\" data-widget_type=\"text-editor.default\">\n\t\t\t\t<div class=\"elementor-widget-container\">\n\t\t\t\t\t\t\t\t\t<p>Lanceurs cass\u00e9s, 2022<br \/>Sculpture<br \/>Bottes, souris en ficelle, feuilles d'or<br \/>Dimensions variables<\/p>\t\t\t\t\t\t\t\t<\/div>\n\t\t\t\t<\/div>\n\t\t\t\t<div class=\"elementor-element elementor-element-4f9b2fc1 elementor-widget elementor-widget-text-editor\" data-id=\"4f9b2fc1\" data-element_type=\"widget\" data-e-type=\"widget\" data-widget_type=\"text-editor.default\">\n\t\t\t\t<div class=\"elementor-widget-container\">\n\t\t\t\t\t\t\t\t\t<p>D\u00e9claration de l'\u0153uvre si vous l'avez. D\u00e9claration de l'\u0153uvre si vous l'avez. D\u00e9claration de l'\u0153uvre si vous l'avez. D\u00e9claration de l'\u0153uvre si vous l'avez. D\u00e9claration de l'\u0153uvre si vous l'avez. D\u00e9claration de l'\u0153uvre si elle l'a. D\u00e9claration de l'\u0153uvre si elle l'a. D\u00e9claration de l'\u0153uvre si elle l'a. D\u00e9claration de l'\u0153uvre si elle l'a. D\u00e9claration de l'\u0153uvre si elle l'a. D\u00e9claration de l'\u0153uvre si elle l'a. D\u00e9claration de l'\u0153uvre si elle l'a. D\u00e9claration de l'\u0153uvre si elle l'a. D\u00e9claration de l'\u0153uvre si elle l'a. D\u00e9claration de l'\u0153uvre si vous l'avez. D\u00e9claration de l'\u0153uvre si vous l'avez.\u00a0<\/p>\t\t\t\t\t\t\t\t<\/div>\n\t\t\t\t<\/div>\n\t\t\t\t<div class=\"elementor-element elementor-element-39d8ba11 elementor-align-left elementor-widget elementor-widget-button\" data-id=\"39d8ba11\" data-element_type=\"widget\" data-e-type=\"widget\" data-widget_type=\"button.default\">\n\t\t\t\t<div class=\"elementor-widget-container\">\n\t\t\t\t\t\t\t\t\t<div class=\"elementor-button-wrapper\">\n\t\t\t\t\t<a class=\"elementor-button elementor-size-sm\" role=\"button\">\n\t\t\t\t\t\t<span class=\"elementor-button-content-wrapper\">\n\t\t\t\t\t\t\t\t\t<span class=\"elementor-button-text\">Demande de renseignements<\/span>\n\t\t\t\t\t<\/span>\n\t\t\t\t\t<\/a>\n\t\t\t\t<\/div>\n\t\t\t\t\t\t\t\t<\/div>\n\t\t\t\t<\/div>\n\t\t\t\t<\/div>\n\t\t\t\t<\/div>\n\t\t\t\t<\/div>","protected":false},"excerpt":{"rendered":"<p>C\u00e1ntaros quebrados, 2022EsculturaBotas, ratones de cuerda, pan de oroDimensiones variables Statement de la obra si lo tiene. Statement de la obra si lo tiene. Statement de la obra si lo tiene. Statement de la obra si lo tiene. Statement de la obra si lo tiene. Statement de la obra si lo tiene. Statement de la [&hellip;]<\/p>\n","protected":false},"author":1,"featured_media":2531,"parent":3183,"menu_order":0,"comment_status":"closed","ping_status":"closed","template":"","meta":{"_acf_changed":false,"footnotes":"","_links_to":"","_links_to_target":""},"categories":[40],"tags":[65],"class_list":["post-5656","page","type-page","status-publish","has-post-thumbnail","hentry","category-alex-hernandez","tag-obra","post","post-with-thumbnail","post-with-thumbnail-large"],"acf":[],"aioseo_notices":[],"_links":{"self":[{"href":"https:\/\/artapartamento.com\/fr\/wp-json\/wp\/v2\/pages\/5656","targetHints":{"allow":["GET"]}}],"collection":[{"href":"https:\/\/artapartamento.com\/fr\/wp-json\/wp\/v2\/pages"}],"about":[{"href":"https:\/\/artapartamento.com\/fr\/wp-json\/wp\/v2\/types\/page"}],"author":[{"embeddable":true,"href":"https:\/\/artapartamento.com\/fr\/wp-json\/wp\/v2\/users\/1"}],"replies":[{"embeddable":true,"href":"https:\/\/artapartamento.com\/fr\/wp-json\/wp\/v2\/comments?post=5656"}],"version-history":[{"count":0,"href":"https:\/\/artapartamento.com\/fr\/wp-json\/wp\/v2\/pages\/5656\/revisions"}],"up":[{"embeddable":true,"href":"https:\/\/artapartamento.com\/fr\/wp-json\/wp\/v2\/pages\/3183"}],"wp:featuredmedia":[{"embeddable":true,"href":"https:\/\/artapartamento.com\/fr\/wp-json\/wp\/v2\/media\/2531"}],"wp:attachment":[{"href":"https:\/\/artapartamento.com\/fr\/wp-json\/wp\/v2\/media?parent=5656"}],"wp:term":[{"taxonomy":"category","embeddable":true,"href":"https:\/\/artapartamento.com\/fr\/wp-json\/wp\/v2\/categories?post=5656"},{"taxonomy":"post_tag","embeddable":true,"href":"https:\/\/artapartamento.com\/fr\/wp-json\/wp\/v2\/tags?post=5656"}],"curies":[{"name":"wp","href":"https:\/\/api.w.org\/{rel}","templated":true}]}}