{"id":18870,"date":"2026-02-18T18:02:00","date_gmt":"2026-02-18T17:02:00","guid":{"rendered":"https:\/\/artapartamento.com\/?page_id=18870"},"modified":"2026-02-18T18:04:48","modified_gmt":"2026-02-18T17:04:48","slug":"trois-chats-perdus-dans-la-ville-de-la-fantaisie","status":"publish","type":"page","link":"https:\/\/artapartamento.com\/fr\/tres-gatos-perdidos-en-la-ciudad-de-los-caprichos\/","title":{"rendered":"Trois chats perdus dans la ville de la fantaisie"},"content":{"rendered":"<div data-elementor-type=\"wp-page\" data-elementor-id=\"18870\" class=\"elementor elementor-18870\" data-elementor-post-type=\"page\">\n\t\t\t\t<div class=\"elementor-element elementor-element-30e88639 e-con-full e-flex e-con e-parent\" data-id=\"30e88639\" data-element_type=\"container\" data-e-type=\"container\" data-settings=\"{&quot;background_background&quot;:&quot;classic&quot;}\">\n\t\t<div class=\"elementor-element elementor-element-2ad14864 e-con-full e-flex e-con e-child\" data-id=\"2ad14864\" data-element_type=\"container\" data-e-type=\"container\">\n\t\t\t\t<div class=\"elementor-element elementor-element-662fbb49 elementor-widget elementor-widget-image-carousel\" data-id=\"662fbb49\" data-element_type=\"widget\" data-e-type=\"widget\" data-settings=\"{&quot;slides_to_show&quot;:&quot;1&quot;,&quot;navigation&quot;:&quot;none&quot;,&quot;autoplay&quot;:&quot;yes&quot;,&quot;pause_on_hover&quot;:&quot;yes&quot;,&quot;pause_on_interaction&quot;:&quot;yes&quot;,&quot;autoplay_speed&quot;:5000,&quot;infinite&quot;:&quot;yes&quot;,&quot;effect&quot;:&quot;slide&quot;,&quot;speed&quot;:500}\" data-widget_type=\"image-carousel.default\">\n\t\t\t\t<div class=\"elementor-widget-container\">\n\t\t\t\t\t\t\t<div class=\"elementor-image-carousel-wrapper swiper\" role=\"region\" aria-roledescription=\"carousel\" aria-label=\"Carrousel d&#039;images\" dir=\"ltr\">\n\t\t\t<div class=\"elementor-image-carousel swiper-wrapper swiper-image-stretch\" aria-live=\"off\">\n\t\t\t\t\t\t\t\t<div class=\"swiper-slide\" role=\"group\" aria-roledescription=\"slide\" aria-label=\"1 de 1\" data-no-translation-aria-label=\"\"><a data-elementor-open-lightbox=\"yes\" data-elementor-lightbox-slideshow=\"662fbb49\" data-e-action-hash=\"#elementor-action%3Aaction%3Dlightbox%26settings%3DeyJpZCI6MTg4MDEsInVybCI6Imh0dHBzOlwvXC9hcnRhcGFydGFtZW50by5jb21cL3dwLWNvbnRlbnRcL3VwbG9hZHNcLzIwMjZcLzAyXC84Li1UcmVzLWdhdG9zLXBlcmRpZG9zLWVuLWxhLWNpdWRhZC1kZS1sb3MtY2FwcmljaG9zLTIzLjZ4NDkuMng4LjNpbmNoZXMtc2NhbGVkLmpwZy53ZWJwIiwic2xpZGVzaG93IjoiNjYyZmJiNDkifQ%3D%3D\" href=\"https:\/\/artapartamento.com\/wp-content\/uploads\/2026\/02\/8.-Tres-gatos-perdidos-en-la-ciudad-de-los-caprichos-23.6x49.2x8.3inches-scaled.jpg.webp\"><figure class=\"swiper-slide-inner\"><img decoding=\"async\" class=\"swiper-slide-image\" src=\"https:\/\/artapartamento.com\/wp-content\/uploads\/2026\/02\/8.-Tres-gatos-perdidos-en-la-ciudad-de-los-caprichos-23.6x49.2x8.3inches-scaled.jpg.webp\" alt=\"Jose Manuel Mes\u00edas\" \/><\/figure><\/a><\/div>\t\t\t<\/div>\n\t\t\t\t\t<\/div>\n\t\t\t\t\t\t<\/div>\n\t\t\t\t<\/div>\n\t\t\t\t<\/div>\n\t\t<div class=\"elementor-element elementor-element-582861d7 e-con-full e-flex e-con e-child\" data-id=\"582861d7\" data-element_type=\"container\" data-e-type=\"container\">\n\t\t\t\t<div class=\"elementor-element elementor-element-634a29f3 elementor-widget elementor-widget-heading\" data-id=\"634a29f3\" data-element_type=\"widget\" data-e-type=\"widget\" data-widget_type=\"heading.default\">\n\t\t\t\t<div class=\"elementor-widget-container\">\n\t\t\t\t\t<h2 class=\"elementor-heading-title elementor-size-default\"><a href=\"https:\/\/artapartamento.com\/fr\/category\/artistas\/jose-manuel-mesias\/\" rel=\"tag\">Jos\u00e9 Manuel Mes\u00edas<\/a><\/h2>\t\t\t\t<\/div>\n\t\t\t\t<\/div>\n\t\t\t\t<div class=\"elementor-element elementor-element-1fb4d27d elementor-widget elementor-widget-text-editor\" data-id=\"1fb4d27d\" data-element_type=\"widget\" data-e-type=\"widget\" data-widget_type=\"text-editor.default\">\n\t\t\t\t<div class=\"elementor-widget-container\">\n\t\t\t\t\t\t\t\t\t<p><i>Trois chats perdus dans la ville de la fantaisie<\/i>, 2024<\/p><p><br \/>Livre-objet. M\u00e9dia mixtes. <br \/><br \/>60 x 76 x 21 cm<\/p>\t\t\t\t\t\t\t\t<\/div>\n\t\t\t\t<\/div>\n\t\t\t\t<div class=\"elementor-element elementor-element-2cb3d87e elementor-widget elementor-widget-text-editor\" data-id=\"2cb3d87e\" data-element_type=\"widget\" data-e-type=\"widget\" data-widget_type=\"text-editor.default\">\n\t\t\t\t<div class=\"elementor-widget-container\">\n\t\t\t\t\t\t\t\t\t<p>R\u00e9cemment, j'ai explor\u00e9 des dispositifs li\u00e9s au monde de l'\u00e9dition. Cette pi\u00e8ce illustre la coh\u00e9sion entre la peinture et les objets trouv\u00e9s, deux des m\u00e9dias les plus r\u00e9currents dans mon travail. Il s'agit d'un livre <em>pop-up<\/em> r\u00e9alis\u00e9 \u00e0 partir d'images peintes et assembl\u00e9es avec des objets provenant de mes archives de trouvailles de rue. L'histoire de mes chats.<\/p>\t\t\t\t\t\t\t\t<\/div>\n\t\t\t\t<\/div>\n\t\t\t\t<div class=\"elementor-element elementor-element-629c35fc elementor-align-left elementor-widget elementor-widget-button\" data-id=\"629c35fc\" data-element_type=\"widget\" data-e-type=\"widget\" data-widget_type=\"button.default\">\n\t\t\t\t<div class=\"elementor-widget-container\">\n\t\t\t\t\t\t\t\t\t<div class=\"elementor-button-wrapper\">\n\t\t\t\t\t<a class=\"elementor-button elementor-size-sm\" role=\"button\">\n\t\t\t\t\t\t<span class=\"elementor-button-content-wrapper\">\n\t\t\t\t\t\t\t\t\t<span class=\"elementor-button-text\">Demande de renseignements<\/span>\n\t\t\t\t\t<\/span>\n\t\t\t\t\t<\/a>\n\t\t\t\t<\/div>\n\t\t\t\t\t\t\t\t<\/div>\n\t\t\t\t<\/div>\n\t\t\t\t<\/div>\n\t\t\t\t<\/div>\n\t\t\t\t<\/div>","protected":false},"excerpt":{"rendered":"<p>Tres gatos perdidos en la ciudad de los caprichos, 2024 Libro objeto. T\u00e9cnica mixta. 60 x 76 x 21 cm Recientemente he explorado dispositivos vinculados al mundo editorial. Esta pieza ejemplifica una cohesi\u00f3n entre la pintura y los objetos encontrados, dos de los medios m\u00e1s recurrentes en mi trabajo. Se trata de un libro pop-up [&hellip;]<\/p>\n","protected":false},"author":1,"featured_media":18801,"parent":0,"menu_order":0,"comment_status":"closed","ping_status":"closed","template":"","meta":{"_acf_changed":false,"footnotes":"","_links_to":"","_links_to_target":""},"categories":[47],"tags":[65],"class_list":["post-18870","page","type-page","status-publish","has-post-thumbnail","hentry","category-jose-manuel-mesias","tag-obra","post","post-with-thumbnail","post-with-thumbnail-large"],"acf":[],"aioseo_notices":[],"_links":{"self":[{"href":"https:\/\/artapartamento.com\/fr\/wp-json\/wp\/v2\/pages\/18870","targetHints":{"allow":["GET"]}}],"collection":[{"href":"https:\/\/artapartamento.com\/fr\/wp-json\/wp\/v2\/pages"}],"about":[{"href":"https:\/\/artapartamento.com\/fr\/wp-json\/wp\/v2\/types\/page"}],"author":[{"embeddable":true,"href":"https:\/\/artapartamento.com\/fr\/wp-json\/wp\/v2\/users\/1"}],"replies":[{"embeddable":true,"href":"https:\/\/artapartamento.com\/fr\/wp-json\/wp\/v2\/comments?post=18870"}],"version-history":[{"count":0,"href":"https:\/\/artapartamento.com\/fr\/wp-json\/wp\/v2\/pages\/18870\/revisions"}],"wp:featuredmedia":[{"embeddable":true,"href":"https:\/\/artapartamento.com\/fr\/wp-json\/wp\/v2\/media\/18801"}],"wp:attachment":[{"href":"https:\/\/artapartamento.com\/fr\/wp-json\/wp\/v2\/media?parent=18870"}],"wp:term":[{"taxonomy":"category","embeddable":true,"href":"https:\/\/artapartamento.com\/fr\/wp-json\/wp\/v2\/categories?post=18870"},{"taxonomy":"post_tag","embeddable":true,"href":"https:\/\/artapartamento.com\/fr\/wp-json\/wp\/v2\/tags?post=18870"}],"curies":[{"name":"wp","href":"https:\/\/api.w.org\/{rel}","templated":true}]}}