{"id":18844,"date":"2026-02-18T17:50:04","date_gmt":"2026-02-18T16:50:04","guid":{"rendered":"https:\/\/artapartamento.com\/?page_id=18844"},"modified":"2026-02-18T17:54:37","modified_gmt":"2026-02-18T16:54:37","slug":"les-soliloques-de-cespedes","status":"publish","type":"page","link":"https:\/\/artapartamento.com\/fr\/los-soliloquios-de-cespedes\/","title":{"rendered":"Les soliloques de C\u00e9spedes"},"content":{"rendered":"<div data-elementor-type=\"wp-page\" data-elementor-id=\"18844\" class=\"elementor elementor-18844\" data-elementor-post-type=\"page\">\n\t\t\t\t<div class=\"elementor-element elementor-element-5b29bcc1 e-con-full e-flex e-con e-parent\" data-id=\"5b29bcc1\" data-element_type=\"container\" data-e-type=\"container\" data-settings=\"{&quot;background_background&quot;:&quot;classic&quot;}\">\n\t\t<div class=\"elementor-element elementor-element-395bce27 e-con-full e-flex e-con e-child\" data-id=\"395bce27\" data-element_type=\"container\" data-e-type=\"container\">\n\t\t\t\t<div class=\"elementor-element elementor-element-31efb736 elementor-widget elementor-widget-image-carousel\" data-id=\"31efb736\" data-element_type=\"widget\" data-e-type=\"widget\" data-settings=\"{&quot;slides_to_show&quot;:&quot;1&quot;,&quot;navigation&quot;:&quot;none&quot;,&quot;autoplay&quot;:&quot;yes&quot;,&quot;pause_on_hover&quot;:&quot;yes&quot;,&quot;pause_on_interaction&quot;:&quot;yes&quot;,&quot;autoplay_speed&quot;:5000,&quot;infinite&quot;:&quot;yes&quot;,&quot;effect&quot;:&quot;slide&quot;,&quot;speed&quot;:500}\" data-widget_type=\"image-carousel.default\">\n\t\t\t\t<div class=\"elementor-widget-container\">\n\t\t\t\t\t\t\t<div class=\"elementor-image-carousel-wrapper swiper\" role=\"region\" aria-roledescription=\"carousel\" aria-label=\"Carrousel d&#039;images\" dir=\"ltr\">\n\t\t\t<div class=\"elementor-image-carousel swiper-wrapper swiper-image-stretch\" aria-live=\"off\">\n\t\t\t\t\t\t\t\t<div class=\"swiper-slide\" role=\"group\" aria-roledescription=\"slide\" aria-label=\"1 de 1\" data-no-translation-aria-label=\"\"><a data-elementor-open-lightbox=\"yes\" data-elementor-lightbox-slideshow=\"31efb736\" data-e-action-hash=\"#elementor-action%3Aaction%3Dlightbox%26settings%3DeyJpZCI6MTg4MTMsInVybCI6Imh0dHBzOlwvXC9hcnRhcGFydGFtZW50by5jb21cL3dwLWNvbnRlbnRcL3VwbG9hZHNcLzIwMjZcLzAyXC82Li1Mb3Mtc29saWxvcXVpb3MtZGUtQ2VzcGVkZXMuanBnLndlYnAiLCJzbGlkZXNob3ciOiIzMWVmYjczNiJ9\" href=\"https:\/\/artapartamento.com\/wp-content\/uploads\/2026\/02\/6.-Los-soliloquios-de-Cespedes.jpg.webp\"><figure class=\"swiper-slide-inner\"><img decoding=\"async\" class=\"swiper-slide-image\" src=\"https:\/\/artapartamento.com\/wp-content\/uploads\/2026\/02\/6.-Los-soliloquios-de-Cespedes.jpg.webp\" alt=\"Jos\u00e9 Manuel Mes\u00edas\" \/><\/figure><\/a><\/div>\t\t\t<\/div>\n\t\t\t\t\t<\/div>\n\t\t\t\t\t\t<\/div>\n\t\t\t\t<\/div>\n\t\t\t\t<\/div>\n\t\t<div class=\"elementor-element elementor-element-76d14c6a e-con-full e-flex e-con e-child\" data-id=\"76d14c6a\" data-element_type=\"container\" data-e-type=\"container\">\n\t\t\t\t<div class=\"elementor-element elementor-element-34aa1745 elementor-widget elementor-widget-heading\" data-id=\"34aa1745\" data-element_type=\"widget\" data-e-type=\"widget\" data-widget_type=\"heading.default\">\n\t\t\t\t<div class=\"elementor-widget-container\">\n\t\t\t\t\t<h2 class=\"elementor-heading-title elementor-size-default\"><a href=\"https:\/\/artapartamento.com\/fr\/category\/artistas\/jose-manuel-mesias\/\" rel=\"tag\">Jos\u00e9 Manuel Mes\u00edas<\/a><\/h2>\t\t\t\t<\/div>\n\t\t\t\t<\/div>\n\t\t\t\t<div class=\"elementor-element elementor-element-5763e13b elementor-widget elementor-widget-text-editor\" data-id=\"5763e13b\" data-element_type=\"widget\" data-e-type=\"widget\" data-widget_type=\"text-editor.default\">\n\t\t\t\t<div class=\"elementor-widget-container\">\n\t\t\t\t\t\t\t\t\t<p><i>Les soliloques de C\u00e9spedes<\/i>. De la s\u00e9rie : <i>Index des <\/i><\/p><p><i>Images<\/i>.<\/p><p>Taxidermie de mulet, jeu d'\u00e9checs et sangles.<\/p><p>135 x 75 x 181 cm<\/p>\t\t\t\t\t\t\t\t<\/div>\n\t\t\t\t<\/div>\n\t\t\t\t<div class=\"elementor-element elementor-element-4f3461f6 elementor-widget elementor-widget-text-editor\" data-id=\"4f3461f6\" data-element_type=\"widget\" data-e-type=\"widget\" data-widget_type=\"text-editor.default\">\n\t\t\t\t<div class=\"elementor-widget-container\">\n\t\t\t\t\t\t\t\t\t<ul><li>\u00c9chiquier et pi\u00e8ces d'\u00e9checs appartenant \u00e0 Fernando Figueredo Socarr\u00e1s, don de Carlos Manuel de C\u00e9spedes del Castillo.<\/li><li>Taxidermie command\u00e9e par le major g\u00e9n\u00e9ral Francisco Javier C\u00e9spedes \u00e0 Miguel Bravo Sant\u00edes, m\u00e9decin et biologiste amateur, ancien secr\u00e9taire de C\u00e9spedes ; r\u00e9alis\u00e9e avec deux cuisses de mulets provenant du domaine de San Lorenzo.<\/li><\/ul><p>Cette curieuse pi\u00e8ce est bas\u00e9e sur une anecdote de C\u00e9spedes, qui raconte avoir vu l'une de ses mules, Candela, mettre au monde un veau siamois difforme qui, \u00e9tonnamment, est n\u00e9 vivant et a fait quelques pas avant de mourir \u00e0 peine une minute plus tard. La mule avait apparemment \u00e9t\u00e9 mont\u00e9e par l'\u00e2ne Mas\u00f3n, sur lequel C\u00e9spedes transportait ses effets personnels. Les mules \u00e9tant g\u00e9n\u00e9ralement st\u00e9riles, lorsqu'elles mettent bas, leur prog\u00e9niture est g\u00e9n\u00e9ralement faible ou pr\u00e9sente des anomalies qui ne survivent pas \u00e0 la naissance.<\/p><p>L'image de l'objet a \u00e9t\u00e9 utilis\u00e9e par l'organisation Bravo, <em>Fr\u00e8res du silence<\/em>, qui allait donner lieu \u00e0 la s\u00e9dition malencontreuse de Lagunas de Varona. L'embl\u00e8me con\u00e7u pour le \u201cparti cespedista\u201d secret comprenait, sur la croupe de l'animal, un \u00e9chiquier sur lequel figurait un seul roi blanc, avec toutes ses pi\u00e8ces rassembl\u00e9es \u00e0 l'extr\u00e9mit\u00e9 oppos\u00e9e. Selon les termes de Bravo, en exposant les raisons de sa conspiration :<\/p><p><em>\u201cL'\u00e9chiquier est une m\u00e9taphore de la trahison par les Cubains du leader l\u00e9gitime de la R\u00e9publique, qui \u00e9tait un ma\u00eetre du jeu d'\u00e9checs, une all\u00e9gorie de la pens\u00e9e militaire\u201d.\u201d<\/em><\/p><p>Le p\u00e8re de la nation cubaine, Carlos Manuel de C\u00e9spedes, a pass\u00e9 ses derniers jours confin\u00e9 dans les montagnes de l'est de Cuba apr\u00e8s avoir \u00e9t\u00e9 ill\u00e9galement destitu\u00e9 de la pr\u00e9sidence de la R\u00e9publique en armes. Les pages de son journal sont remplies de r\u00e9flexions passionn\u00e9es sur sa vie, son r\u00f4le dans l'histoire, ses ennemis, la r\u00e9volution, et de nombreuses images symboliques qui laissent entrevoir l'imminence d'une fin tragique.<\/p><p>La pi\u00e8ce fonctionne comme une m\u00e9taphore de son agonie et de sa solitude, ainsi que de l'\u00e9chec r\u00e9current de notre histoire caus\u00e9 par un mal qui na\u00eet de l'int\u00e9rieur. Les mules siamoises, pr\u00e9sent\u00e9es comme une relique historique, pourraient parfaitement \u00eatre extraites du cauchemar du h\u00e9ros : le corps d'une nation divis\u00e9e par le plus grand mal du colonialisme. \u00c0 la croupe, dans un \u00e9trange coup d'\u00e9checs, le roi blanc est laiss\u00e9 seul face au sien, allusion \u00e0 la fa\u00e7on dont C\u00e9spedes a \u00e9t\u00e9 abandonn\u00e9 par les Cubains et laiss\u00e9 \u00e0 la merci des Espagnols.<\/p>\t\t\t\t\t\t\t\t<\/div>\n\t\t\t\t<\/div>\n\t\t\t\t<div class=\"elementor-element elementor-element-3bfd19e4 elementor-align-left elementor-widget elementor-widget-button\" data-id=\"3bfd19e4\" data-element_type=\"widget\" data-e-type=\"widget\" data-widget_type=\"button.default\">\n\t\t\t\t<div class=\"elementor-widget-container\">\n\t\t\t\t\t\t\t\t\t<div class=\"elementor-button-wrapper\">\n\t\t\t\t\t<a class=\"elementor-button elementor-size-sm\" role=\"button\">\n\t\t\t\t\t\t<span class=\"elementor-button-content-wrapper\">\n\t\t\t\t\t\t\t\t\t<span class=\"elementor-button-text\">Demande de renseignements<\/span>\n\t\t\t\t\t<\/span>\n\t\t\t\t\t<\/a>\n\t\t\t\t<\/div>\n\t\t\t\t\t\t\t\t<\/div>\n\t\t\t\t<\/div>\n\t\t\t\t<\/div>\n\t\t\t\t<\/div>\n\t\t\t\t<\/div>","protected":false},"excerpt":{"rendered":"<p>Los soliloquios de C\u00e9spedes. De la serie: \u00cdndice de Im\u00e1genes. Taxidermia de mula, juego de ajedrez y correas. 135 x 75 x 181 cm Tablero y fichas de ajedrez pertenecientes a Fernando Figueredo Socarr\u00e1s, donados por Carlos Manuel de C\u00e9spedes del Castillo. Trabajo de taxidermia encomendado por el Mayor General Francisco Javier C\u00e9spedes a Miguel [&hellip;]<\/p>\n","protected":false},"author":1,"featured_media":18813,"parent":0,"menu_order":0,"comment_status":"closed","ping_status":"closed","template":"","meta":{"_acf_changed":false,"footnotes":"","_links_to":"","_links_to_target":""},"categories":[47],"tags":[65],"class_list":["post-18844","page","type-page","status-publish","has-post-thumbnail","hentry","category-jose-manuel-mesias","tag-obra","post","post-with-thumbnail","post-with-thumbnail-large"],"acf":[],"aioseo_notices":[],"_links":{"self":[{"href":"https:\/\/artapartamento.com\/fr\/wp-json\/wp\/v2\/pages\/18844","targetHints":{"allow":["GET"]}}],"collection":[{"href":"https:\/\/artapartamento.com\/fr\/wp-json\/wp\/v2\/pages"}],"about":[{"href":"https:\/\/artapartamento.com\/fr\/wp-json\/wp\/v2\/types\/page"}],"author":[{"embeddable":true,"href":"https:\/\/artapartamento.com\/fr\/wp-json\/wp\/v2\/users\/1"}],"replies":[{"embeddable":true,"href":"https:\/\/artapartamento.com\/fr\/wp-json\/wp\/v2\/comments?post=18844"}],"version-history":[{"count":0,"href":"https:\/\/artapartamento.com\/fr\/wp-json\/wp\/v2\/pages\/18844\/revisions"}],"wp:featuredmedia":[{"embeddable":true,"href":"https:\/\/artapartamento.com\/fr\/wp-json\/wp\/v2\/media\/18813"}],"wp:attachment":[{"href":"https:\/\/artapartamento.com\/fr\/wp-json\/wp\/v2\/media?parent=18844"}],"wp:term":[{"taxonomy":"category","embeddable":true,"href":"https:\/\/artapartamento.com\/fr\/wp-json\/wp\/v2\/categories?post=18844"},{"taxonomy":"post_tag","embeddable":true,"href":"https:\/\/artapartamento.com\/fr\/wp-json\/wp\/v2\/tags?post=18844"}],"curies":[{"name":"wp","href":"https:\/\/api.w.org\/{rel}","templated":true}]}}