{"id":17905,"date":"2025-12-10T14:11:10","date_gmt":"2025-12-10T13:11:10","guid":{"rendered":"https:\/\/artapartamento.com\/?page_id=17905"},"modified":"2025-12-10T14:33:35","modified_gmt":"2025-12-10T13:33:35","slug":"licuala-avec-des-fruits-de-la-serie-manigua","status":"publish","type":"page","link":"https:\/\/artapartamento.com\/fr\/licuala-con-frutos-de-la-serie-manigua\/","title":{"rendered":"Licuala avec fruits, de la s\u00e9rie Manigua"},"content":{"rendered":"<div data-elementor-type=\"wp-page\" data-elementor-id=\"17905\" class=\"elementor elementor-17905\" data-elementor-post-type=\"page\">\n\t\t\t\t<div class=\"elementor-element elementor-element-1ef7b7af e-con-full e-flex e-con e-parent\" data-id=\"1ef7b7af\" data-element_type=\"container\" data-e-type=\"container\" data-settings=\"{&quot;background_background&quot;:&quot;classic&quot;}\">\n\t\t<div class=\"elementor-element elementor-element-3c881c76 e-con-full e-flex e-con e-child\" data-id=\"3c881c76\" data-element_type=\"container\" data-e-type=\"container\">\n\t\t\t\t<div class=\"elementor-element elementor-element-7c6d1500 elementor-widget elementor-widget-image-carousel\" data-id=\"7c6d1500\" data-element_type=\"widget\" data-e-type=\"widget\" data-settings=\"{&quot;slides_to_show&quot;:&quot;1&quot;,&quot;navigation&quot;:&quot;none&quot;,&quot;autoplay&quot;:&quot;yes&quot;,&quot;pause_on_hover&quot;:&quot;yes&quot;,&quot;pause_on_interaction&quot;:&quot;yes&quot;,&quot;autoplay_speed&quot;:5000,&quot;infinite&quot;:&quot;yes&quot;,&quot;effect&quot;:&quot;slide&quot;,&quot;speed&quot;:500}\" data-widget_type=\"image-carousel.default\">\n\t\t\t\t<div class=\"elementor-widget-container\">\n\t\t\t\t\t\t\t<div class=\"elementor-image-carousel-wrapper swiper\" role=\"region\" aria-roledescription=\"carousel\" aria-label=\"Carrousel d&#039;images\" dir=\"ltr\">\n\t\t\t<div class=\"elementor-image-carousel swiper-wrapper swiper-image-stretch\" aria-live=\"off\">\n\t\t\t\t\t\t\t\t<div class=\"swiper-slide\" role=\"group\" aria-roledescription=\"slide\" aria-label=\"1 de 9\"><a data-elementor-open-lightbox=\"yes\" data-elementor-lightbox-slideshow=\"7c6d1500\" data-e-action-hash=\"#elementor-action%3Aaction%3Dlightbox%26settings%3DeyJpZCI6MTc4NTIsInVybCI6Imh0dHBzOlwvXC9hcnRhcGFydGFtZW50by5jb21cL3dwLWNvbnRlbnRcL3VwbG9hZHNcLzIwMjVcLzEyXC8xLkFSSUFNTkEtQ09OVElOTy1BbGV4LUhlcm5hbmV6MTItc2NhbGVkLmpwZy53ZWJwIiwic2xpZGVzaG93IjoiN2M2ZDE1MDAifQ%3D%3D\" href=\"https:\/\/artapartamento.com\/wp-content\/uploads\/2025\/12\/1.ARIAMNA-CONTINO-Alex-Hernanez12-scaled.jpg.webp\"><figure class=\"swiper-slide-inner\"><img decoding=\"async\" class=\"swiper-slide-image\" src=\"https:\/\/artapartamento.com\/wp-content\/uploads\/2025\/12\/1.ARIAMNA-CONTINO-Alex-Hernanez12-scaled.jpg.webp\" alt=\"Ariamna Contino\" \/><\/figure><\/a><\/div><div class=\"swiper-slide\" role=\"group\" aria-roledescription=\"slide\" aria-label=\"2 de 9\"><a data-elementor-open-lightbox=\"yes\" data-elementor-lightbox-slideshow=\"7c6d1500\" data-e-action-hash=\"#elementor-action%3Aaction%3Dlightbox%26settings%3DeyJpZCI6MTc4NjAsInVybCI6Imh0dHBzOlwvXC9hcnRhcGFydGFtZW50by5jb21cL3dwLWNvbnRlbnRcL3VwbG9hZHNcLzIwMjVcLzEyXC8yNy1pbWFnZS04LmpwZy53ZWJwIiwic2xpZGVzaG93IjoiN2M2ZDE1MDAifQ%3D%3D\" href=\"https:\/\/artapartamento.com\/wp-content\/uploads\/2025\/12\/27-image-8.jpg.webp\"><figure class=\"swiper-slide-inner\"><img decoding=\"async\" class=\"swiper-slide-image\" src=\"https:\/\/artapartamento.com\/wp-content\/uploads\/2025\/12\/27-image-8.jpg.webp\" alt=\"Ariamna Contino\" \/><\/figure><\/a><\/div><div class=\"swiper-slide\" role=\"group\" aria-roledescription=\"slide\" aria-label=\"3 de 9\"><a data-elementor-open-lightbox=\"yes\" data-elementor-lightbox-slideshow=\"7c6d1500\" data-e-action-hash=\"#elementor-action%3Aaction%3Dlightbox%26settings%3DeyJpZCI6MTc4NjEsInVybCI6Imh0dHBzOlwvXC9hcnRhcGFydGFtZW50by5jb21cL3dwLWNvbnRlbnRcL3VwbG9hZHNcLzIwMjVcLzEyXC8yNy1pbWFnZS03LmpwZy53ZWJwIiwic2xpZGVzaG93IjoiN2M2ZDE1MDAifQ%3D%3D\" href=\"https:\/\/artapartamento.com\/wp-content\/uploads\/2025\/12\/27-image-7.jpg.webp\"><figure class=\"swiper-slide-inner\"><img decoding=\"async\" class=\"swiper-slide-image\" src=\"https:\/\/artapartamento.com\/wp-content\/uploads\/2025\/12\/27-image-7.jpg.webp\" alt=\"Ariamna Contino\" \/><\/figure><\/a><\/div><div class=\"swiper-slide\" role=\"group\" aria-roledescription=\"slide\" aria-label=\"4 de 9\"><a data-elementor-open-lightbox=\"yes\" data-elementor-lightbox-slideshow=\"7c6d1500\" data-e-action-hash=\"#elementor-action%3Aaction%3Dlightbox%26settings%3DeyJpZCI6MTc4NjIsInVybCI6Imh0dHBzOlwvXC9hcnRhcGFydGFtZW50by5jb21cL3dwLWNvbnRlbnRcL3VwbG9hZHNcLzIwMjVcLzEyXC8yNy1pbWFnZS02LmpwZy53ZWJwIiwic2xpZGVzaG93IjoiN2M2ZDE1MDAifQ%3D%3D\" href=\"https:\/\/artapartamento.com\/wp-content\/uploads\/2025\/12\/27-image-6.jpg.webp\"><figure class=\"swiper-slide-inner\"><img decoding=\"async\" class=\"swiper-slide-image\" src=\"https:\/\/artapartamento.com\/wp-content\/uploads\/2025\/12\/27-image-6.jpg.webp\" alt=\"Ariamna Contino\" \/><\/figure><\/a><\/div><div class=\"swiper-slide\" role=\"group\" aria-roledescription=\"slide\" aria-label=\"5 sur 9\"><a data-elementor-open-lightbox=\"yes\" data-elementor-lightbox-slideshow=\"7c6d1500\" data-e-action-hash=\"#elementor-action%3Aaction%3Dlightbox%26settings%3DeyJpZCI6MTc4NjMsInVybCI6Imh0dHBzOlwvXC9hcnRhcGFydGFtZW50by5jb21cL3dwLWNvbnRlbnRcL3VwbG9hZHNcLzIwMjVcLzEyXC8yNy1pbWFnZS01LmpwZy53ZWJwIiwic2xpZGVzaG93IjoiN2M2ZDE1MDAifQ%3D%3D\" href=\"https:\/\/artapartamento.com\/wp-content\/uploads\/2025\/12\/27-image-5.jpg.webp\"><figure class=\"swiper-slide-inner\"><img decoding=\"async\" class=\"swiper-slide-image\" src=\"https:\/\/artapartamento.com\/wp-content\/uploads\/2025\/12\/27-image-5.jpg.webp\" alt=\"Ariamna Contino\" \/><\/figure><\/a><\/div><div class=\"swiper-slide\" role=\"group\" aria-roledescription=\"slide\" aria-label=\"6 de 9\"><a data-elementor-open-lightbox=\"yes\" data-elementor-lightbox-slideshow=\"7c6d1500\" data-e-action-hash=\"#elementor-action%3Aaction%3Dlightbox%26settings%3DeyJpZCI6MTc4NjQsInVybCI6Imh0dHBzOlwvXC9hcnRhcGFydGFtZW50by5jb21cL3dwLWNvbnRlbnRcL3VwbG9hZHNcLzIwMjVcLzEyXC8yNy1pbWFnZS00LmpwZy53ZWJwIiwic2xpZGVzaG93IjoiN2M2ZDE1MDAifQ%3D%3D\" href=\"https:\/\/artapartamento.com\/wp-content\/uploads\/2025\/12\/27-image-4.jpg.webp\"><figure class=\"swiper-slide-inner\"><img decoding=\"async\" class=\"swiper-slide-image\" src=\"https:\/\/artapartamento.com\/wp-content\/uploads\/2025\/12\/27-image-4.jpg.webp\" alt=\"Ariamna Contino\" \/><\/figure><\/a><\/div><div class=\"swiper-slide\" role=\"group\" aria-roledescription=\"slide\" aria-label=\"7 sur 9\"><a data-elementor-open-lightbox=\"yes\" data-elementor-lightbox-slideshow=\"7c6d1500\" data-e-action-hash=\"#elementor-action%3Aaction%3Dlightbox%26settings%3DeyJpZCI6MTc4NjUsInVybCI6Imh0dHBzOlwvXC9hcnRhcGFydGFtZW50by5jb21cL3dwLWNvbnRlbnRcL3VwbG9hZHNcLzIwMjVcLzEyXC8yNy1pbWFnZS0zLmpwZy53ZWJwIiwic2xpZGVzaG93IjoiN2M2ZDE1MDAifQ%3D%3D\" href=\"https:\/\/artapartamento.com\/wp-content\/uploads\/2025\/12\/27-image-3.jpg.webp\"><figure class=\"swiper-slide-inner\"><img decoding=\"async\" class=\"swiper-slide-image\" src=\"https:\/\/artapartamento.com\/wp-content\/uploads\/2025\/12\/27-image-3.jpg.webp\" alt=\"Ariamna Contino\" \/><\/figure><\/a><\/div><div class=\"swiper-slide\" role=\"group\" aria-roledescription=\"slide\" aria-label=\"8 sur 9\"><a data-elementor-open-lightbox=\"yes\" data-elementor-lightbox-slideshow=\"7c6d1500\" data-e-action-hash=\"#elementor-action%3Aaction%3Dlightbox%26settings%3DeyJpZCI6MTc4NjYsInVybCI6Imh0dHBzOlwvXC9hcnRhcGFydGFtZW50by5jb21cL3dwLWNvbnRlbnRcL3VwbG9hZHNcLzIwMjVcLzEyXC8yNy1pbWFnZS0yLmpwZy53ZWJwIiwic2xpZGVzaG93IjoiN2M2ZDE1MDAifQ%3D%3D\" href=\"https:\/\/artapartamento.com\/wp-content\/uploads\/2025\/12\/27-image-2.jpg.webp\"><figure class=\"swiper-slide-inner\"><img decoding=\"async\" class=\"swiper-slide-image\" src=\"https:\/\/artapartamento.com\/wp-content\/uploads\/2025\/12\/27-image-2.jpg.webp\" alt=\"Ariamna Contino\" \/><\/figure><\/a><\/div><div class=\"swiper-slide\" role=\"group\" aria-roledescription=\"slide\" aria-label=\"9 sur 9\"><a data-elementor-open-lightbox=\"yes\" data-elementor-lightbox-slideshow=\"7c6d1500\" data-e-action-hash=\"#elementor-action%3Aaction%3Dlightbox%26settings%3DeyJpZCI6MTc4NjcsInVybCI6Imh0dHBzOlwvXC9hcnRhcGFydGFtZW50by5jb21cL3dwLWNvbnRlbnRcL3VwbG9hZHNcLzIwMjVcLzEyXC8yNy1pbWFnZS0xLmpwZy53ZWJwIiwic2xpZGVzaG93IjoiN2M2ZDE1MDAifQ%3D%3D\" href=\"https:\/\/artapartamento.com\/wp-content\/uploads\/2025\/12\/27-image-1.jpg.webp\"><figure class=\"swiper-slide-inner\"><img decoding=\"async\" class=\"swiper-slide-image\" src=\"https:\/\/artapartamento.com\/wp-content\/uploads\/2025\/12\/27-image-1.jpg.webp\" alt=\"Ariamna Contino\" \/><\/figure><\/a><\/div>\t\t\t<\/div>\n\t\t\t\t\t\t\t\n\t\t\t\t\t\t\t\t\t<\/div>\n\t\t\t\t\t\t<\/div>\n\t\t\t\t<\/div>\n\t\t\t\t<\/div>\n\t\t<div class=\"elementor-element elementor-element-5db58da0 e-con-full e-flex e-con e-child\" data-id=\"5db58da0\" data-element_type=\"container\" data-e-type=\"container\">\n\t\t\t\t<div class=\"elementor-element elementor-element-2c2e77d6 elementor-widget elementor-widget-heading\" data-id=\"2c2e77d6\" data-element_type=\"widget\" data-e-type=\"widget\" data-widget_type=\"heading.default\">\n\t\t\t\t<div class=\"elementor-widget-container\">\n\t\t\t\t\t<h2 class=\"elementor-heading-title elementor-size-default\"><a href=\"https:\/\/artapartamento.com\/fr\/category\/artistas\/ariamna-contino\/\" rel=\"tag\">Ariamna Contino<\/a><\/h2>\t\t\t\t<\/div>\n\t\t\t\t<\/div>\n\t\t\t\t<div class=\"elementor-element elementor-element-61fcb886 elementor-widget elementor-widget-text-editor\" data-id=\"61fcb886\" data-element_type=\"widget\" data-e-type=\"widget\" data-widget_type=\"text-editor.default\">\n\t\t\t\t<div class=\"elementor-widget-container\">\n\t\t\t\t\t\t\t\t\t<p><i>Licuala avec fruits<\/i>de la s\u00e9rie <i>Manigua<\/i>, 2025<\/p><p>Papier coup\u00e9 \u00e0 la main \/ Fabriano 300 g Cold Press<\/p><p>carton aquarelle sans acide et verre mus\u00e9e<\/p><p>203 x 153 cm (80 x 60,2 pouces)<\/p>\t\t\t\t\t\t\t\t<\/div>\n\t\t\t\t<\/div>\n\t\t\t\t<div class=\"elementor-element elementor-element-2458a13b elementor-widget elementor-widget-text-editor\" data-id=\"2458a13b\" data-element_type=\"widget\" data-e-type=\"widget\" data-widget_type=\"text-editor.default\">\n\t\t\t\t<div class=\"elementor-widget-container\">\n\t\t\t\t\t\t\t\t\t<p data-start=\"112\" data-end=\"470\">D'un point de vue \u00e9tymologique, l'origine du mot <em data-start=\"173\" data-end=\"182\">manigua<\/em> peut \u00eatre retrac\u00e9 jusqu'\u00e0 la langue des Ta\u00efnos. Il fait r\u00e9f\u00e9rence \u00e0 un habitat o\u00f9 la nature est sauvage, abondante, exub\u00e9rante \u2014 voire imp\u00e9n\u00e9trable \u2014 et est associ\u00e9 \u00e0 un ensemble de croyances surnaturelles. Culturellement, <em data-start=\"406\" data-end=\"415\">manigua<\/em> C'est un rituel, un syncr\u00e9tisme, une r\u00e9bellion, une gu\u00e9rison et une libert\u00e9.<\/p><p data-start=\"472\" data-end=\"1047\">Dans la mangrove, les premiers habitants des Antilles ont d\u00e9velopp\u00e9 leur vie quotidienne, puis les esclaves africains ont perp\u00e9tu\u00e9 et pratiqu\u00e9 les croyances religieuses de leurs peuples. Pendant les guerres \u00e0 Cuba, elle a offert un refuge \u00e0 ceux qui cherchaient protection, et la connaissance des plantes qui y poussaient a \u00e9t\u00e9 utilis\u00e9e pour soigner les bless\u00e9s. Tout ce savoir ancestral a \u00e9t\u00e9 pr\u00e9serv\u00e9 dans la culture populaire, entre les mains des herboristes et des phytoth\u00e9rapeutes qui d\u00e9fendent avec z\u00e8le le potentiel curatif et rituel des plantes autrefois cueillies dans la mangrove cubaine.<\/p><p data-start=\"1049\" data-end=\"1418\">Pour moi, <em data-start=\"1058\" data-end=\"1067\">manigua<\/em> C'est plus qu'un environnement naturel : c'est un concept, un ensemble de connaissances qui m'accompagne partout o\u00f9 je vais et qui soutient ma pratique quotidienne. Sa complexit\u00e9 est telle que ce n'est qu'\u00e0 l'intersection entre l'imagination, l'\u00e9criture, la science, l'art et la tradition que je trouve sa repr\u00e9sentation la plus fid\u00e8le. Ce n'est qu'en tra\u00e7ant une \u201c carte cognitive \u201d que je peux vraiment la repenser.<\/p><p data-start=\"1420\" data-end=\"1771\">Pour ce projet, je me suis inspir\u00e9 du livre de Jos\u00e9 Seoane Gallo qui, \u00e0 l'aube d'un changement social radical au d\u00e9but des ann\u00e9es 1960, a recueilli une s\u00e9rie de t\u00e9moignages sur l'utilisation de rem\u00e8des \u00e0 base de plantes m\u00e9dicinales pr\u00e9sentes dans la campagne cubaine. Son objectif \u00e9tait de pr\u00e9server ce savoir populaire, qui semblait vou\u00e9 \u00e0 dispara\u00eetre.<\/p><p data-start=\"1773\" data-end=\"1792\"><strong data-start=\"1773\" data-end=\"1792\">Ariamna Contino<\/strong><\/p>\t\t\t\t\t\t\t\t<\/div>\n\t\t\t\t<\/div>\n\t\t\t\t<div class=\"elementor-element elementor-element-116deb21 elementor-align-left elementor-widget elementor-widget-button\" data-id=\"116deb21\" data-element_type=\"widget\" data-e-type=\"widget\" data-widget_type=\"button.default\">\n\t\t\t\t<div class=\"elementor-widget-container\">\n\t\t\t\t\t\t\t\t\t<div class=\"elementor-button-wrapper\">\n\t\t\t\t\t<a class=\"elementor-button elementor-size-sm\" role=\"button\">\n\t\t\t\t\t\t<span class=\"elementor-button-content-wrapper\">\n\t\t\t\t\t\t\t\t\t<span class=\"elementor-button-text\">Demande de renseignements<\/span>\n\t\t\t\t\t<\/span>\n\t\t\t\t\t<\/a>\n\t\t\t\t<\/div>\n\t\t\t\t\t\t\t\t<\/div>\n\t\t\t\t<\/div>\n\t\t\t\t<\/div>\n\t\t\t\t<\/div>\n\t\t\t\t<\/div>","protected":false},"excerpt":{"rendered":"<p>Licuala con frutos, de la serie Manigua, 2025 Papel cortado a mano \/ Fabriano 300 g Cold Press acid-free watercolor cardboard y cristal museo 203 x 153 cm (80 x 60.2 in) Desde un punto de vista etimol\u00f3gico, el origen de la palabra manigua puede rastrearse hasta la lengua de los ta\u00ednos. Se refiere a [&hellip;]<\/p>\n","protected":false},"author":1,"featured_media":17868,"parent":0,"menu_order":0,"comment_status":"closed","ping_status":"closed","template":"","meta":{"_acf_changed":false,"footnotes":"","_links_to":"","_links_to_target":""},"categories":[41],"tags":[65],"class_list":["post-17905","page","type-page","status-publish","has-post-thumbnail","hentry","category-ariamna-contino","tag-obra","post","post-with-thumbnail","post-with-thumbnail-large"],"acf":[],"aioseo_notices":[],"_links":{"self":[{"href":"https:\/\/artapartamento.com\/fr\/wp-json\/wp\/v2\/pages\/17905","targetHints":{"allow":["GET"]}}],"collection":[{"href":"https:\/\/artapartamento.com\/fr\/wp-json\/wp\/v2\/pages"}],"about":[{"href":"https:\/\/artapartamento.com\/fr\/wp-json\/wp\/v2\/types\/page"}],"author":[{"embeddable":true,"href":"https:\/\/artapartamento.com\/fr\/wp-json\/wp\/v2\/users\/1"}],"replies":[{"embeddable":true,"href":"https:\/\/artapartamento.com\/fr\/wp-json\/wp\/v2\/comments?post=17905"}],"version-history":[{"count":1,"href":"https:\/\/artapartamento.com\/fr\/wp-json\/wp\/v2\/pages\/17905\/revisions"}],"predecessor-version":[{"id":19772,"href":"https:\/\/artapartamento.com\/fr\/wp-json\/wp\/v2\/pages\/17905\/revisions\/19772"}],"wp:featuredmedia":[{"embeddable":true,"href":"https:\/\/artapartamento.com\/fr\/wp-json\/wp\/v2\/media\/17868"}],"wp:attachment":[{"href":"https:\/\/artapartamento.com\/fr\/wp-json\/wp\/v2\/media?parent=17905"}],"wp:term":[{"taxonomy":"category","embeddable":true,"href":"https:\/\/artapartamento.com\/fr\/wp-json\/wp\/v2\/categories?post=17905"},{"taxonomy":"post_tag","embeddable":true,"href":"https:\/\/artapartamento.com\/fr\/wp-json\/wp\/v2\/tags?post=17905"}],"curies":[{"name":"wp","href":"https:\/\/api.w.org\/{rel}","templated":true}]}}