{"id":17824,"date":"2025-12-10T10:11:02","date_gmt":"2025-12-10T09:11:02","guid":{"rendered":"https:\/\/artapartamento.com\/?page_id=17824"},"modified":"2025-12-10T13:11:57","modified_gmt":"2025-12-10T12:11:57","slug":"le-potager","status":"publish","type":"page","link":"https:\/\/artapartamento.com\/fr\/la-huerta\/","title":{"rendered":"Le jardin potager"},"content":{"rendered":"<div data-elementor-type=\"wp-page\" data-elementor-id=\"17824\" class=\"elementor elementor-17824\" data-elementor-post-type=\"page\">\n\t\t\t\t<div class=\"elementor-element elementor-element-162b5105 e-con-full e-flex e-con e-parent\" data-id=\"162b5105\" data-element_type=\"container\" data-e-type=\"container\" data-settings=\"{&quot;background_background&quot;:&quot;classic&quot;}\">\n\t\t<div class=\"elementor-element elementor-element-87b1dbc e-con-full e-flex e-con e-child\" data-id=\"87b1dbc\" data-element_type=\"container\" data-e-type=\"container\">\n\t\t\t\t<div class=\"elementor-element elementor-element-de6d816 elementor-widget elementor-widget-image-carousel\" data-id=\"de6d816\" data-element_type=\"widget\" data-e-type=\"widget\" data-settings=\"{&quot;slides_to_show&quot;:&quot;1&quot;,&quot;navigation&quot;:&quot;none&quot;,&quot;autoplay&quot;:&quot;yes&quot;,&quot;pause_on_hover&quot;:&quot;yes&quot;,&quot;pause_on_interaction&quot;:&quot;yes&quot;,&quot;autoplay_speed&quot;:5000,&quot;infinite&quot;:&quot;yes&quot;,&quot;effect&quot;:&quot;slide&quot;,&quot;speed&quot;:500}\" data-widget_type=\"image-carousel.default\">\n\t\t\t\t<div class=\"elementor-widget-container\">\n\t\t\t\t\t\t\t<div class=\"elementor-image-carousel-wrapper swiper\" role=\"region\" aria-roledescription=\"carousel\" aria-label=\"Carrousel d&#039;images\" dir=\"ltr\">\n\t\t\t<div class=\"elementor-image-carousel swiper-wrapper swiper-image-stretch\" aria-live=\"off\">\n\t\t\t\t\t\t\t\t<div class=\"swiper-slide\" role=\"group\" aria-roledescription=\"slide\" aria-label=\"1 de 3\" data-no-translation-aria-label=\"\"><a data-elementor-open-lightbox=\"yes\" data-elementor-lightbox-slideshow=\"de6d816\" data-e-action-hash=\"#elementor-action%3Aaction%3Dlightbox%26settings%3DeyJpZCI6MTc4NTIsInVybCI6Imh0dHBzOlwvXC9hcnRhcGFydGFtZW50by5jb21cL3dwLWNvbnRlbnRcL3VwbG9hZHNcLzIwMjVcLzEyXC8xLkFSSUFNTkEtQ09OVElOTy1BbGV4LUhlcm5hbmV6MTItc2NhbGVkLmpwZy53ZWJwIiwic2xpZGVzaG93IjoiZGU2ZDgxNiJ9\" href=\"https:\/\/artapartamento.com\/wp-content\/uploads\/2025\/12\/1.ARIAMNA-CONTINO-Alex-Hernanez12-scaled.jpg.webp\"><figure class=\"swiper-slide-inner\"><img decoding=\"async\" class=\"swiper-slide-image\" src=\"https:\/\/artapartamento.com\/wp-content\/uploads\/2025\/12\/1.ARIAMNA-CONTINO-Alex-Hernanez12-scaled.jpg.webp\" alt=\"Ariamna Contino\" \/><\/figure><\/a><\/div><div class=\"swiper-slide\" role=\"group\" aria-roledescription=\"slide\" aria-label=\"2 de 3\" data-no-translation-aria-label=\"\"><a data-elementor-open-lightbox=\"yes\" data-elementor-lightbox-slideshow=\"de6d816\" data-e-action-hash=\"#elementor-action%3Aaction%3Dlightbox%26settings%3DeyJpZCI6MTc4MzEsInVybCI6Imh0dHBzOlwvXC9hcnRhcGFydGFtZW50by5jb21cL3dwLWNvbnRlbnRcL3VwbG9hZHNcLzIwMjVcLzEyXC8yMi1pbWFnZS1zY2FsZWQuanBnLndlYnAiLCJzbGlkZXNob3ciOiJkZTZkODE2In0%3D\" href=\"https:\/\/artapartamento.com\/wp-content\/uploads\/2025\/12\/22-image-scaled.jpg.webp\"><figure class=\"swiper-slide-inner\"><img decoding=\"async\" class=\"swiper-slide-image\" src=\"https:\/\/artapartamento.com\/wp-content\/uploads\/2025\/12\/22-image-scaled.jpg.webp\" alt=\"Ariamna Contino\" \/><\/figure><\/a><\/div><div class=\"swiper-slide\" role=\"group\" aria-roledescription=\"slide\" aria-label=\"3 de 3\" data-no-translation-aria-label=\"\"><a data-elementor-open-lightbox=\"yes\" data-elementor-lightbox-slideshow=\"de6d816\" data-e-action-hash=\"#elementor-action%3Aaction%3Dlightbox%26settings%3DeyJpZCI6MTc4MzIsInVybCI6Imh0dHBzOlwvXC9hcnRhcGFydGFtZW50by5jb21cL3dwLWNvbnRlbnRcL3VwbG9hZHNcLzIwMjVcLzEyXC8yMi1pbWFnZS0zLXNjYWxlZC5qcGcud2VicCIsInNsaWRlc2hvdyI6ImRlNmQ4MTYifQ%3D%3D\" href=\"https:\/\/artapartamento.com\/wp-content\/uploads\/2025\/12\/22-image-3-scaled.jpg.webp\"><figure class=\"swiper-slide-inner\"><img decoding=\"async\" class=\"swiper-slide-image\" src=\"https:\/\/artapartamento.com\/wp-content\/uploads\/2025\/12\/22-image-3-scaled.jpg.webp\" alt=\"Ariamna Contino\" \/><\/figure><\/a><\/div>\t\t\t<\/div>\n\t\t\t\t\t\t\t\n\t\t\t\t\t\t\t\t\t<\/div>\n\t\t\t\t\t\t<\/div>\n\t\t\t\t<\/div>\n\t\t\t\t<\/div>\n\t\t<div class=\"elementor-element elementor-element-3d036ab6 e-con-full e-flex e-con e-child\" data-id=\"3d036ab6\" data-element_type=\"container\" data-e-type=\"container\">\n\t\t\t\t<div class=\"elementor-element elementor-element-427e70ec elementor-widget elementor-widget-heading\" data-id=\"427e70ec\" data-element_type=\"widget\" data-e-type=\"widget\" data-widget_type=\"heading.default\">\n\t\t\t\t<div class=\"elementor-widget-container\">\n\t\t\t\t\t<h2 class=\"elementor-heading-title elementor-size-default\"><a href=\"https:\/\/artapartamento.com\/fr\/category\/artistas\/ariamna-contino\/\" rel=\"tag\">Ariamna Contino<\/a><\/h2>\t\t\t\t<\/div>\n\t\t\t\t<\/div>\n\t\t\t\t<div class=\"elementor-element elementor-element-5fab366f elementor-widget elementor-widget-text-editor\" data-id=\"5fab366f\" data-element_type=\"widget\" data-e-type=\"widget\" data-widget_type=\"text-editor.default\">\n\t\t\t\t<div class=\"elementor-widget-container\">\n\t\t\t\t\t\t\t\t\t<p><i>Le jardin potager<\/i>, 2025<\/p><p>Papier coup\u00e9 \u00e0 la main \/ Fabriano 300 g Cold Press sans acide<\/p><p>carton aquarelle et verre mus\u00e9e<\/p><p>200 x 150 cm (78.7 x 59 in)<\/p>\t\t\t\t\t\t\t\t<\/div>\n\t\t\t\t<\/div>\n\t\t\t\t<div class=\"elementor-element elementor-element-17cc7102 elementor-widget elementor-widget-text-editor\" data-id=\"17cc7102\" data-element_type=\"widget\" data-e-type=\"widget\" data-widget_type=\"text-editor.default\">\n\t\t\t\t<div class=\"elementor-widget-container\">\n\t\t\t\t\t\t\t\t\t<p class=\"p3\">Le potager peut \u00eatre consid\u00e9r\u00e9 comme un seuil ouvert qui guide notre regard vers un paysage domestique o\u00f9 s'entrem\u00ealent les branches de diverses plantes alimentaires : bananes, pommes de terre, courges, ma\u00efs, tomates, entre autres cultures de fruits et l\u00e9gumes. Le point de d\u00e9part de ce relief sculptural, cr\u00e9\u00e9 \u00e0 partir de l'assemblage minutieux de 42 couches de papier d\u00e9coup\u00e9 \u00e0 la main, est une s\u00e9lection de dessins botaniques pr\u00e9cis d'esp\u00e8ces qui font aujourd'hui partie d'un syst\u00e8me alimentaire mondial. Dans cette \u0153uvre, cependant, l'artiste les place dans le potager, \u00e0 l'int\u00e9rieur de la maison. Les diff\u00e9rentes esp\u00e8ces s'entrem\u00ealent pour former une pelote v\u00e9g\u00e9tale qui \u00e9voque les paysages domestiques sauvages con\u00e7us par l'architecte br\u00e9silien Burle Marx au cours du si\u00e8cle dernier.<\/p>\t\t\t\t\t\t\t\t<\/div>\n\t\t\t\t<\/div>\n\t\t\t\t<div class=\"elementor-element elementor-element-6d1c29e0 elementor-align-left elementor-widget elementor-widget-button\" data-id=\"6d1c29e0\" data-element_type=\"widget\" data-e-type=\"widget\" data-widget_type=\"button.default\">\n\t\t\t\t<div class=\"elementor-widget-container\">\n\t\t\t\t\t\t\t\t\t<div class=\"elementor-button-wrapper\">\n\t\t\t\t\t<a class=\"elementor-button elementor-size-sm\" role=\"button\">\n\t\t\t\t\t\t<span class=\"elementor-button-content-wrapper\">\n\t\t\t\t\t\t\t\t\t<span class=\"elementor-button-text\">Demande de renseignements<\/span>\n\t\t\t\t\t<\/span>\n\t\t\t\t\t<\/a>\n\t\t\t\t<\/div>\n\t\t\t\t\t\t\t\t<\/div>\n\t\t\t\t<\/div>\n\t\t\t\t<\/div>\n\t\t\t\t<\/div>\n\t\t\t\t<\/div>","protected":false},"excerpt":{"rendered":"<p>La huerta, 2025 Papel cortado a mano \/ Fabriano 300g Cold Press acid-free watercolor cardboard y cristal museo 200 x 150 cm (78.7 x 59 in) La huerta puede entenderse como un umbral abierto que gu\u00eda nuestra mirada hacia un paisaje dom\u00e9stico donde se entrelazan las ramas de diversas plantas alimenticias: pl\u00e1tanos, patatas, calabazas, ma\u00edz, [&hellip;]<\/p>\n","protected":false},"author":1,"featured_media":17820,"parent":0,"menu_order":0,"comment_status":"closed","ping_status":"closed","template":"","meta":{"_acf_changed":false,"footnotes":"","_links_to":"","_links_to_target":""},"categories":[41],"tags":[65],"class_list":["post-17824","page","type-page","status-publish","has-post-thumbnail","hentry","category-ariamna-contino","tag-obra","post","post-with-thumbnail","post-with-thumbnail-large"],"acf":[],"aioseo_notices":[],"_links":{"self":[{"href":"https:\/\/artapartamento.com\/fr\/wp-json\/wp\/v2\/pages\/17824","targetHints":{"allow":["GET"]}}],"collection":[{"href":"https:\/\/artapartamento.com\/fr\/wp-json\/wp\/v2\/pages"}],"about":[{"href":"https:\/\/artapartamento.com\/fr\/wp-json\/wp\/v2\/types\/page"}],"author":[{"embeddable":true,"href":"https:\/\/artapartamento.com\/fr\/wp-json\/wp\/v2\/users\/1"}],"replies":[{"embeddable":true,"href":"https:\/\/artapartamento.com\/fr\/wp-json\/wp\/v2\/comments?post=17824"}],"version-history":[{"count":0,"href":"https:\/\/artapartamento.com\/fr\/wp-json\/wp\/v2\/pages\/17824\/revisions"}],"wp:featuredmedia":[{"embeddable":true,"href":"https:\/\/artapartamento.com\/fr\/wp-json\/wp\/v2\/media\/17820"}],"wp:attachment":[{"href":"https:\/\/artapartamento.com\/fr\/wp-json\/wp\/v2\/media?parent=17824"}],"wp:term":[{"taxonomy":"category","embeddable":true,"href":"https:\/\/artapartamento.com\/fr\/wp-json\/wp\/v2\/categories?post=17824"},{"taxonomy":"post_tag","embeddable":true,"href":"https:\/\/artapartamento.com\/fr\/wp-json\/wp\/v2\/tags?post=17824"}],"curies":[{"name":"wp","href":"https:\/\/api.w.org\/{rel}","templated":true}]}}