{"id":16728,"date":"2025-09-12T17:06:19","date_gmt":"2025-09-12T15:06:19","guid":{"rendered":"https:\/\/artapartamento.com\/?page_id=16728"},"modified":"2025-09-12T17:08:44","modified_gmt":"2025-09-12T15:08:44","slug":"o-o-ar-que-me-trouxeches-el-aire-que-me-trajiste","status":"publish","type":"page","link":"https:\/\/artapartamento.com\/fr\/o-ar-que-me-trouxeches-el-aire-que-me-trajiste\/","title":{"rendered":"O ar que me trouxeches (L'air que tu m'as apport\u00e9)"},"content":{"rendered":"<div data-elementor-type=\"wp-page\" data-elementor-id=\"16728\" class=\"elementor elementor-16728\" data-elementor-post-type=\"page\">\n\t\t\t\t<div class=\"elementor-element elementor-element-2ad17654 e-con-full e-flex e-con e-parent\" data-id=\"2ad17654\" data-element_type=\"container\" data-e-type=\"container\" data-settings=\"{&quot;background_background&quot;:&quot;classic&quot;}\">\n\t\t<div class=\"elementor-element elementor-element-560598da e-con-full e-flex e-con e-child\" data-id=\"560598da\" data-element_type=\"container\" data-e-type=\"container\">\n\t\t\t\t<div class=\"elementor-element elementor-element-68db0bc5 elementor-widget elementor-widget-image-carousel\" data-id=\"68db0bc5\" data-element_type=\"widget\" data-e-type=\"widget\" data-settings=\"{&quot;slides_to_show&quot;:&quot;1&quot;,&quot;navigation&quot;:&quot;none&quot;,&quot;autoplay&quot;:&quot;yes&quot;,&quot;pause_on_hover&quot;:&quot;yes&quot;,&quot;pause_on_interaction&quot;:&quot;yes&quot;,&quot;autoplay_speed&quot;:5000,&quot;infinite&quot;:&quot;yes&quot;,&quot;effect&quot;:&quot;slide&quot;,&quot;speed&quot;:500}\" data-widget_type=\"image-carousel.default\">\n\t\t\t\t<div class=\"elementor-widget-container\">\n\t\t\t\t\t\t\t<div class=\"elementor-image-carousel-wrapper swiper\" role=\"region\" aria-roledescription=\"carousel\" aria-label=\"Carrousel d&#039;images\" dir=\"ltr\">\n\t\t\t<div class=\"elementor-image-carousel swiper-wrapper swiper-image-stretch\" aria-live=\"off\">\n\t\t\t\t\t\t\t\t<div class=\"swiper-slide\" role=\"group\" aria-roledescription=\"slide\" aria-label=\"1 de 1\"><a data-elementor-open-lightbox=\"yes\" data-elementor-lightbox-slideshow=\"68db0bc5\" data-e-action-hash=\"#elementor-action%3Aaction%3Dlightbox%26settings%3DeyJpZCI6MTY1NDAsInVybCI6Imh0dHBzOlwvXC9hcnRhcGFydGFtZW50by5jb21cL3dwLWNvbnRlbnRcL3VwbG9hZHNcLzIwMjVcLzA5XC8xLkdlbmVyYWwtc2NhbGVkLmpwZyIsInNsaWRlc2hvdyI6IjY4ZGIwYmM1In0%3D\" href=\"https:\/\/artapartamento.com\/wp-content\/uploads\/2025\/09\/1.General-scaled.jpg\"><figure class=\"swiper-slide-inner\"><img decoding=\"async\" class=\"swiper-slide-image\" src=\"https:\/\/artapartamento.com\/wp-content\/uploads\/2025\/09\/1.General-scaled.jpg\" alt=\"Le Brav\u00fa\" \/><\/figure><\/a><\/div>\t\t\t<\/div>\n\t\t\t\t\t<\/div>\n\t\t\t\t\t\t<\/div>\n\t\t\t\t<\/div>\n\t\t\t\t<\/div>\n\t\t<div class=\"elementor-element elementor-element-71bd63c1 e-con-full e-flex e-con e-child\" data-id=\"71bd63c1\" data-element_type=\"container\" data-e-type=\"container\">\n\t\t\t\t<div class=\"elementor-element elementor-element-53e4e73d elementor-widget elementor-widget-heading\" data-id=\"53e4e73d\" data-element_type=\"widget\" data-e-type=\"widget\" data-widget_type=\"heading.default\">\n\t\t\t\t<div class=\"elementor-widget-container\">\n\t\t\t\t\t<h2 class=\"elementor-heading-title elementor-size-default\"><a href=\"https:\/\/artapartamento.com\/fr\/category\/artistas\/los-bravu\/\" rel=\"tag\">Le Brav\u00fa<\/a><\/h2>\t\t\t\t<\/div>\n\t\t\t\t<\/div>\n\t\t\t\t<div class=\"elementor-element elementor-element-e49c66a elementor-widget elementor-widget-text-editor\" data-id=\"e49c66a\" data-element_type=\"widget\" data-e-type=\"widget\" data-widget_type=\"text-editor.default\">\n\t\t\t\t<div class=\"elementor-widget-container\">\n\t\t\t\t\t\t\t\t\t<div class=\"page\" title=\"Page 29\"><em>O ar que me trouxeches (L'air que tu m'as apport\u00e9)<\/em>, 2025<\/div><div title=\"Page 29\">\u00a0<\/div><div class=\"page\" title=\"Page 29\">Vase en c\u00e9ramique \u00e9maill\u00e9e fait \u00e0 la main avec une finition en c\u00e9ramique \u00e9maill\u00e9e.<\/div><div title=\"Page 29\">\u00a0<\/div><div class=\"page\" title=\"Page 29\">en bleu cobalt.<\/div><div title=\"Page 29\">\u00a0<\/div><div class=\"page\" title=\"Page 29\">56 x \u00d8 25,4 cm (22 x \u00d8 9,8 in) \/ Pi\u00e8ce unique<\/div>\t\t\t\t\t\t\t\t<\/div>\n\t\t\t\t<\/div>\n\t\t\t\t<div class=\"elementor-element elementor-element-4402cc75 elementor-align-left elementor-widget elementor-widget-button\" data-id=\"4402cc75\" data-element_type=\"widget\" data-e-type=\"widget\" data-widget_type=\"button.default\">\n\t\t\t\t<div class=\"elementor-widget-container\">\n\t\t\t\t\t\t\t\t\t<div class=\"elementor-button-wrapper\">\n\t\t\t\t\t<a class=\"elementor-button elementor-size-sm\" role=\"button\">\n\t\t\t\t\t\t<span class=\"elementor-button-content-wrapper\">\n\t\t\t\t\t\t\t\t\t<span class=\"elementor-button-text\">Demande de renseignements<\/span>\n\t\t\t\t\t<\/span>\n\t\t\t\t\t<\/a>\n\t\t\t\t<\/div>\n\t\t\t\t\t\t\t\t<\/div>\n\t\t\t\t<\/div>\n\t\t\t\t<\/div>\n\t\t\t\t<\/div>\n\t\t\t\t<\/div>","protected":false},"excerpt":{"rendered":"<p>O ar que me trouxeches (El aire que me trajiste), 2025\u00a0Jarro\u0301n elaborado a mano en cera\u0301mica esmaltada con acabado\u00a0en azul cobalto.\u00a056 x \u00d8 25.4 cm (22 x \u00d8 9.8 in) \/ Pieza u\u0301nica Inquiry<\/p>","protected":false},"author":1,"featured_media":16540,"parent":0,"menu_order":0,"comment_status":"closed","ping_status":"closed","template":"","meta":{"_acf_changed":false,"footnotes":"","_links_to":"","_links_to_target":""},"categories":[63],"tags":[65],"class_list":["post-16728","page","type-page","status-publish","has-post-thumbnail","hentry","category-los-bravu","tag-obra","post","post-with-thumbnail","post-with-thumbnail-large"],"acf":[],"aioseo_notices":[],"_links":{"self":[{"href":"https:\/\/artapartamento.com\/fr\/wp-json\/wp\/v2\/pages\/16728","targetHints":{"allow":["GET"]}}],"collection":[{"href":"https:\/\/artapartamento.com\/fr\/wp-json\/wp\/v2\/pages"}],"about":[{"href":"https:\/\/artapartamento.com\/fr\/wp-json\/wp\/v2\/types\/page"}],"author":[{"embeddable":true,"href":"https:\/\/artapartamento.com\/fr\/wp-json\/wp\/v2\/users\/1"}],"replies":[{"embeddable":true,"href":"https:\/\/artapartamento.com\/fr\/wp-json\/wp\/v2\/comments?post=16728"}],"version-history":[{"count":0,"href":"https:\/\/artapartamento.com\/fr\/wp-json\/wp\/v2\/pages\/16728\/revisions"}],"wp:featuredmedia":[{"embeddable":true,"href":"https:\/\/artapartamento.com\/fr\/wp-json\/wp\/v2\/media\/16540"}],"wp:attachment":[{"href":"https:\/\/artapartamento.com\/fr\/wp-json\/wp\/v2\/media?parent=16728"}],"wp:term":[{"taxonomy":"category","embeddable":true,"href":"https:\/\/artapartamento.com\/fr\/wp-json\/wp\/v2\/categories?post=16728"},{"taxonomy":"post_tag","embeddable":true,"href":"https:\/\/artapartamento.com\/fr\/wp-json\/wp\/v2\/tags?post=16728"}],"curies":[{"name":"wp","href":"https:\/\/api.w.org\/{rel}","templated":true}]}}