{"id":9878,"date":"2024-03-26T19:13:26","date_gmt":"2024-03-26T18:13:26","guid":{"rendered":"https:\/\/artapartamento.com\/?page_id=9878"},"modified":"2024-03-26T19:19:59","modified_gmt":"2024-03-26T18:19:59","slug":"the-earth-swallowed-the-man","status":"publish","type":"page","link":"https:\/\/artapartamento.com\/en\/artistas\/pablo-linsambarth\/la-tierra-se-trago-al-hombre\/","title":{"rendered":"The earth swallowed the man"},"content":{"rendered":"<div data-elementor-type=\"wp-page\" data-elementor-id=\"9878\" class=\"elementor elementor-9878\" data-elementor-post-type=\"page\">\n\t\t\t\t<div class=\"elementor-element elementor-element-bd39b98 e-con-full e-flex e-con e-parent\" data-id=\"bd39b98\" data-element_type=\"container\" data-e-type=\"container\" data-settings=\"{&quot;background_background&quot;:&quot;classic&quot;}\">\n\t\t<div class=\"elementor-element elementor-element-1bbc3b9e e-con-full e-flex e-con e-child\" data-id=\"1bbc3b9e\" data-element_type=\"container\" data-e-type=\"container\">\n\t\t\t\t<div class=\"elementor-element elementor-element-484a71cd elementor-widget elementor-widget-image-carousel\" data-id=\"484a71cd\" data-element_type=\"widget\" data-e-type=\"widget\" data-settings=\"{&quot;slides_to_show&quot;:&quot;1&quot;,&quot;navigation&quot;:&quot;none&quot;,&quot;autoplay&quot;:&quot;yes&quot;,&quot;pause_on_hover&quot;:&quot;yes&quot;,&quot;pause_on_interaction&quot;:&quot;yes&quot;,&quot;autoplay_speed&quot;:5000,&quot;infinite&quot;:&quot;yes&quot;,&quot;effect&quot;:&quot;slide&quot;,&quot;speed&quot;:500}\" data-widget_type=\"image-carousel.default\">\n\t\t\t\t<div class=\"elementor-widget-container\">\n\t\t\t\t\t\t\t<div class=\"elementor-image-carousel-wrapper swiper\" role=\"region\" aria-roledescription=\"carousel\" aria-label=\"Carrossel de imagens\" dir=\"ltr\" data-no-translation-aria-label=\"\">\n\t\t\t<div class=\"elementor-image-carousel swiper-wrapper swiper-image-stretch\" aria-live=\"off\">\n\t\t\t\t\t\t\t\t<div class=\"swiper-slide\" role=\"group\" aria-roledescription=\"slide\" aria-label=\"1 de 3\" data-no-translation-aria-label=\"\"><a data-elementor-open-lightbox=\"yes\" data-elementor-lightbox-slideshow=\"484a71cd\" data-e-action-hash=\"#elementor-action%3Aaction%3Dlightbox%26settings%3DeyJpZCI6OTg1NSwidXJsIjoiaHR0cHM6XC9cL2FydGFwYXJ0YW1lbnRvLmNvbVwvd3AtY29udGVudFwvdXBsb2Fkc1wvMjAyNFwvMDNcL0RTQzQ2NjEtc2NhbGVkLmpwZy53ZWJwIiwic2xpZGVzaG93IjoiNDg0YTcxY2QifQ%3D%3D\" href=\"https:\/\/artapartamento.com\/wp-content\/uploads\/2024\/03\/DSC4661-scaled.jpg.webp\"><figure class=\"swiper-slide-inner\"><img decoding=\"async\" class=\"swiper-slide-image\" src=\"https:\/\/artapartamento.com\/wp-content\/uploads\/2024\/03\/DSC4661-scaled.jpg.webp\" alt=\"Paul Linsambarth\" \/><\/figure><\/a><\/div><div class=\"swiper-slide\" role=\"group\" aria-roledescription=\"slide\" aria-label=\"2 de 3\" data-no-translation-aria-label=\"\"><a data-elementor-open-lightbox=\"yes\" data-elementor-lightbox-slideshow=\"484a71cd\" data-e-action-hash=\"#elementor-action%3Aaction%3Dlightbox%26settings%3DeyJpZCI6OTg4NSwidXJsIjoiaHR0cHM6XC9cL2FydGFwYXJ0YW1lbnRvLmNvbVwvd3AtY29udGVudFwvdXBsb2Fkc1wvMjAyNFwvMDNcL0RTQzQ2NjEtc2NhbGVkLmpwZyIsInNsaWRlc2hvdyI6IjQ4NGE3MWNkIn0%3D\" href=\"https:\/\/artapartamento.com\/wp-content\/uploads\/2024\/03\/DSC4661-scaled.jpg\"><figure class=\"swiper-slide-inner\"><img decoding=\"async\" class=\"swiper-slide-image\" src=\"https:\/\/artapartamento.com\/wp-content\/uploads\/2024\/03\/DSC4661-scaled.jpg\" alt=\"Paul Linsambarth\" \/><\/figure><\/a><\/div><div class=\"swiper-slide\" role=\"group\" aria-roledescription=\"slide\" aria-label=\"3 de 3\" data-no-translation-aria-label=\"\"><a data-elementor-open-lightbox=\"yes\" data-elementor-lightbox-slideshow=\"484a71cd\" data-e-action-hash=\"#elementor-action%3Aaction%3Dlightbox%26settings%3DeyJpZCI6OTg4NiwidXJsIjoiaHR0cHM6XC9cL2FydGFwYXJ0YW1lbnRvLmNvbVwvd3AtY29udGVudFwvdXBsb2Fkc1wvMjAyNFwvMDNcL0RTQzQ2NjItc2NhbGVkLmpwZy53ZWJwIiwic2xpZGVzaG93IjoiNDg0YTcxY2QifQ%3D%3D\" href=\"https:\/\/artapartamento.com\/wp-content\/uploads\/2024\/03\/DSC4662-scaled.jpg.webp\"><figure class=\"swiper-slide-inner\"><img decoding=\"async\" class=\"swiper-slide-image\" src=\"https:\/\/artapartamento.com\/wp-content\/uploads\/2024\/03\/DSC4662-scaled.jpg.webp\" alt=\"Paul Linsambarth\" \/><\/figure><\/a><\/div>\t\t\t<\/div>\n\t\t\t\t\t\t\t\n\t\t\t\t\t\t\t\t\t<\/div>\n\t\t\t\t\t\t<\/div>\n\t\t\t\t<\/div>\n\t\t\t\t<\/div>\n\t\t<div class=\"elementor-element elementor-element-5ec35ed7 e-con-full e-flex e-con e-child\" data-id=\"5ec35ed7\" data-element_type=\"container\" data-e-type=\"container\">\n\t\t\t\t<div class=\"elementor-element elementor-element-3dc2f7b2 elementor-widget elementor-widget-heading\" data-id=\"3dc2f7b2\" data-element_type=\"widget\" data-e-type=\"widget\" data-widget_type=\"heading.default\">\n\t\t\t\t<div class=\"elementor-widget-container\">\n\t\t\t\t\t<h2 class=\"elementor-heading-title elementor-size-default\"><a href=\"https:\/\/artapartamento.com\/en\/category\/artistas\/pablo-linsambarth\/\" rel=\"tag\">Paul Linsambarth<\/a><\/h2>\t\t\t\t<\/div>\n\t\t\t\t<\/div>\n\t\t\t\t<div class=\"elementor-element elementor-element-5244f3f1 elementor-widget elementor-widget-text-editor\" data-id=\"5244f3f1\" data-element_type=\"widget\" data-e-type=\"widget\" data-widget_type=\"text-editor.default\">\n\t\t\t\t<div class=\"elementor-widget-container\">\n\t\t\t\t\t\t\t\t\t<p>The earth swallowed man, 2022 <br \/>Oil on canvas<br \/>210 x 170 cm<\/p>\t\t\t\t\t\t\t\t<\/div>\n\t\t\t\t<\/div>\n\t\t\t\t<div class=\"elementor-element elementor-element-634bdf5 elementor-align-left elementor-widget elementor-widget-button\" data-id=\"634bdf5\" data-element_type=\"widget\" data-e-type=\"widget\" data-widget_type=\"button.default\">\n\t\t\t\t<div class=\"elementor-widget-container\">\n\t\t\t\t\t\t\t\t\t<div class=\"elementor-button-wrapper\">\n\t\t\t\t\t<a class=\"elementor-button elementor-size-sm\" role=\"button\">\n\t\t\t\t\t\t<span class=\"elementor-button-content-wrapper\">\n\t\t\t\t\t\t\t\t\t<span class=\"elementor-button-text\">Inquiry<\/span>\n\t\t\t\t\t<\/span>\n\t\t\t\t\t<\/a>\n\t\t\t\t<\/div>\n\t\t\t\t\t\t\t\t<\/div>\n\t\t\t\t<\/div>\n\t\t\t\t<\/div>\n\t\t\t\t<\/div>\n\t\t<div class=\"elementor-element elementor-element-9f350d0 e-con-full elementor-hidden-mobile e-flex e-con e-parent\" data-id=\"9f350d0\" data-element_type=\"container\" data-e-type=\"container\" data-settings=\"{&quot;background_background&quot;:&quot;classic&quot;}\">\n\t\t<div class=\"elementor-element elementor-element-b94160e e-flex e-con-boxed elementor-invisible e-con e-child\" data-id=\"b94160e\" data-element_type=\"container\" data-e-type=\"container\" data-settings=\"{&quot;animation&quot;:&quot;fadeIn&quot;}\">\n\t\t\t\t\t<div class=\"e-con-inner\">\n\t\t\t\t<div class=\"elementor-element elementor-element-444fe2c elementor-widget elementor-widget-text-editor\" data-id=\"444fe2c\" data-element_type=\"widget\" data-e-type=\"widget\" data-widget_type=\"text-editor.default\">\n\t\t\t\t<div class=\"elementor-widget-container\">\n\t\t\t\t\t\t\t\t\t<p>Behind the curtains,<br \/>2023, <br \/>oil on canvas, 49 x 43 cm<\/p>\t\t\t\t\t\t\t\t<\/div>\n\t\t\t\t<\/div>\n\t\t\t\t\t<\/div>\n\t\t\t\t<\/div>\n\t\t<div class=\"elementor-element elementor-element-83dfeaf e-flex e-con-boxed elementor-invisible e-con e-child\" data-id=\"83dfeaf\" data-element_type=\"container\" data-e-type=\"container\" data-settings=\"{&quot;animation&quot;:&quot;fadeIn&quot;}\">\n\t\t\t\t\t<div class=\"e-con-inner\">\n\t\t\t\t<div class=\"elementor-element elementor-element-9983a8b elementor-widget elementor-widget-text-editor\" data-id=\"9983a8b\" data-element_type=\"widget\" data-e-type=\"widget\" data-widget_type=\"text-editor.default\">\n\t\t\t\t<div class=\"elementor-widget-container\">\n\t\t\t\t\t\t\t\t\t<p>The golden cup,<br \/>2023<br \/>oil on canvas, 54 x 37 cm<\/p>\t\t\t\t\t\t\t\t<\/div>\n\t\t\t\t<\/div>\n\t\t\t\t\t<\/div>\n\t\t\t\t<\/div>\n\t\t<div class=\"elementor-element elementor-element-99213d0 e-flex e-con-boxed elementor-invisible e-con e-child\" data-id=\"99213d0\" data-element_type=\"container\" data-e-type=\"container\" data-settings=\"{&quot;animation&quot;:&quot;fadeIn&quot;}\">\n\t\t\t\t\t<div class=\"e-con-inner\">\n\t\t\t\t<div class=\"elementor-element elementor-element-1cdff03 elementor-widget elementor-widget-text-editor\" data-id=\"1cdff03\" data-element_type=\"widget\" data-e-type=\"widget\" data-widget_type=\"text-editor.default\">\n\t\t\t\t<div class=\"elementor-widget-container\">\n\t\t\t\t\t\t\t\t\t<p>The purchase,<br \/>2022,<br \/>Oil on canvas, 53 x 42 cm<\/p>\t\t\t\t\t\t\t\t<\/div>\n\t\t\t\t<\/div>\n\t\t\t\t\t<\/div>\n\t\t\t\t<\/div>\n\t\t\t\t<\/div>\n\t\t\t\t<\/div>","protected":false},"excerpt":{"rendered":"<p>La tierra se trag\u00f3 al hombre, 2022 \u00d3leo sobre lienzo210 x 170 cm Inquiry Detr\u00e1s de las cortinas,2023, \u00f3leo sobre lienzo, 49 x 43 cm La copa dorada,2023\u00f3leo sobre lienzo, 54 x 37 cm La compra,2022,\u00d3leo sobre lienzo, 53 x 42 cm<\/p>","protected":false},"author":1,"featured_media":9855,"parent":5561,"menu_order":0,"comment_status":"closed","ping_status":"closed","template":"","meta":{"_acf_changed":false,"footnotes":"","_links_to":"","_links_to_target":""},"categories":[39],"tags":[65],"class_list":["post-9878","page","type-page","status-publish","has-post-thumbnail","hentry","category-pablo-linsambarth","tag-obra","post","post-with-thumbnail","post-with-thumbnail-large"],"acf":[],"aioseo_notices":[],"_links":{"self":[{"href":"https:\/\/artapartamento.com\/en\/wp-json\/wp\/v2\/pages\/9878","targetHints":{"allow":["GET"]}}],"collection":[{"href":"https:\/\/artapartamento.com\/en\/wp-json\/wp\/v2\/pages"}],"about":[{"href":"https:\/\/artapartamento.com\/en\/wp-json\/wp\/v2\/types\/page"}],"author":[{"embeddable":true,"href":"https:\/\/artapartamento.com\/en\/wp-json\/wp\/v2\/users\/1"}],"replies":[{"embeddable":true,"href":"https:\/\/artapartamento.com\/en\/wp-json\/wp\/v2\/comments?post=9878"}],"version-history":[{"count":0,"href":"https:\/\/artapartamento.com\/en\/wp-json\/wp\/v2\/pages\/9878\/revisions"}],"up":[{"embeddable":true,"href":"https:\/\/artapartamento.com\/en\/wp-json\/wp\/v2\/pages\/5561"}],"wp:featuredmedia":[{"embeddable":true,"href":"https:\/\/artapartamento.com\/en\/wp-json\/wp\/v2\/media\/9855"}],"wp:attachment":[{"href":"https:\/\/artapartamento.com\/en\/wp-json\/wp\/v2\/media?parent=9878"}],"wp:term":[{"taxonomy":"category","embeddable":true,"href":"https:\/\/artapartamento.com\/en\/wp-json\/wp\/v2\/categories?post=9878"},{"taxonomy":"post_tag","embeddable":true,"href":"https:\/\/artapartamento.com\/en\/wp-json\/wp\/v2\/tags?post=9878"}],"curies":[{"name":"wp","href":"https:\/\/api.w.org\/{rel}","templated":true}]}}