{"id":29,"date":"2023-08-15T20:09:56","date_gmt":"2023-08-15T18:09:56","guid":{"rendered":"https:\/\/artapartamento.com\/?page_id=29"},"modified":"2026-03-03T16:02:04","modified_gmt":"2026-03-03T15:02:04","slug":"contact","status":"publish","type":"page","link":"https:\/\/artapartamento.com\/en\/contacto\/","title":{"rendered":"CONTACT"},"content":{"rendered":"\t\t<div data-elementor-type=\"wp-page\" data-elementor-id=\"29\" class=\"elementor elementor-29\" data-elementor-post-type=\"page\">\n\t\t\t\t<div class=\"elementor-element elementor-element-62e047fa e-con-full e-flex e-con e-parent\" data-id=\"62e047fa\" data-element_type=\"container\" data-e-type=\"container\" data-settings=\"{&quot;background_background&quot;:&quot;classic&quot;}\">\n\t\t<div class=\"elementor-element elementor-element-6ea21200 e-con-full e-flex e-con e-child\" data-id=\"6ea21200\" data-element_type=\"container\" data-e-type=\"container\">\n\t\t\t\t<div class=\"elementor-element elementor-element-1d50fbe3 elementor-invisible elementor-widget elementor-widget-heading\" data-id=\"1d50fbe3\" data-element_type=\"widget\" data-e-type=\"widget\" data-settings=\"{&quot;_animation&quot;:&quot;fadeInUp&quot;}\" data-widget_type=\"heading.default\">\n\t\t\t\t<div class=\"elementor-widget-container\">\n\t\t\t\t\t<h2 class=\"elementor-heading-title elementor-size-default\">Contacto<\/h2>\t\t\t\t<\/div>\n\t\t\t\t<\/div>\n\t\t\t\t<\/div>\n\t\t\t\t<\/div>\n\t\t<div class=\"elementor-element elementor-element-1c69ab44 e-con-full e-flex e-con e-parent\" data-id=\"1c69ab44\" data-element_type=\"container\" data-e-type=\"container\" data-settings=\"{&quot;background_background&quot;:&quot;classic&quot;}\">\n\t\t<div class=\"elementor-element elementor-element-4aede63a e-con-full e-flex e-con e-child\" data-id=\"4aede63a\" data-element_type=\"container\" data-e-type=\"container\">\n\t\t\t\t<div class=\"elementor-element elementor-element-681f773f elementor-invisible elementor-widget elementor-widget-heading\" data-id=\"681f773f\" data-element_type=\"widget\" data-e-type=\"widget\" data-settings=\"{&quot;_animation&quot;:&quot;fadeIn&quot;}\" data-widget_type=\"heading.default\">\n\t\t\t\t<div class=\"elementor-widget-container\">\n\t\t\t\t\t<h2 class=\"elementor-heading-title elementor-size-default\">la habana<\/h2>\t\t\t\t<\/div>\n\t\t\t\t<\/div>\n\t\t\t\t<div class=\"elementor-element elementor-element-8f367e4 elementor-hidden-desktop elementor-hidden-tablet elementor-invisible elementor-widget elementor-widget-text-editor\" data-id=\"8f367e4\" data-element_type=\"widget\" data-e-type=\"widget\" data-settings=\"{&quot;_animation&quot;:&quot;fadeIn&quot;}\" data-widget_type=\"text-editor.default\">\n\t\t\t\t<div class=\"elementor-widget-container\">\n\t\t\t\t\t\t\t\t\t<p>Calle 15 esq. H, No. 313, apto 3. Vedado.<br \/>CP 10400, La Habana.<br \/><a href=\"#elementor-action%3Aaction%3Dpopup%3Aopen%26settings%3DeyJpZCI6IjE0NzEiLCJ0b2dnbGUiOmZhbHNlfQ%3D%3D\">Ver Mapa<\/a><br \/><a href=\"tel:+5378356019\">+537 835 6019 \/ +53 5<\/a>3293682<br \/>Martes &#8211; S\u00e1bado: 10h &#8211; 17h<\/p>\t\t\t\t\t\t\t\t<\/div>\n\t\t\t\t<\/div>\n\t\t\t\t<div class=\"elementor-element elementor-element-4906757a elementor-hidden-mobile elementor-invisible elementor-widget elementor-widget-text-editor\" data-id=\"4906757a\" data-element_type=\"widget\" data-e-type=\"widget\" data-settings=\"{&quot;_animation&quot;:&quot;fadeIn&quot;}\" data-widget_type=\"text-editor.default\">\n\t\t\t\t<div class=\"elementor-widget-container\">\n\t\t\t\t\t\t\t\t\t<p>Calle 15 esq. H, No. 313, apto 3. Vedado.<\/p><p>CP 10400, La Habana, Cuba.<\/p><p><a href=\"#elementor-action%3Aaction%3Dpopup%3Aopen%26settings%3DeyJpZCI6IjE0NzEiLCJ0b2dnbGUiOmZhbHNlfQ%3D%3D\">Ver Mapa<\/a><\/p><p><a href=\"tel:+5378356019\">+537 835 6019<\/a> \/ +535 3293682<\/p><p>Martes &#8211; S\u00e1bado: 10h &#8211; 17h<\/p>\t\t\t\t\t\t\t\t<\/div>\n\t\t\t\t<\/div>\n\t\t\t\t<div class=\"elementor-element elementor-element-3c1c5ee4 animated-slow elementor-invisible elementor-widget elementor-widget-image\" data-id=\"3c1c5ee4\" data-element_type=\"widget\" data-e-type=\"widget\" data-settings=\"{&quot;_animation&quot;:&quot;fadeIn&quot;}\" data-widget_type=\"image.default\">\n\t\t\t\t<div class=\"elementor-widget-container\">\n\t\t\t\t\t\t\t\t\t\t\t\t\t\t\t<img fetchpriority=\"high\" decoding=\"async\" width=\"2560\" height=\"1902\" src=\"https:\/\/artapartamento.com\/wp-content\/uploads\/2023\/11\/05112023-_DSC6495-Mejorado-scaled.jpg.webp\" class=\"attachment-full size-full wp-image-5935\" alt=\"Galer\u00eda La Habana\" srcset=\"https:\/\/artapartamento.com\/wp-content\/uploads\/2023\/11\/05112023-_DSC6495-Mejorado-scaled.jpg.webp 2560w, https:\/\/artapartamento.com\/wp-content\/uploads\/2023\/11\/05112023-_DSC6495-Mejorado-300x223.jpg.webp 300w, https:\/\/artapartamento.com\/wp-content\/uploads\/2023\/11\/05112023-_DSC6495-Mejorado-1024x761.jpg.webp 1024w, https:\/\/artapartamento.com\/wp-content\/uploads\/2023\/11\/05112023-_DSC6495-Mejorado-768x571.jpg.webp 768w, https:\/\/artapartamento.com\/wp-content\/uploads\/2023\/11\/05112023-_DSC6495-Mejorado-1536x1141.jpg.webp 1536w, https:\/\/artapartamento.com\/wp-content\/uploads\/2023\/11\/05112023-_DSC6495-Mejorado-2048x1522.jpg.webp 2048w, https:\/\/artapartamento.com\/wp-content\/uploads\/2023\/11\/05112023-_DSC6495-Mejorado-16x12.jpg.webp 16w\" sizes=\"(max-width: 2560px) 100vw, 2560px\" \/>\t\t\t\t\t\t\t\t\t\t\t\t\t\t\t<\/div>\n\t\t\t\t<\/div>\n\t\t\t\t<\/div>\n\t\t<div class=\"elementor-element elementor-element-411a6d30 e-con-full e-flex e-con e-child\" data-id=\"411a6d30\" data-element_type=\"container\" data-e-type=\"container\">\n\t\t\t\t<div class=\"elementor-element elementor-element-55714eae elementor-invisible elementor-widget elementor-widget-heading\" data-id=\"55714eae\" data-element_type=\"widget\" data-e-type=\"widget\" data-settings=\"{&quot;_animation&quot;:&quot;fadeIn&quot;}\" data-widget_type=\"heading.default\">\n\t\t\t\t<div class=\"elementor-widget-container\">\n\t\t\t\t\t<h2 class=\"elementor-heading-title elementor-size-default\">madrid<\/h2>\t\t\t\t<\/div>\n\t\t\t\t<\/div>\n\t\t\t\t<div class=\"elementor-element elementor-element-ed89da6 elementor-hidden-desktop elementor-hidden-tablet elementor-invisible elementor-widget elementor-widget-text-editor\" data-id=\"ed89da6\" data-element_type=\"widget\" data-e-type=\"widget\" data-settings=\"{&quot;_animation&quot;:&quot;fadeIn&quot;}\" data-widget_type=\"text-editor.default\">\n\t\t\t\t<div class=\"elementor-widget-container\">\n\t\t\t\t\t\t\t\t\t<p>Calle de la Puebla #4, local bajo derecha.<\/p><p>CP 28004, Madrid, Espa\u00f1a.<\/p><p><a href=\"#elementor-action%3Aaction%3Dpopup%3Aopen%26settings%3DeyJpZCI6IjE1MDAiLCJ0b2dnbGUiOmZhbHNlfQ%3D%3D\">Ver Mapa<\/a><\/p><p><a href=\"tel:+34617377696\">+34 919 352 047\u00a0<\/a> \/ <a href=\"tel:+34697677773\">+34 697 677 773<\/a><\/p><p>Martes &#8211; Viernes: 10h &#8211; 14h y 16h &#8211; 19h \/ S\u00e1bados: 11h &#8211; 14:30h<\/p>\t\t\t\t\t\t\t\t<\/div>\n\t\t\t\t<\/div>\n\t\t\t\t<div class=\"elementor-element elementor-element-3d5bf9b4 elementor-hidden-mobile elementor-invisible elementor-widget elementor-widget-text-editor\" data-id=\"3d5bf9b4\" data-element_type=\"widget\" data-e-type=\"widget\" data-settings=\"{&quot;_animation&quot;:&quot;fadeIn&quot;}\" data-widget_type=\"text-editor.default\">\n\t\t\t\t<div class=\"elementor-widget-container\">\n\t\t\t\t\t\t\t\t\t<p>Calle de la Puebla #4, local bajo derecha.<\/p><p>CP 28004, Madrid.<\/p><p><a href=\"#elementor-action%3Aaction%3Dpopup%3Aopen%26settings%3DeyJpZCI6IjE1MDAiLCJ0b2dnbGUiOmZhbHNlfQ%3D%3D\">Ver Mapa<\/a><\/p><p><a href=\"tel:+34617377696\">+34 919 352 047<\/a>\u00a0 \/ <a href=\"http:\/\/+34697677773\" data-wplink-url-error=\"true\">+34 697 677 773<\/a><\/p><p>Martes &#8211; Viernes: 10h &#8211; 14h y 16h &#8211; 19h \/ S\u00e1bados: 11h &#8211; 14:30h<\/p>\t\t\t\t\t\t\t\t<\/div>\n\t\t\t\t<\/div>\n\t\t\t\t<div class=\"elementor-element elementor-element-4b1c8c6d animated-slow elementor-invisible elementor-widget elementor-widget-image\" data-id=\"4b1c8c6d\" data-element_type=\"widget\" data-e-type=\"widget\" data-settings=\"{&quot;_animation&quot;:&quot;fadeIn&quot;}\" data-widget_type=\"image.default\">\n\t\t\t\t<div class=\"elementor-widget-container\">\n\t\t\t\t\t\t\t\t\t\t\t\t\t\t\t<img decoding=\"async\" width=\"1500\" height=\"1088\" src=\"https:\/\/artapartamento.com\/wp-content\/uploads\/2023\/11\/fachada-1-c.jpg.webp\" class=\"attachment-full size-full wp-image-5983\" alt=\"Galer\u00eda Madrid\" srcset=\"https:\/\/artapartamento.com\/wp-content\/uploads\/2023\/11\/fachada-1-c.jpg.webp 1500w, https:\/\/artapartamento.com\/wp-content\/uploads\/2023\/11\/fachada-1-c-300x218.jpg.webp 300w, https:\/\/artapartamento.com\/wp-content\/uploads\/2023\/11\/fachada-1-c-1024x743.jpg.webp 1024w, https:\/\/artapartamento.com\/wp-content\/uploads\/2023\/11\/fachada-1-c-768x557.jpg.webp 768w, https:\/\/artapartamento.com\/wp-content\/uploads\/2023\/11\/fachada-1-c-18x12.jpg.webp 18w\" sizes=\"(max-width: 1500px) 100vw, 1500px\" \/>\t\t\t\t\t\t\t\t\t\t\t\t\t\t\t<\/div>\n\t\t\t\t<\/div>\n\t\t\t\t<\/div>\n\t\t\t\t<\/div>\n\t\t<div class=\"elementor-element elementor-element-5949ecc e-con-full e-flex e-con e-parent\" data-id=\"5949ecc\" data-element_type=\"container\" data-e-type=\"container\" data-settings=\"{&quot;background_background&quot;:&quot;classic&quot;}\">\n\t\t<div class=\"elementor-element elementor-element-3c61cda e-con-full e-flex e-con e-child\" data-id=\"3c61cda\" data-element_type=\"container\" data-e-type=\"container\">\n\t\t\t\t<div class=\"elementor-element elementor-element-c3e81e9 elementor-invisible elementor-widget elementor-widget-heading\" data-id=\"c3e81e9\" data-element_type=\"widget\" data-e-type=\"widget\" data-settings=\"{&quot;_animation&quot;:&quot;fadeIn&quot;}\" data-widget_type=\"heading.default\">\n\t\t\t\t<div class=\"elementor-widget-container\">\n\t\t\t\t\t<h2 class=\"elementor-heading-title elementor-size-default\">Miami<\/h2>\t\t\t\t<\/div>\n\t\t\t\t<\/div>\n\t\t\t\t<div class=\"elementor-element elementor-element-02d01ad elementor-hidden-desktop elementor-hidden-tablet elementor-invisible elementor-widget elementor-widget-text-editor\" data-id=\"02d01ad\" data-element_type=\"widget\" data-e-type=\"widget\" data-settings=\"{&quot;_animation&quot;:&quot;fadeIn&quot;}\" data-widget_type=\"text-editor.default\">\n\t\t\t\t<div class=\"elementor-widget-container\">\n\t\t\t\t\t\t\t\t\t<p>4750 SW 74th Ave. 33155, Miami, Florida.<br \/><a href=\"#elementor-action%3Aaction%3Dpopup%3Aopen%26settings%3DeyJpZCI6IjE0NzEiLCJ0b2dnbGUiOmZhbHNlfQ%3D%3D\">Ver Mapa<\/a><br \/><a href=\"tel:+5378356019\">+1 (786) 543 8332<\/a><br \/>Martes &#8211; S\u00e1bado: Recepci\u00f3n con cita<\/p>\t\t\t\t\t\t\t\t<\/div>\n\t\t\t\t<\/div>\n\t\t\t\t<div class=\"elementor-element elementor-element-f6fd0c5 elementor-hidden-mobile elementor-invisible elementor-widget elementor-widget-text-editor\" data-id=\"f6fd0c5\" data-element_type=\"widget\" data-e-type=\"widget\" data-settings=\"{&quot;_animation&quot;:&quot;fadeIn&quot;}\" data-widget_type=\"text-editor.default\">\n\t\t\t\t<div class=\"elementor-widget-container\">\n\t\t\t\t\t\t\t\t\t<p>4750 SW 74th Ave. 33155, Miami, Florida, USA.<\/p>\n<p><a href=\"https:\/\/maps.app.goo.gl\/WP88YXRH6Fcd8UfT9?g_st=ipc\">Ver Mapa<\/a><\/p>\n<p>+1 (305) 506 7141 \/ +1 (786) 543 8332<\/p>\n<p>Martes &#8211; S\u00e1bado: Recepci\u00f3n con cita<\/p>\t\t\t\t\t\t\t\t<\/div>\n\t\t\t\t<\/div>\n\t\t\t\t<div class=\"elementor-element elementor-element-3c2b19d animated-slow elementor-invisible elementor-widget elementor-widget-image\" data-id=\"3c2b19d\" data-element_type=\"widget\" data-e-type=\"widget\" data-settings=\"{&quot;_animation&quot;:&quot;fadeIn&quot;}\" data-widget_type=\"image.default\">\n\t\t\t\t<div class=\"elementor-widget-container\">\n\t\t\t\t\t\t\t\t\t\t\t\t\t\t\t<img decoding=\"async\" width=\"2560\" height=\"1902\" src=\"https:\/\/artapartamento.com\/wp-content\/uploads\/2025\/11\/Fachada-Miami.jpg.webp\" class=\"attachment-full size-full wp-image-17472\" alt=\"Fachada Miami\" srcset=\"https:\/\/artapartamento.com\/wp-content\/uploads\/2025\/11\/Fachada-Miami.jpg.webp 2560w, https:\/\/artapartamento.com\/wp-content\/uploads\/2025\/11\/Fachada-Miami-300x223.jpg.webp 300w, https:\/\/artapartamento.com\/wp-content\/uploads\/2025\/11\/Fachada-Miami-1024x761.jpg.webp 1024w, https:\/\/artapartamento.com\/wp-content\/uploads\/2025\/11\/Fachada-Miami-768x571.jpg.webp 768w, https:\/\/artapartamento.com\/wp-content\/uploads\/2025\/11\/Fachada-Miami-1536x1141.jpg.webp 1536w, https:\/\/artapartamento.com\/wp-content\/uploads\/2025\/11\/Fachada-Miami-2048x1522.jpg.webp 2048w, https:\/\/artapartamento.com\/wp-content\/uploads\/2025\/11\/Fachada-Miami-16x12.jpg.webp 16w\" sizes=\"(max-width: 2560px) 100vw, 2560px\" \/>\t\t\t\t\t\t\t\t\t\t\t\t\t\t\t<\/div>\n\t\t\t\t<\/div>\n\t\t\t\t<\/div>\n\t\t<div class=\"elementor-element elementor-element-bb7644f e-con-full e-flex e-con e-child\" data-id=\"bb7644f\" data-element_type=\"container\" data-e-type=\"container\">\n\t\t\t\t<\/div>\n\t\t\t\t<\/div>\n\t\t<div class=\"elementor-element elementor-element-4389d8f e-con-full e-flex e-con e-parent\" data-id=\"4389d8f\" data-element_type=\"container\" data-e-type=\"container\" data-settings=\"{&quot;background_background&quot;:&quot;classic&quot;}\">\n\t\t\t\t<div class=\"elementor-element elementor-element-402c6fe elementor-invisible elementor-widget elementor-widget-heading\" data-id=\"402c6fe\" data-element_type=\"widget\" data-e-type=\"widget\" data-settings=\"{&quot;_animation&quot;:&quot;fadeInUp&quot;}\" data-widget_type=\"heading.default\">\n\t\t\t\t<div class=\"elementor-widget-container\">\n\t\t\t\t\t<h2 class=\"elementor-heading-title elementor-size-default\">sobre nosotros<\/h2>\t\t\t\t<\/div>\n\t\t\t\t<\/div>\n\t\t\t\t<\/div>\n\t\t<div class=\"elementor-element elementor-element-bedb8ef e-con-full e-flex e-con e-parent\" data-id=\"bedb8ef\" data-element_type=\"container\" data-e-type=\"container\" data-settings=\"{&quot;background_background&quot;:&quot;classic&quot;}\">\n\t\t<div class=\"elementor-element elementor-element-a48fa46 e-flex e-con-boxed e-con e-child\" data-id=\"a48fa46\" data-element_type=\"container\" data-e-type=\"container\">\n\t\t\t\t\t<div class=\"e-con-inner\">\n\t\t\t\t<div class=\"elementor-element elementor-element-092f584 elementor-invisible elementor-widget elementor-widget-text-editor\" data-id=\"092f584\" data-element_type=\"widget\" data-e-type=\"widget\" data-settings=\"{&quot;_animation&quot;:&quot;fadeIn&quot;}\" data-widget_type=\"text-editor.default\">\n\t\t\t\t<div class=\"elementor-widget-container\">\n\t\t\t\t\t\t\t\t\t<p style=\"font-weight: 400;\">Fundado en el a\u00f1o 2015, en La Habana, Cuba, El Apartamento se interesa por los quehaceres m\u00e1s incisivos dentro del panorama de las artes visuales cubanas, espa\u00f1olas y latinoamericanas. Su compromiso con la producci\u00f3n contempor\u00e1nea, su trabajo sostenido con los artistas y el fomento del debate entre los diversos agentes del circuito art\u00edstico local e internacional han favorecido, de manera progresiva, su posicionamiento como un espacio clave dentro del arte hispanoamericano actual.<\/p><p style=\"font-weight: 400;\">La galer\u00eda cuenta en su haber con varias exposiciones de inter\u00e9s, entre ellas muestras colaterales a la Bienal de La Habana (ediciones XII y XIII) y con los programas colaborativos de CONDO New York, CONDO Mexico City y el Festival PHotoESPA\u00d1A. Buena parte de sus proyectos curatoriales se han desarrollado a trav\u00e9s de la colaboraci\u00f3n con curadores, cr\u00edticos y figuras prominentes del mundo del arte.\u00a0\u00a0<\/p><p style=\"font-weight: 400;\">Por otra parte, El Apartamento ha ido consolidando gradualmente la visibilidad de sus artistas en la arena internacional mediante el trabajo conjunto con instituciones art\u00edsticas y su participaci\u00f3n sistem\u00e1tica en importantes ferias de arte: Frieze (Londres), ArtBo (Colombia), ARCOMadrid (Espa\u00f1a), The Armory Show (USA), ZonaMACO (M\u00e9xico), Untitled Art Fair (USA), LISTE Art Fair (Suiza), and Art Brussels (B\u00e9lgica), Artissima (Italia), Aspen Art Fair (USA) y NADA New York (USA), entre otras.<\/p><p style=\"font-weight: 400;\">Los resultados de estos esfuerzos son constatables en la colocaci\u00f3n de varios de sus creadores en prestigiosas colecciones institucionales como The Museum of Modern Art (MoMA), la Tate Modern, la Fundaci\u00f3n Mar\u00eda Cristina Masaveu Peterson y el P\u00e9rez Art Museum Miami (PAMM), etc. Adem\u00e1s, la galer\u00eda es miembro de la International Galleries Alliance (IGA), \u00a0New Art Dealers Alliance (NADA), y la Asociaci\u00f3n de Galer\u00edas de Arte Moderno y Contempor\u00e1neo de Madrid.<\/p><p style=\"font-weight: 400;\">En el a\u00f1o 2023, El Apartamento abri\u00f3 una nueva sede en Madrid, Espa\u00f1a, lo que ha enriquecido notablemente la proyecci\u00f3n curatorial de la galer\u00eda, y posibilitado la incorporaci\u00f3n de nuevos artistas, p\u00fablicos y experiencias culturales.\u00a0<\/p>\t\t\t\t\t\t\t\t<\/div>\n\t\t\t\t<\/div>\n\t\t\t\t<div class=\"elementor-element elementor-element-5ff39de elementor-widget elementor-widget-image\" data-id=\"5ff39de\" data-element_type=\"widget\" data-e-type=\"widget\" data-widget_type=\"image.default\">\n\t\t\t\t<div class=\"elementor-widget-container\">\n\t\t\t\t\t\t\t\t\t\t\t\t\t\t\t<img loading=\"lazy\" decoding=\"async\" width=\"720\" height=\"262\" src=\"https:\/\/artapartamento.com\/wp-content\/uploads\/2025\/01\/CONTACTO_LOGOS_DEFINITIVO_ENERO-25-scaled.jpg-e1737376989165-1024x372.webp\" class=\"attachment-large size-large wp-image-14032\" alt=\"\" srcset=\"https:\/\/artapartamento.com\/wp-content\/uploads\/2025\/01\/CONTACTO_LOGOS_DEFINITIVO_ENERO-25-scaled.jpg-e1737376989165-1024x372.webp 1024w, https:\/\/artapartamento.com\/wp-content\/uploads\/2025\/01\/CONTACTO_LOGOS_DEFINITIVO_ENERO-25-scaled.jpg-e1737376989165-300x109.webp 300w, https:\/\/artapartamento.com\/wp-content\/uploads\/2025\/01\/CONTACTO_LOGOS_DEFINITIVO_ENERO-25-scaled.jpg-e1737376989165-768x279.webp 768w, https:\/\/artapartamento.com\/wp-content\/uploads\/2025\/01\/CONTACTO_LOGOS_DEFINITIVO_ENERO-25-scaled.jpg-e1737376989165-1536x558.webp 1536w, https:\/\/artapartamento.com\/wp-content\/uploads\/2025\/01\/CONTACTO_LOGOS_DEFINITIVO_ENERO-25-scaled.jpg-e1737376989165-2048x744.webp 2048w, https:\/\/artapartamento.com\/wp-content\/uploads\/2025\/01\/CONTACTO_LOGOS_DEFINITIVO_ENERO-25-scaled.jpg-e1737376989165-18x7.webp 18w\" sizes=\"(max-width: 720px) 100vw, 720px\" \/>\t\t\t\t\t\t\t\t\t\t\t\t\t\t\t<\/div>\n\t\t\t\t<\/div>\n\t\t\t\t\t<\/div>\n\t\t\t\t<\/div>\n\t\t<div class=\"elementor-element elementor-element-587706e e-flex e-con-boxed e-con e-child\" data-id=\"587706e\" data-element_type=\"container\" data-e-type=\"container\">\n\t\t\t\t\t<div class=\"e-con-inner\">\n\t\t\t\t<div class=\"elementor-element elementor-element-7a79dd6 animated-slow elementor-invisible elementor-widget elementor-widget-image\" data-id=\"7a79dd6\" data-element_type=\"widget\" data-e-type=\"widget\" data-settings=\"{&quot;_animation&quot;:&quot;fadeIn&quot;,&quot;sticky_on&quot;:[&quot;desktop&quot;,&quot;tablet&quot;],&quot;sticky_offset&quot;:70,&quot;sticky_parent&quot;:&quot;yes&quot;,&quot;sticky&quot;:&quot;top&quot;,&quot;sticky_effects_offset&quot;:0,&quot;sticky_anchor_link_offset&quot;:0}\" data-widget_type=\"image.default\">\n\t\t\t\t<div class=\"elementor-widget-container\">\n\t\t\t\t\t\t\t\t\t\t\t\t\t\t\t<img loading=\"lazy\" decoding=\"async\" width=\"1\" height=\"1\" src=\"https:\/\/artapartamento.com\/wp-content\/uploads\/2025\/04\/IMG_4143.heic\" class=\"attachment-large size-large wp-image-15278\" alt=\"Frente_Galer\u00eda_Madrid\" \/>\t\t\t\t\t\t\t\t\t\t\t\t\t\t\t<\/div>\n\t\t\t\t<\/div>\n\t\t\t\t\t<\/div>\n\t\t\t\t<\/div>\n\t\t\t\t<\/div>\n\t\t<div class=\"elementor-element elementor-element-5440309 e-con-full e-flex e-con e-parent\" data-id=\"5440309\" data-element_type=\"container\" data-e-type=\"container\" data-settings=\"{&quot;background_background&quot;:&quot;classic&quot;}\">\n\t\t<div class=\"elementor-element elementor-element-564ee2c e-con-full elementor-hidden-mobile e-flex e-con e-child\" data-id=\"564ee2c\" data-element_type=\"container\" data-e-type=\"container\">\n\t\t\t\t<div class=\"elementor-element elementor-element-acee221 elementor-widget__width-initial elementor-widget elementor-widget-image\" data-id=\"acee221\" data-element_type=\"widget\" data-e-type=\"widget\" data-widget_type=\"image.default\">\n\t\t\t\t<div class=\"elementor-widget-container\">\n\t\t\t\t\t\t\t\t\t\t\t\t\t\t\t<img loading=\"lazy\" decoding=\"async\" width=\"720\" height=\"721\" src=\"https:\/\/artapartamento.com\/wp-content\/uploads\/2025\/03\/El-Apartamento-_-Identidad-_-Perfil-RS-03_ARTSY.png.webp\" class=\"attachment-large size-large wp-image-14271\" alt=\"Logo reducido\" srcset=\"https:\/\/artapartamento.com\/wp-content\/uploads\/2025\/03\/El-Apartamento-_-Identidad-_-Perfil-RS-03_ARTSY.png.webp 794w, https:\/\/artapartamento.com\/wp-content\/uploads\/2025\/03\/El-Apartamento-_-Identidad-_-Perfil-RS-03_ARTSY-300x300.png.webp 300w, https:\/\/artapartamento.com\/wp-content\/uploads\/2025\/03\/El-Apartamento-_-Identidad-_-Perfil-RS-03_ARTSY-150x150.png.webp 150w, https:\/\/artapartamento.com\/wp-content\/uploads\/2025\/03\/El-Apartamento-_-Identidad-_-Perfil-RS-03_ARTSY-768x769.png.webp 768w, https:\/\/artapartamento.com\/wp-content\/uploads\/2025\/03\/El-Apartamento-_-Identidad-_-Perfil-RS-03_ARTSY-12x12.png.webp 12w\" sizes=\"(max-width: 720px) 100vw, 720px\" \/>\t\t\t\t\t\t\t\t\t\t\t\t\t\t\t<\/div>\n\t\t\t\t<\/div>\n\t\t\t\t<\/div>\n\t\t<div class=\"elementor-element elementor-element-4e2ce49 e-flex e-con-boxed e-con e-child\" data-id=\"4e2ce49\" data-element_type=\"container\" data-e-type=\"container\">\n\t\t\t\t\t<div class=\"e-con-inner\">\n\t\t\t\t<div class=\"elementor-element elementor-element-b06ca28 elementor-invisible elementor-widget elementor-widget-heading\" data-id=\"b06ca28\" data-element_type=\"widget\" data-e-type=\"widget\" data-settings=\"{&quot;_animation&quot;:&quot;fadeInUp&quot;}\" data-widget_type=\"heading.default\">\n\t\t\t\t<div class=\"elementor-widget-container\">\n\t\t\t\t\t<h2 class=\"elementor-heading-title elementor-size-default\">\u00fanase a nuestra lista de correos<\/h2>\t\t\t\t<\/div>\n\t\t\t\t<\/div>\n\t\t\t\t<div class=\"elementor-element elementor-element-b810b55 elementor-button-align-stretch elementor-invisible elementor-widget elementor-widget-form\" data-id=\"b810b55\" data-element_type=\"widget\" data-e-type=\"widget\" data-settings=\"{&quot;step_next_label&quot;:&quot;Next&quot;,&quot;step_previous_label&quot;:&quot;Previous&quot;,&quot;button_width&quot;:&quot;66&quot;,&quot;_animation&quot;:&quot;fadeIn&quot;,&quot;step_type&quot;:&quot;number_text&quot;,&quot;step_icon_shape&quot;:&quot;circle&quot;}\" data-widget_type=\"form.default\">\n\t\t\t\t<div class=\"elementor-widget-container\">\n\t\t\t\t\t\t\t<form class=\"elementor-form\" method=\"post\" name=\"Mailing\" aria-label=\"Mailing\">\n\t\t\t<input type=\"hidden\" name=\"post_id\" value=\"29\"\/>\n\t\t\t<input type=\"hidden\" name=\"form_id\" value=\"b810b55\"\/>\n\t\t\t<input type=\"hidden\" name=\"referer_title\" value=\"Contacto | El Apartamento\" \/>\n\n\t\t\t\t\t\t\t<input type=\"hidden\" name=\"queried_id\" value=\"29\"\/>\n\t\t\t\n\t\t\t<div class=\"elementor-form-fields-wrapper elementor-labels-\">\n\t\t\t\t\t\t\t\t<div class=\"elementor-field-type-text elementor-field-group elementor-column elementor-field-group-name elementor-col-100 elementor-field-required\">\n\t\t\t\t\t\t\t\t\t\t\t\t<label for=\"form-field-name\" class=\"elementor-field-label elementor-screen-only\">\n\t\t\t\t\t\t\t\tName\t\t\t\t\t\t\t<\/label>\n\t\t\t\t\t\t\t\t\t\t\t\t\t\t<input size=\"1\" type=\"text\" name=\"form_fields[name]\" id=\"form-field-name\" class=\"elementor-field elementor-size-sm  elementor-field-textual\" placeholder=\"nombre y apellidos\" required=\"required\">\n\t\t\t\t\t\t\t\t\t\t\t<\/div>\n\t\t\t\t\t\t\t\t<div class=\"elementor-field-type-email elementor-field-group elementor-column elementor-field-group-email elementor-col-100 elementor-field-required\">\n\t\t\t\t\t\t\t\t\t\t\t\t<label for=\"form-field-email\" class=\"elementor-field-label elementor-screen-only\">\n\t\t\t\t\t\t\t\tEmail\t\t\t\t\t\t\t<\/label>\n\t\t\t\t\t\t\t\t\t\t\t\t\t\t<input size=\"1\" type=\"email\" name=\"form_fields[email]\" id=\"form-field-email\" class=\"elementor-field elementor-size-sm  elementor-field-textual\" placeholder=\"correo\" required=\"required\">\n\t\t\t\t\t\t\t\t\t\t\t<\/div>\n\t\t\t\t\t\t\t\t<div class=\"elementor-field-group elementor-column elementor-field-type-submit elementor-col-66 e-form__buttons\">\n\t\t\t\t\t<button class=\"elementor-button elementor-size-sm\" type=\"submit\">\n\t\t\t\t\t\t<span class=\"elementor-button-content-wrapper\">\n\t\t\t\t\t\t\t\t\t\t\t\t\t\t\t\t\t\t\t\t\t\t<span class=\"elementor-button-text\">suscribir<\/span>\n\t\t\t\t\t\t\t\t\t\t\t\t\t<\/span>\n\t\t\t\t\t<\/button>\n\t\t\t\t<\/div>\n\t\t\t<\/div>\n\t\t<\/form>\n\t\t\t\t\t\t<\/div>\n\t\t\t\t<\/div>\n\t\t\t\t<div class=\"elementor-element elementor-element-4f6e5df elementor-widget__width-initial elementor-invisible elementor-widget elementor-widget-text-editor\" data-id=\"4f6e5df\" data-element_type=\"widget\" data-e-type=\"widget\" data-settings=\"{&quot;_animation&quot;:&quot;fadeIn&quot;}\" data-widget_type=\"text-editor.default\">\n\t\t\t\t<div class=\"elementor-widget-container\">\n\t\t\t\t\t\t\t\t\t<p>Todos los mensajes ser\u00e1n enviados a <a href=\"mailto:info@artapartamento.com\">info@artapartamento.com<\/a><\/p>\t\t\t\t\t\t\t\t<\/div>\n\t\t\t\t<\/div>\n\t\t\t\t\t<\/div>\n\t\t\t\t<\/div>\n\t\t\t\t<\/div>\n\t\t\t\t<\/div>\n\t\t","protected":false},"excerpt":{"rendered":"<p>Contemporary Art<\/p>","protected":false},"author":1,"featured_media":5684,"parent":0,"menu_order":0,"comment_status":"closed","ping_status":"closed","template":"","meta":{"_acf_changed":false,"footnotes":"","_links_to":"","_links_to_target":""},"categories":[],"tags":[],"class_list":["post-29","page","type-page","status-publish","has-post-thumbnail","hentry","post","post-with-thumbnail","post-with-thumbnail-large"],"acf":[],"aioseo_notices":[],"_links":{"self":[{"href":"https:\/\/artapartamento.com\/en\/wp-json\/wp\/v2\/pages\/29","targetHints":{"allow":["GET"]}}],"collection":[{"href":"https:\/\/artapartamento.com\/en\/wp-json\/wp\/v2\/pages"}],"about":[{"href":"https:\/\/artapartamento.com\/en\/wp-json\/wp\/v2\/types\/page"}],"author":[{"embeddable":true,"href":"https:\/\/artapartamento.com\/en\/wp-json\/wp\/v2\/users\/1"}],"replies":[{"embeddable":true,"href":"https:\/\/artapartamento.com\/en\/wp-json\/wp\/v2\/comments?post=29"}],"version-history":[{"count":0,"href":"https:\/\/artapartamento.com\/en\/wp-json\/wp\/v2\/pages\/29\/revisions"}],"wp:featuredmedia":[{"embeddable":true,"href":"https:\/\/artapartamento.com\/en\/wp-json\/wp\/v2\/media\/5684"}],"wp:attachment":[{"href":"https:\/\/artapartamento.com\/en\/wp-json\/wp\/v2\/media?parent=29"}],"wp:term":[{"taxonomy":"category","embeddable":true,"href":"https:\/\/artapartamento.com\/en\/wp-json\/wp\/v2\/categories?post=29"},{"taxonomy":"post_tag","embeddable":true,"href":"https:\/\/artapartamento.com\/en\/wp-json\/wp\/v2\/tags?post=29"}],"curies":[{"name":"wp","href":"https:\/\/api.w.org\/{rel}","templated":true}]}}