{"id":19863,"date":"2026-05-08T18:22:49","date_gmt":"2026-05-08T16:22:49","guid":{"rendered":"https:\/\/artapartamento.com\/?page_id=19863"},"modified":"2026-05-08T20:07:55","modified_gmt":"2026-05-08T18:07:55","slug":"pintura-archivo","status":"publish","type":"page","link":"https:\/\/artapartamento.com\/en\/pintura-archivo\/","title":{"rendered":"PINTURA (ARCHIVO)"},"content":{"rendered":"\t\t<div data-elementor-type=\"wp-page\" data-elementor-id=\"19863\" class=\"elementor elementor-19863\" data-elementor-post-type=\"page\">\n\t\t\t\t<div class=\"elementor-element elementor-element-bac9d62 e-con-full e-flex e-con e-parent\" data-id=\"bac9d62\" data-element_type=\"container\" data-e-type=\"container\" data-settings=\"{&quot;background_background&quot;:&quot;classic&quot;}\">\n\t\t<div class=\"elementor-element elementor-element-307a0928 e-con-full e-flex e-con e-child\" data-id=\"307a0928\" data-element_type=\"container\" data-e-type=\"container\">\n\t\t\t\t<div class=\"elementor-element elementor-element-51a282d elementor-invisible elementor-widget elementor-widget-heading\" data-id=\"51a282d\" data-element_type=\"widget\" data-e-type=\"widget\" data-settings=\"{&quot;_animation&quot;:&quot;fadeInUp&quot;}\" data-widget_type=\"heading.default\">\n\t\t\t\t<div class=\"elementor-widget-container\">\n\t\t\t\t\t<h2 class=\"elementor-heading-title elementor-size-default\">PINTURA (ARCHIVO)<\/h2>\t\t\t\t<\/div>\n\t\t\t\t<\/div>\n\t\t\t\t<div class=\"elementor-element elementor-element-5bb7ee3e elementor-invisible elementor-widget elementor-widget-heading\" data-id=\"5bb7ee3e\" data-element_type=\"widget\" data-e-type=\"widget\" data-settings=\"{&quot;_animation&quot;:&quot;fadeInUp&quot;}\" data-widget_type=\"heading.default\">\n\t\t\t\t<div class=\"elementor-widget-container\">\n\t\t\t\t\t<h2 class=\"elementor-heading-title elementor-size-default\">Brenda Cabrera, Leandro Feal, Diana Fonseca,<br> Flavio Garciand\u00eda, H\u00e9ctor Onel Guevara, <br>Juan Miguel Pozo, Ren\u00e9 Francisco Rodr\u00edguez<\/h2>\t\t\t\t<\/div>\n\t\t\t\t<\/div>\n\t\t\t\t<div class=\"elementor-element elementor-element-63737349 elementor-invisible elementor-widget elementor-widget-text-editor\" data-id=\"63737349\" data-element_type=\"widget\" data-e-type=\"widget\" data-settings=\"{&quot;_animation&quot;:&quot;fadeInUp&quot;}\" data-widget_type=\"text-editor.default\">\n\t\t\t\t<div class=\"elementor-widget-container\">\n\t\t\t\t\t\t\t\t\t<p>13 de Mayo &#8211; 1 de Agosto, 2026<\/p><p class=\"title-place\">Project Room, El Apartamento, Madrid<\/p>\t\t\t\t\t\t\t\t<\/div>\n\t\t\t\t<\/div>\n\t\t\t\t<\/div>\n\t\t\t\t<\/div>\n\t\t<div class=\"elementor-element elementor-element-25e8eb48 e-con-full e-flex e-con e-parent\" data-id=\"25e8eb48\" data-element_type=\"container\" data-e-type=\"container\" data-settings=\"{&quot;background_background&quot;:&quot;classic&quot;}\">\n\t\t\t\t<div class=\"elementor-element elementor-element-61b0a9ae animated-slow elementor-invisible elementor-widget elementor-widget-image\" data-id=\"61b0a9ae\" data-element_type=\"widget\" data-e-type=\"widget\" data-settings=\"{&quot;_animation&quot;:&quot;fadeInUp&quot;}\" data-widget_type=\"image.default\">\n\t\t\t\t<div class=\"elementor-widget-container\">\n\t\t\t\t\t\t\t\t\t\t\t\t\t\t\t<img fetchpriority=\"high\" decoding=\"async\" width=\"1200\" height=\"800\" src=\"https:\/\/artapartamento.com\/wp-content\/uploads\/2026\/05\/A_Invitacion_Pintura-Archivo_Inauguracion.jpg.webp\" class=\"attachment-full size-full wp-image-19869\" alt=\"Pintura (Archivo)\" srcset=\"https:\/\/artapartamento.com\/wp-content\/uploads\/2026\/05\/A_Invitacion_Pintura-Archivo_Inauguracion.jpg.webp 1200w, https:\/\/artapartamento.com\/wp-content\/uploads\/2026\/05\/A_Invitacion_Pintura-Archivo_Inauguracion-300x200.jpg.webp 300w, https:\/\/artapartamento.com\/wp-content\/uploads\/2026\/05\/A_Invitacion_Pintura-Archivo_Inauguracion-1024x683.jpg.webp 1024w, https:\/\/artapartamento.com\/wp-content\/uploads\/2026\/05\/A_Invitacion_Pintura-Archivo_Inauguracion-768x512.jpg.webp 768w, https:\/\/artapartamento.com\/wp-content\/uploads\/2026\/05\/A_Invitacion_Pintura-Archivo_Inauguracion-18x12.jpg.webp 18w, https:\/\/artapartamento.com\/wp-content\/uploads\/2026\/05\/A_Invitacion_Pintura-Archivo_Inauguracion-272x182.jpg.webp 272w\" sizes=\"(max-width: 1200px) 100vw, 1200px\" \/>\t\t\t\t\t\t\t\t\t\t\t\t\t\t\t<\/div>\n\t\t\t\t<\/div>\n\t\t\t\t<\/div>\n\t\t<div class=\"elementor-element elementor-element-2730a481 e-con-full e-flex e-con e-parent\" data-id=\"2730a481\" data-element_type=\"container\" data-e-type=\"container\" data-settings=\"{&quot;background_background&quot;:&quot;classic&quot;}\">\n\t\t<div class=\"elementor-element elementor-element-3dfe09b3 elementor-hidden-mobile e-flex e-con-boxed e-con e-child\" data-id=\"3dfe09b3\" data-element_type=\"container\" data-e-type=\"container\">\n\t\t\t\t\t<div class=\"e-con-inner\">\n\t\t\t\t<div class=\"elementor-element elementor-element-5b8d31d elementor-widget elementor-widget-image\" data-id=\"5b8d31d\" data-element_type=\"widget\" data-e-type=\"widget\" data-settings=\"{&quot;motion_fx_motion_fx_scrolling&quot;:&quot;yes&quot;,&quot;motion_fx_translateX_effect&quot;:&quot;yes&quot;,&quot;motion_fx_translateX_direction&quot;:&quot;negative&quot;,&quot;motion_fx_translateX_speed&quot;:{&quot;unit&quot;:&quot;px&quot;,&quot;size&quot;:1.5,&quot;sizes&quot;:[]},&quot;motion_fx_translateX_affectedRange&quot;:{&quot;unit&quot;:&quot;%&quot;,&quot;size&quot;:&quot;&quot;,&quot;sizes&quot;:{&quot;start&quot;:0,&quot;end&quot;:50}},&quot;sticky&quot;:&quot;top&quot;,&quot;sticky_on&quot;:[&quot;desktop&quot;,&quot;tablet&quot;],&quot;sticky_offset_tablet&quot;:70,&quot;sticky_parent&quot;:&quot;yes&quot;,&quot;sticky_offset&quot;:100,&quot;motion_fx_devices&quot;:[&quot;desktop&quot;,&quot;tablet&quot;,&quot;mobile&quot;],&quot;sticky_effects_offset&quot;:0,&quot;sticky_anchor_link_offset&quot;:0}\" data-widget_type=\"image.default\">\n\t\t\t\t<div class=\"elementor-widget-container\">\n\t\t\t\t\t\t\t\t\t\t\t\t\t\t\t<img decoding=\"async\" width=\"485\" height=\"834\" src=\"https:\/\/artapartamento.com\/wp-content\/uploads\/2026\/05\/Teberivs-2018-.-16-000E.jpg.webp\" class=\"attachment-full size-full wp-image-19883\" alt=\"Pintura (Archivo)\" srcset=\"https:\/\/artapartamento.com\/wp-content\/uploads\/2026\/05\/Teberivs-2018-.-16-000E.jpg.webp 485w, https:\/\/artapartamento.com\/wp-content\/uploads\/2026\/05\/Teberivs-2018-.-16-000E-174x300.jpg.webp 174w, https:\/\/artapartamento.com\/wp-content\/uploads\/2026\/05\/Teberivs-2018-.-16-000E-7x12.jpg.webp 7w\" sizes=\"(max-width: 485px) 100vw, 485px\" \/>\t\t\t\t\t\t\t\t\t\t\t\t\t\t\t<\/div>\n\t\t\t\t<\/div>\n\t\t\t\t\t<\/div>\n\t\t\t\t<\/div>\n\t\t<div class=\"elementor-element elementor-element-3a1ffe96 e-flex e-con-boxed e-con e-child\" data-id=\"3a1ffe96\" data-element_type=\"container\" data-e-type=\"container\">\n\t\t\t\t\t<div class=\"e-con-inner\">\n\t\t\t\t<div class=\"elementor-element elementor-element-703c9920 elementor-widget elementor-widget-text-editor\" data-id=\"703c9920\" data-element_type=\"widget\" data-e-type=\"widget\" data-widget_type=\"text-editor.default\">\n\t\t\t\t<div class=\"elementor-widget-container\">\n\t\t\t\t\t\t\t\t\t<p style=\"font-weight: 400;\">La pintura se ha ubicado, desde finales del siglo XIX, en el centro de un \u00e1lgido debate institucional. Su historia reciente no puede entenderse fuera de crisis productivas c\u00edclicas, a trav\u00e9s de las cuales el lenguaje revela su metanoia. Lo pict\u00f3rico se ha convertido en soporte de la cr\u00edtica a los sistemas de representaci\u00f3n y funciona como metarchivo de complejas respuestas socioculturales. La imagen, as\u00ed concebida, ha alcanzado la profundidad de imaginario.<\/p><p style=\"font-weight: 400;\">En el caso puntual de Cuba, la teor\u00eda sobre el postconceptualismo encontr\u00f3 en la pintura un buen aliado. Desde la d\u00e9cada de 1980, el lenguaje pas\u00f3 a jugar un rol decisivo en el an\u00e1lisis de uno de los h\u00e1bitos definitorios de la cultura latinoamericana y, por extensi\u00f3n, de la cultura insular: la capacidad de digerir, metabolizar y apropiar c\u00e1nones, im\u00e1genes y conceptos for\u00e1neos. Ello se sumar\u00eda a un interesante debate a nivel regional, matizado por el pensamiento postcolonial. Lo curioso es que, mientras algunos se enfrascaban en la cr\u00edtica a las consecuencias del colonialismo sufrido en el pasado, otros se enfocaban en el impacto de formas disimuladas de colonialismo contempor\u00e1neo, como es el caso de la influencia sovi\u00e9tica sobre la cultura popular cubana. Desde entonces, una parte considerable de la producci\u00f3n pict\u00f3rica ha estado centrada en analizar y eternizar la respuesta popular ante la influencia de distintos reg\u00edmenes de representaci\u00f3n y est\u00e9ticas for\u00e1neas.<\/p><p style=\"font-weight: 400;\">Desde la emergencia de la llamada Generaci\u00f3n Volumen I en la Isla, el debate a nivel art\u00edstico se enriqueci\u00f3 considerablemente, en sinton\u00eda con los presupuestos de la posmodernidad. En la pintura, con Flavio Garciand\u00eda \u2014no solo a nivel art\u00edstico, sino tambi\u00e9n acad\u00e9mico\u2014, una nueva cuesti\u00f3n centrar\u00eda la atenci\u00f3n hasta nuestros d\u00edas: \u00bfc\u00f3mo se puede producir significado dentro de un marco conceptual cada vez m\u00e1s globalizado, a pesar del a(isla)miento? \u00bfC\u00f3mo orquestar un hecho art\u00edstico que sea intr\u00ednsecamente transnacional y que pueda entenderse m\u00e1s all\u00e1 de los marcos locales, desde los basamentos de una cultura cuya principal obsesi\u00f3n es autodescubrirse, autodefinirse, autolegitimarse? \u00bfC\u00f3mo hacer una pintura, desde los presupuestos del conceptualismo, que sea francamente buena?<\/p><p style=\"font-weight: 400;\">Esta exhibici\u00f3n re\u00fane a artistas de distintas generaciones y se articula en torno a una pintura que se piensa y se activa como instrumento de exploraci\u00f3n de las verdades que atraviesan las culturas contempor\u00e1neas; que se adentra en el campo de la arqueolog\u00eda de la mirada. En las piezas seleccionadas, el asunto no siempre se presenta de forma visible: cada una funciona como la enunciaci\u00f3n \u2014o la activaci\u00f3n\u2014 de un gesto cr\u00edtico, como un apunte dentro de procesos de investigaci\u00f3n art\u00edstica de car\u00e1cter m\u00e1s amplio, cuyo fin \u00faltimo pudiera ser someter a tensi\u00f3n la taxonom\u00eda, hoy muy aceptada, de <em>image-based practices<\/em>. En efecto, en ning\u00fan caso estaremos ante una pintura que busque desprenderse de su condici\u00f3n ontol\u00f3gica, ni de la tradici\u00f3n que la precede, ni del car\u00e1cter casi placebo que se le ha atribuido como objeto inefable de belleza. Aqu\u00ed la pintura no teme ser pintura.<\/p><p style=\"font-weight: 400;\">El objeto arte ideado desde esta \u00f3ptica sufre un desplazamiento de sentido: estas pinturas son, en realidad, archivos. Inacabados. Con una estructura viva. Densos y copiosos como una biblioteca. Pero conviene precisar que la noci\u00f3n de archivo aqu\u00ed invocada no remite \u00fanicamente a la idea de acumulaci\u00f3n, sino a su ra\u00edz m\u00e1s profunda: del griego <em>arkhe\u00eeon<\/em>, el lugar donde se custodian los documentos del poder, aquello que da inicio y fundamento a un determinado orden. \u00a0_Luis Sicre<\/p><p style=\"font-weight: 400;\">\u00a0<\/p><p style=\"font-weight: 400;\">\u00a0<\/p><p style=\"font-weight: 400;\">\u00a0<\/p>\t\t\t\t\t\t\t\t<\/div>\n\t\t\t\t<\/div>\n\t\t\t\t<div class=\"elementor-element elementor-element-9f1441c elementor-hidden-desktop elementor-hidden-tablet elementor-widget elementor-widget-image\" data-id=\"9f1441c\" data-element_type=\"widget\" data-e-type=\"widget\" data-settings=\"{&quot;motion_fx_motion_fx_scrolling&quot;:&quot;yes&quot;,&quot;motion_fx_translateX_effect&quot;:&quot;yes&quot;,&quot;motion_fx_translateX_direction&quot;:&quot;negative&quot;,&quot;motion_fx_translateX_speed&quot;:{&quot;unit&quot;:&quot;px&quot;,&quot;size&quot;:1.5,&quot;sizes&quot;:[]},&quot;motion_fx_translateX_affectedRange&quot;:{&quot;unit&quot;:&quot;%&quot;,&quot;size&quot;:&quot;&quot;,&quot;sizes&quot;:{&quot;start&quot;:0,&quot;end&quot;:50}},&quot;motion_fx_devices&quot;:[&quot;desktop&quot;]}\" data-widget_type=\"image.default\">\n\t\t\t\t<div class=\"elementor-widget-container\">\n\t\t\t\t\t\t\t\t\t\t\t\t\t\t\t<img decoding=\"async\" width=\"485\" height=\"834\" src=\"https:\/\/artapartamento.com\/wp-content\/uploads\/2026\/05\/Teberivs-2018-.-16-000E.jpg.webp\" class=\"attachment-full size-full wp-image-19883\" alt=\"Pintura (Archivo)\" srcset=\"https:\/\/artapartamento.com\/wp-content\/uploads\/2026\/05\/Teberivs-2018-.-16-000E.jpg.webp 485w, https:\/\/artapartamento.com\/wp-content\/uploads\/2026\/05\/Teberivs-2018-.-16-000E-174x300.jpg.webp 174w, https:\/\/artapartamento.com\/wp-content\/uploads\/2026\/05\/Teberivs-2018-.-16-000E-7x12.jpg.webp 7w\" sizes=\"(max-width: 485px) 100vw, 485px\" \/>\t\t\t\t\t\t\t\t\t\t\t\t\t\t\t<\/div>\n\t\t\t\t<\/div>\n\t\t\t\t\t<\/div>\n\t\t\t\t<\/div>\n\t\t\t\t<\/div>\n\t\t\t\t<\/div>\n\t\t","protected":false},"excerpt":{"rendered":"<p><strong>Proyecto Colectivo<\/strong><br \/>Madrid, Project Room <br \/> Mayo &#8211; Agosto, 2026<\/p>","protected":false},"author":1,"featured_media":19917,"parent":0,"menu_order":0,"comment_status":"closed","ping_status":"closed","template":"","meta":{"_acf_changed":false,"footnotes":"","_links_to":"","_links_to_target":""},"categories":[18,12],"tags":[16],"class_list":["post-19863","page","type-page","status-publish","has-post-thumbnail","hentry","category-exposicion","category-madrid","tag-actual","post","post-with-thumbnail","post-with-thumbnail-large"],"acf":[],"aioseo_notices":[],"_links":{"self":[{"href":"https:\/\/artapartamento.com\/en\/wp-json\/wp\/v2\/pages\/19863","targetHints":{"allow":["GET"]}}],"collection":[{"href":"https:\/\/artapartamento.com\/en\/wp-json\/wp\/v2\/pages"}],"about":[{"href":"https:\/\/artapartamento.com\/en\/wp-json\/wp\/v2\/types\/page"}],"author":[{"embeddable":true,"href":"https:\/\/artapartamento.com\/en\/wp-json\/wp\/v2\/users\/1"}],"replies":[{"embeddable":true,"href":"https:\/\/artapartamento.com\/en\/wp-json\/wp\/v2\/comments?post=19863"}],"version-history":[{"count":13,"href":"https:\/\/artapartamento.com\/en\/wp-json\/wp\/v2\/pages\/19863\/revisions"}],"predecessor-version":[{"id":19920,"href":"https:\/\/artapartamento.com\/en\/wp-json\/wp\/v2\/pages\/19863\/revisions\/19920"}],"wp:featuredmedia":[{"embeddable":true,"href":"https:\/\/artapartamento.com\/en\/wp-json\/wp\/v2\/media\/19917"}],"wp:attachment":[{"href":"https:\/\/artapartamento.com\/en\/wp-json\/wp\/v2\/media?parent=19863"}],"wp:term":[{"taxonomy":"category","embeddable":true,"href":"https:\/\/artapartamento.com\/en\/wp-json\/wp\/v2\/categories?post=19863"},{"taxonomy":"post_tag","embeddable":true,"href":"https:\/\/artapartamento.com\/en\/wp-json\/wp\/v2\/tags?post=19863"}],"curies":[{"name":"wp","href":"https:\/\/api.w.org\/{rel}","templated":true}]}}