{"id":18722,"date":"2026-01-24T12:14:12","date_gmt":"2026-01-24T11:14:12","guid":{"rendered":"https:\/\/artapartamento.com\/?page_id=18722"},"modified":"2026-01-24T12:49:12","modified_gmt":"2026-01-24T11:49:12","slug":"a-happy-day","status":"publish","type":"page","link":"https:\/\/artapartamento.com\/en\/a-happy-day\/","title":{"rendered":"A Happy Day"},"content":{"rendered":"<div data-elementor-type=\"wp-page\" data-elementor-id=\"18722\" class=\"elementor elementor-18722\" data-elementor-post-type=\"page\">\n\t\t\t\t<div class=\"elementor-element elementor-element-68a62ff1 e-con-full e-flex e-con e-parent\" data-id=\"68a62ff1\" data-element_type=\"container\" data-e-type=\"container\" data-settings=\"{&quot;background_background&quot;:&quot;classic&quot;}\">\n\t\t<div class=\"elementor-element elementor-element-75feb5d5 e-con-full e-flex e-con e-child\" data-id=\"75feb5d5\" data-element_type=\"container\" data-e-type=\"container\">\n\t\t\t\t<div class=\"elementor-element elementor-element-5cea6dbd elementor-widget elementor-widget-image-carousel\" data-id=\"5cea6dbd\" data-element_type=\"widget\" data-e-type=\"widget\" data-settings=\"{&quot;slides_to_show&quot;:&quot;1&quot;,&quot;navigation&quot;:&quot;none&quot;,&quot;autoplay&quot;:&quot;yes&quot;,&quot;pause_on_hover&quot;:&quot;yes&quot;,&quot;pause_on_interaction&quot;:&quot;yes&quot;,&quot;autoplay_speed&quot;:5000,&quot;infinite&quot;:&quot;yes&quot;,&quot;effect&quot;:&quot;slide&quot;,&quot;speed&quot;:500}\" data-widget_type=\"image-carousel.default\">\n\t\t\t\t<div class=\"elementor-widget-container\">\n\t\t\t\t\t\t\t<div class=\"elementor-image-carousel-wrapper swiper\" role=\"region\" aria-roledescription=\"carousel\" aria-label=\"Carousel of images\" dir=\"ltr\">\n\t\t\t<div class=\"elementor-image-carousel swiper-wrapper swiper-image-stretch\" aria-live=\"off\">\n\t\t\t\t\t\t\t\t<div class=\"swiper-slide\" role=\"group\" aria-roledescription=\"slide\" aria-label=\"1 of 1\"><a data-elementor-open-lightbox=\"yes\" data-elementor-lightbox-slideshow=\"5cea6dbd\" data-e-action-hash=\"#elementor-action%3Aaction%3Dlightbox%26settings%3DeyJpZCI6MTg3MDksInVybCI6Imh0dHBzOlwvXC9hcnRhcGFydGFtZW50by5jb21cL3dwLWNvbnRlbnRcL3VwbG9hZHNcLzIwMjZcLzAxXC9lbm1hcmNhZG9fZWRpY2lvbmVzNC1zY2FsZWQuanBnLndlYnAiLCJzbGlkZXNob3ciOiI1Y2VhNmRiZCJ9\" href=\"https:\/\/artapartamento.com\/wp-content\/uploads\/2026\/01\/enmarcado_ediciones4-scaled.jpg.webp\"><figure class=\"swiper-slide-inner\"><img decoding=\"async\" class=\"swiper-slide-image\" src=\"https:\/\/artapartamento.com\/wp-content\/uploads\/2026\/01\/enmarcado_ediciones4-scaled.jpg.webp\" alt=\"Novo_Editions\" \/><\/figure><\/a><\/div>\t\t\t<\/div>\n\t\t\t\t\t<\/div>\n\t\t\t\t\t\t<\/div>\n\t\t\t\t<\/div>\n\t\t\t\t<\/div>\n\t\t<div class=\"elementor-element elementor-element-356a719e e-con-full e-flex e-con e-child\" data-id=\"356a719e\" data-element_type=\"container\" data-e-type=\"container\">\n\t\t\t\t<div class=\"elementor-element elementor-element-1cbe5d31 elementor-widget elementor-widget-heading\" data-id=\"1cbe5d31\" data-element_type=\"widget\" data-e-type=\"widget\" data-widget_type=\"heading.default\">\n\t\t\t\t<div class=\"elementor-widget-container\">\n\t\t\t\t\t<h2 class=\"elementor-heading-title elementor-size-default\">Reynier Leyva Novo<\/h2>\t\t\t\t<\/div>\n\t\t\t\t<\/div>\n\t\t\t\t<div class=\"elementor-element elementor-element-3c06db77 elementor-widget elementor-widget-text-editor\" data-id=\"3c06db77\" data-element_type=\"widget\" data-e-type=\"widget\" data-widget_type=\"text-editor.default\">\n\t\t\t\t<div class=\"elementor-widget-container\">\n\t\t\t\t\t\t\t\t\t<p><i>A Happy Day,<\/i> 2025<br \/><span lang=\"ES-AR\">Manual silkscreen printing on 320 gsm paper<\/span><br \/>50 \u00d7 35 cm (19.69 \u00d7 13.78 in)<br \/>Edition of 50 + 2 P\/A<\/p><p><b><span lang=\"ES-AR\">Master printer: <\/span><\/b>Nacho Ramos<\/p>\t\t\t\t\t\t\t\t<\/div>\n\t\t\t\t<\/div>\n\t\t\t\t<div class=\"elementor-element elementor-element-b964ca1 elementor-widget elementor-widget-text-editor\" data-id=\"b964ca1\" data-element_type=\"widget\" data-e-type=\"widget\" data-widget_type=\"text-editor.default\">\n\t\t\t\t<div class=\"elementor-widget-container\">\n\t\t\t\t\t\t\t\t\t<h6>Technical data sheet of the paper used<\/h6><p>The edition has been stamped on <strong>Freelife Vellum 320 g\/m\u00b2 paper<\/strong>, a high quality paper composed of 55% of pure FSC\u00ae certified cellulose, 40% of FSC\u00ae certified recycled fibers and 5% of cotton fibers. This composition provides structural stability, strength and body, while introducing slight tonal variations and small irregularities typical of papers with high recycled content.<\/p><p style=\"font-weight: 400;\">Its macroporous and slightly vellum surface favors an excellent reception of the water-based screen printing ink, allowing a good charge, contrast and depth without loss of definition. The choice of this support reinforces the process character of the series and establishes a material coherence between image, technique and concept.<\/p><h6><strong>Methodology datasheet (screens and printing)<\/strong><\/h6><p style=\"font-weight: 400;\">Silkscreen edition of 50 copies, conceived under criteria of technical control, support stability and formal definition. The methodology is oriented to precise graphics, without variation between copies as an aesthetic resource.<\/p><h6><strong>Materials<\/strong><\/h6><p><strong>Inks:<\/strong> water base<br \/><strong>Screens:<\/strong> 120 and 100 yarns\/cm meshes<br \/><strong>Emulsion:<\/strong> high-definition photopolymer emulsion<br \/><strong>Racleta:<\/strong> medium hardness (approx. 75 shore)<\/p><h6><strong>Stamping process<\/strong><\/h6><p style=\"font-weight: 400;\">Printing was carried out in one pass. Pressure, squeegee angle and humidity level were controlled to ensure chromatic consistency, dimensional stability of the paper and uniformity between specimens.<br \/>The process prioritizes formal clarity, image cleanliness and technical control as structural values of the work.<\/p>\t\t\t\t\t\t\t\t<\/div>\n\t\t\t\t<\/div>\n\t\t\t\t<div class=\"elementor-element elementor-element-92df0c9 elementor-align-left elementor-widget elementor-widget-button\" data-id=\"92df0c9\" data-element_type=\"widget\" data-e-type=\"widget\" data-widget_type=\"button.default\">\n\t\t\t\t<div class=\"elementor-widget-container\">\n\t\t\t\t\t\t\t\t\t<div class=\"elementor-button-wrapper\">\n\t\t\t\t\t<a class=\"elementor-button elementor-size-sm\" role=\"button\">\n\t\t\t\t\t\t<span class=\"elementor-button-content-wrapper\">\n\t\t\t\t\t\t\t\t\t<span class=\"elementor-button-text\">Inquiry<\/span>\n\t\t\t\t\t<\/span>\n\t\t\t\t\t<\/a>\n\t\t\t\t<\/div>\n\t\t\t\t\t\t\t\t<\/div>\n\t\t\t\t<\/div>\n\t\t\t\t<\/div>\n\t\t\t\t<\/div>\n\t\t\t\t<\/div>","protected":false},"excerpt":{"rendered":"<p>Reynier Leyva Novo A Happy Day, 2025Serigraf\u00eda manual sobre papel 320 gr50 \u00d7 35 cm (19,69 \u00d7 13,78 in)Edici\u00f3n de 50 + 2 P\/A Maestro impresor: Nacho Ramos Ficha t\u00e9cnica del papel utilizado La edici\u00f3n ha sido estampada sobre papel Freelife Vellum de 320 g\/m\u00b2, un papel de alta calidad compuesto por 55% de pura [&hellip;]<\/p>\n","protected":false},"author":1,"featured_media":18709,"parent":0,"menu_order":0,"comment_status":"closed","ping_status":"closed","template":"","meta":{"_acf_changed":false,"footnotes":"","_links_to":"","_links_to_target":""},"categories":[95],"tags":[65],"class_list":["post-18722","page","type-page","status-publish","has-post-thumbnail","hentry","category-ediciones","tag-obra","post","post-with-thumbnail","post-with-thumbnail-large"],"acf":[],"aioseo_notices":[],"_links":{"self":[{"href":"https:\/\/artapartamento.com\/en\/wp-json\/wp\/v2\/pages\/18722","targetHints":{"allow":["GET"]}}],"collection":[{"href":"https:\/\/artapartamento.com\/en\/wp-json\/wp\/v2\/pages"}],"about":[{"href":"https:\/\/artapartamento.com\/en\/wp-json\/wp\/v2\/types\/page"}],"author":[{"embeddable":true,"href":"https:\/\/artapartamento.com\/en\/wp-json\/wp\/v2\/users\/1"}],"replies":[{"embeddable":true,"href":"https:\/\/artapartamento.com\/en\/wp-json\/wp\/v2\/comments?post=18722"}],"version-history":[{"count":0,"href":"https:\/\/artapartamento.com\/en\/wp-json\/wp\/v2\/pages\/18722\/revisions"}],"wp:featuredmedia":[{"embeddable":true,"href":"https:\/\/artapartamento.com\/en\/wp-json\/wp\/v2\/media\/18709"}],"wp:attachment":[{"href":"https:\/\/artapartamento.com\/en\/wp-json\/wp\/v2\/media?parent=18722"}],"wp:term":[{"taxonomy":"category","embeddable":true,"href":"https:\/\/artapartamento.com\/en\/wp-json\/wp\/v2\/categories?post=18722"},{"taxonomy":"post_tag","embeddable":true,"href":"https:\/\/artapartamento.com\/en\/wp-json\/wp\/v2\/tags?post=18722"}],"curies":[{"name":"wp","href":"https:\/\/api.w.org\/{rel}","templated":true}]}}