{"id":13990,"date":"2025-01-15T11:47:21","date_gmt":"2025-01-15T10:47:21","guid":{"rendered":"https:\/\/artapartamento.com\/?page_id=13990"},"modified":"2025-01-15T12:27:53","modified_gmt":"2025-01-15T11:27:53","slug":"federal-dust-collection","status":"publish","type":"page","link":"https:\/\/artapartamento.com\/en\/federal-dust-collection\/","title":{"rendered":"Federal Dust Collection"},"content":{"rendered":"\t\t<div data-elementor-type=\"wp-page\" data-elementor-id=\"13990\" class=\"elementor elementor-13990\" data-elementor-post-type=\"page\">\n\t\t\t\t<div class=\"elementor-element elementor-element-6000aca5 e-con-full e-flex e-con e-parent\" data-id=\"6000aca5\" data-element_type=\"container\" data-e-type=\"container\" data-settings=\"{&quot;background_background&quot;:&quot;classic&quot;}\">\n\t\t<div class=\"elementor-element elementor-element-232c4717 e-con-full e-flex e-con e-child\" data-id=\"232c4717\" data-element_type=\"container\" data-e-type=\"container\">\n\t\t\t\t<div class=\"elementor-element elementor-element-29eefc98 elementor-invisible elementor-widget elementor-widget-heading\" data-id=\"29eefc98\" data-element_type=\"widget\" data-e-type=\"widget\" data-settings=\"{&quot;_animation&quot;:&quot;fadeInUp&quot;}\" data-widget_type=\"heading.default\">\n\t\t\t\t<div class=\"elementor-widget-container\">\n\t\t\t\t\t<h2 class=\"elementor-heading-title elementor-size-default\">Federal Dust Collection<\/h2>\t\t\t\t<\/div>\n\t\t\t\t<\/div>\n\t\t\t\t<div class=\"elementor-element elementor-element-6e36e8b2 elementor-invisible elementor-widget elementor-widget-heading\" data-id=\"6e36e8b2\" data-element_type=\"widget\" data-e-type=\"widget\" data-settings=\"{&quot;_animation&quot;:&quot;fadeInUp&quot;}\" data-widget_type=\"heading.default\">\n\t\t\t\t<div class=\"elementor-widget-container\">\n\t\t\t\t\t<h2 class=\"elementor-heading-title elementor-size-default\">Reynier Leyva Novo<\/h2>\t\t\t\t<\/div>\n\t\t\t\t<\/div>\n\t\t\t\t<div class=\"elementor-element elementor-element-390941a8 elementor-invisible elementor-widget elementor-widget-text-editor\" data-id=\"390941a8\" data-element_type=\"widget\" data-e-type=\"widget\" data-settings=\"{&quot;_animation&quot;:&quot;fadeInUp&quot;}\" data-widget_type=\"text-editor.default\">\n\t\t\t\t<div class=\"elementor-widget-container\">\n\t\t\t\t\t\t\t\t\t<p>4 de diciembre &#8211; 8 de diciembre, 2024<\/p><p class=\"title-place\">Special Projects, Untitled Miami Beach (comisariado por Omar L\u00f3pez-Chahoud)<\/p>\t\t\t\t\t\t\t\t<\/div>\n\t\t\t\t<\/div>\n\t\t\t\t<\/div>\n\t\t\t\t<\/div>\n\t\t<div class=\"elementor-element elementor-element-2bed2a08 e-con-full e-flex e-con e-parent\" data-id=\"2bed2a08\" data-element_type=\"container\" data-e-type=\"container\" data-settings=\"{&quot;background_background&quot;:&quot;classic&quot;}\">\n\t\t\t\t<div class=\"elementor-element elementor-element-1cf2b6fb animated-slow elementor-invisible elementor-widget elementor-widget-image\" data-id=\"1cf2b6fb\" data-element_type=\"widget\" data-e-type=\"widget\" data-settings=\"{&quot;_animation&quot;:&quot;fadeInUp&quot;}\" data-widget_type=\"image.default\">\n\t\t\t\t<div class=\"elementor-widget-container\">\n\t\t\t\t\t\t\t\t\t\t\t\t\t\t\t<img fetchpriority=\"high\" decoding=\"async\" width=\"1300\" height=\"597\" src=\"https:\/\/artapartamento.com\/wp-content\/uploads\/2025\/01\/UntitledNovo8-scaled.jpg-e1736938667443.webp\" class=\"attachment-full size-full wp-image-13995\" alt=\"Reynier Leyva Novo\" srcset=\"https:\/\/artapartamento.com\/wp-content\/uploads\/2025\/01\/UntitledNovo8-scaled.jpg-e1736938667443.webp 1300w, https:\/\/artapartamento.com\/wp-content\/uploads\/2025\/01\/UntitledNovo8-scaled.jpg-e1736938667443-300x138.webp 300w, https:\/\/artapartamento.com\/wp-content\/uploads\/2025\/01\/UntitledNovo8-scaled.jpg-e1736938667443-1024x470.webp 1024w, https:\/\/artapartamento.com\/wp-content\/uploads\/2025\/01\/UntitledNovo8-scaled.jpg-e1736938667443-768x353.webp 768w, https:\/\/artapartamento.com\/wp-content\/uploads\/2025\/01\/UntitledNovo8-scaled.jpg-e1736938667443-18x8.webp 18w\" sizes=\"(max-width: 1300px) 100vw, 1300px\" \/>\t\t\t\t\t\t\t\t\t\t\t\t\t\t\t<\/div>\n\t\t\t\t<\/div>\n\t\t\t\t<\/div>\n\t\t<div class=\"elementor-element elementor-element-6dd09a2c e-con-full e-flex e-con e-parent\" data-id=\"6dd09a2c\" data-element_type=\"container\" data-e-type=\"container\" data-settings=\"{&quot;background_background&quot;:&quot;classic&quot;}\">\n\t\t<div class=\"elementor-element elementor-element-5178ec03 elementor-hidden-mobile e-flex e-con-boxed e-con e-child\" data-id=\"5178ec03\" data-element_type=\"container\" data-e-type=\"container\">\n\t\t\t\t\t<div class=\"e-con-inner\">\n\t\t\t\t<div class=\"elementor-element elementor-element-125e4f94 elementor-widget elementor-widget-image\" data-id=\"125e4f94\" data-element_type=\"widget\" data-e-type=\"widget\" data-settings=\"{&quot;motion_fx_motion_fx_scrolling&quot;:&quot;yes&quot;,&quot;motion_fx_translateX_effect&quot;:&quot;yes&quot;,&quot;motion_fx_translateX_direction&quot;:&quot;negative&quot;,&quot;motion_fx_translateX_speed&quot;:{&quot;unit&quot;:&quot;px&quot;,&quot;size&quot;:1.5,&quot;sizes&quot;:[]},&quot;motion_fx_translateX_affectedRange&quot;:{&quot;unit&quot;:&quot;%&quot;,&quot;size&quot;:&quot;&quot;,&quot;sizes&quot;:{&quot;start&quot;:0,&quot;end&quot;:50}},&quot;sticky&quot;:&quot;top&quot;,&quot;sticky_on&quot;:[&quot;desktop&quot;,&quot;tablet&quot;],&quot;sticky_offset_tablet&quot;:70,&quot;sticky_parent&quot;:&quot;yes&quot;,&quot;sticky_offset&quot;:100,&quot;motion_fx_devices&quot;:[&quot;desktop&quot;,&quot;tablet&quot;,&quot;mobile&quot;],&quot;sticky_effects_offset&quot;:0,&quot;sticky_anchor_link_offset&quot;:0}\" data-widget_type=\"image.default\">\n\t\t\t\t<div class=\"elementor-widget-container\">\n\t\t\t\t\t\t\t\t\t\t\t\t\t\t\t<img decoding=\"async\" width=\"1438\" height=\"1707\" src=\"https:\/\/artapartamento.com\/wp-content\/uploads\/2025\/01\/UntitledNovo11-scaled.jpg-e1736938791613.webp\" class=\"attachment-full size-full wp-image-13996\" alt=\"Reynier Leyva Novo\" srcset=\"https:\/\/artapartamento.com\/wp-content\/uploads\/2025\/01\/UntitledNovo11-scaled.jpg-e1736938791613.webp 1438w, https:\/\/artapartamento.com\/wp-content\/uploads\/2025\/01\/UntitledNovo11-scaled.jpg-e1736938791613-253x300.webp 253w, https:\/\/artapartamento.com\/wp-content\/uploads\/2025\/01\/UntitledNovo11-scaled.jpg-e1736938791613-863x1024.webp 863w, https:\/\/artapartamento.com\/wp-content\/uploads\/2025\/01\/UntitledNovo11-scaled.jpg-e1736938791613-768x912.webp 768w, https:\/\/artapartamento.com\/wp-content\/uploads\/2025\/01\/UntitledNovo11-scaled.jpg-e1736938791613-1294x1536.webp 1294w, https:\/\/artapartamento.com\/wp-content\/uploads\/2025\/01\/UntitledNovo11-scaled.jpg-e1736938791613-10x12.webp 10w\" sizes=\"(max-width: 1438px) 100vw, 1438px\" \/>\t\t\t\t\t\t\t\t\t\t\t\t\t\t\t<\/div>\n\t\t\t\t<\/div>\n\t\t\t\t\t<\/div>\n\t\t\t\t<\/div>\n\t\t<div class=\"elementor-element elementor-element-45655c7a e-flex e-con-boxed e-con e-child\" data-id=\"45655c7a\" data-element_type=\"container\" data-e-type=\"container\">\n\t\t\t\t\t<div class=\"e-con-inner\">\n\t\t\t\t<div class=\"elementor-element elementor-element-e8dcf5c elementor-widget elementor-widget-text-editor\" data-id=\"e8dcf5c\" data-element_type=\"widget\" data-e-type=\"widget\" data-widget_type=\"text-editor.default\">\n\t\t\t\t<div class=\"elementor-widget-container\">\n\t\t\t\t\t\t\t\t\t<p class=\"p1\">Durante mi Smithsonian Artist Research Fellowship en Washington, D.C., en mayo y junio de 2024, llev\u00e9 a cabo un proyecto titulado <i>Federal Cleaning<\/i>, en el que recolect\u00e9 polvo de varios edificios federales y monumentos nacionales de los Estados Unidos. Washington D.C., epicentro del poder pol\u00edtico en Estados Unidos, alberga una importante concentraci\u00f3n de edificios gubernamentales e instituciones pol\u00edticas. Dise\u00f1ada por Pierre L\u2019Enfant a finales del siglo XVIII, la ciudad refleja las funciones y s\u00edmbolos del gobierno nacional. Estructuras clave como la Casa Blanca, el Capitolio, la Corte Suprema y numerosas agencias federales desempe\u00f1an roles fundamentales en la administraci\u00f3n y legislaci\u00f3n del pa\u00eds. Washington D.C. no es solo la sede del gobierno de los Estados Unidos; ejemplifica la vida pol\u00edtica y la historia de la naci\u00f3n, representando las estructuras de poder que gobiernan el pa\u00eds.<\/p><p class=\"p1\"><i>Federal Cleaning<\/i> es una serie de 14 obras que exploran la impermanencia de las estructuras de poder, utilizando polvo recolectado de estos ic\u00f3nicos edificios federales. Cada pieza, meticulosamente dispuesta sobre papel adhesivo, captura los sutiles pero persistentes cambios que experimentan estos bastiones de autoridad. El polvo, recolectado de las superficies de los edificios, simboliza las continuas interacciones humanas y ambientales que estas estructuras soportan. Subraya la vulnerabilidad de las instituciones pol\u00edticas, reflejando la naturaleza transitoria del gobierno y el paisaje pol\u00edtico en constante evoluci\u00f3n.<\/p><p class=\"p1\">Esta serie presenta el polvo no solo como desecho, sino como un registro hist\u00f3rico de las transformaciones graduales que experimentan estos edificios monumentales. Al resaltar el polvo, <i>Federal Cleaning<\/i> llama la atenci\u00f3n sobre la realidad de que incluso las estructuras m\u00e1s formidables son susceptibles al cambio y la decadencia. El proyecto desaf\u00eda al espectador a reflexionar sobre la fragilidad del poder y los inevitables cambios que se producen en los sistemas de gobierno, invitando a una consideraci\u00f3n m\u00e1s profunda sobre la naturaleza transitoria de la autoridad.<\/p><p style=\"font-weight: 400; text-align: right;\">\u00a0&#8211; Reynier Leyva Novo<\/p>\t\t\t\t\t\t\t\t<\/div>\n\t\t\t\t<\/div>\n\t\t\t\t<div class=\"elementor-element elementor-element-15a571d7 elementor-hidden-desktop elementor-hidden-tablet elementor-widget elementor-widget-image\" data-id=\"15a571d7\" data-element_type=\"widget\" data-e-type=\"widget\" data-settings=\"{&quot;motion_fx_motion_fx_scrolling&quot;:&quot;yes&quot;,&quot;motion_fx_translateX_effect&quot;:&quot;yes&quot;,&quot;motion_fx_translateX_direction&quot;:&quot;negative&quot;,&quot;motion_fx_translateX_speed&quot;:{&quot;unit&quot;:&quot;px&quot;,&quot;size&quot;:1.5,&quot;sizes&quot;:[]},&quot;motion_fx_translateX_affectedRange&quot;:{&quot;unit&quot;:&quot;%&quot;,&quot;size&quot;:&quot;&quot;,&quot;sizes&quot;:{&quot;start&quot;:0,&quot;end&quot;:50}},&quot;motion_fx_devices&quot;:[&quot;desktop&quot;]}\" data-widget_type=\"image.default\">\n\t\t\t\t<div class=\"elementor-widget-container\">\n\t\t\t\t\t\t\t\t\t\t\t\t\t\t\t<img decoding=\"async\" width=\"1438\" height=\"1707\" src=\"https:\/\/artapartamento.com\/wp-content\/uploads\/2025\/01\/UntitledNovo11-scaled.jpg-e1736938791613.webp\" class=\"attachment-full size-full wp-image-13996\" alt=\"Reynier Leyva Novo\" srcset=\"https:\/\/artapartamento.com\/wp-content\/uploads\/2025\/01\/UntitledNovo11-scaled.jpg-e1736938791613.webp 1438w, https:\/\/artapartamento.com\/wp-content\/uploads\/2025\/01\/UntitledNovo11-scaled.jpg-e1736938791613-253x300.webp 253w, https:\/\/artapartamento.com\/wp-content\/uploads\/2025\/01\/UntitledNovo11-scaled.jpg-e1736938791613-863x1024.webp 863w, https:\/\/artapartamento.com\/wp-content\/uploads\/2025\/01\/UntitledNovo11-scaled.jpg-e1736938791613-768x912.webp 768w, https:\/\/artapartamento.com\/wp-content\/uploads\/2025\/01\/UntitledNovo11-scaled.jpg-e1736938791613-1294x1536.webp 1294w, https:\/\/artapartamento.com\/wp-content\/uploads\/2025\/01\/UntitledNovo11-scaled.jpg-e1736938791613-10x12.webp 10w\" sizes=\"(max-width: 1438px) 100vw, 1438px\" \/>\t\t\t\t\t\t\t\t\t\t\t\t\t\t\t<\/div>\n\t\t\t\t<\/div>\n\t\t\t\t\t<\/div>\n\t\t\t\t<\/div>\n\t\t\t\t<\/div>\n\t\t<div class=\"elementor-element elementor-element-11bf8bc2 e-con-full e-flex e-con e-parent\" data-id=\"11bf8bc2\" data-element_type=\"container\" data-e-type=\"container\" data-settings=\"{&quot;background_background&quot;:&quot;classic&quot;}\">\n\t\t\t\t<div class=\"elementor-element elementor-element-7a5a3881 elementor-invisible elementor-widget elementor-widget-heading\" data-id=\"7a5a3881\" data-element_type=\"widget\" data-e-type=\"widget\" data-settings=\"{&quot;_animation&quot;:&quot;fadeInUp&quot;}\" data-widget_type=\"heading.default\">\n\t\t\t\t<div class=\"elementor-widget-container\">\n\t\t\t\t\t<h2 class=\"elementor-heading-title elementor-size-default\">vistas de la instalaci\u00f3n<\/h2>\t\t\t\t<\/div>\n\t\t\t\t<\/div>\n\t\t\t\t<div class=\"elementor-element elementor-element-3c723300 animated-slow elementor-invisible elementor-widget elementor-widget-image-carousel\" data-id=\"3c723300\" data-element_type=\"widget\" data-e-type=\"widget\" data-settings=\"{&quot;slides_to_show&quot;:&quot;1&quot;,&quot;navigation&quot;:&quot;none&quot;,&quot;_animation&quot;:&quot;fadeInUp&quot;,&quot;pause_on_hover&quot;:&quot;no&quot;,&quot;pause_on_interaction&quot;:&quot;no&quot;,&quot;autoplay_speed&quot;:4000,&quot;effect&quot;:&quot;fade&quot;,&quot;autoplay&quot;:&quot;yes&quot;,&quot;infinite&quot;:&quot;yes&quot;,&quot;speed&quot;:500}\" data-widget_type=\"image-carousel.default\">\n\t\t\t\t<div class=\"elementor-widget-container\">\n\t\t\t\t\t\t\t<div class=\"elementor-image-carousel-wrapper swiper\" role=\"region\" aria-roledescription=\"carousel\" aria-label=\"Image Carousel\" dir=\"ltr\">\n\t\t\t<div class=\"elementor-image-carousel swiper-wrapper\" aria-live=\"off\">\n\t\t\t\t\t\t\t\t<div class=\"swiper-slide\" role=\"group\" aria-roledescription=\"slide\" aria-label=\"1 of 11\"><a data-elementor-open-lightbox=\"yes\" data-elementor-lightbox-slideshow=\"3c723300\" data-e-action-hash=\"#elementor-action%3Aaction%3Dlightbox%26settings%3DeyJpZCI6MTM5OTcsInVybCI6Imh0dHBzOlwvXC9hcnRhcGFydGFtZW50by5jb21cL3dwLWNvbnRlbnRcL3VwbG9hZHNcLzIwMjVcLzAxXC9VbnRpdGxlZE5vdm8xLXNjYWxlZC5qcGcud2VicCIsInNsaWRlc2hvdyI6IjNjNzIzMzAwIn0%3D\" href=\"https:\/\/artapartamento.com\/wp-content\/uploads\/2025\/01\/UntitledNovo1-scaled.jpg.webp\"><figure class=\"swiper-slide-inner\"><img decoding=\"async\" class=\"swiper-slide-image\" src=\"https:\/\/artapartamento.com\/wp-content\/uploads\/2025\/01\/UntitledNovo1-scaled.jpg.webp\" alt=\"Reynier Leyva Novo\" \/><\/figure><\/a><\/div><div class=\"swiper-slide\" role=\"group\" aria-roledescription=\"slide\" aria-label=\"2 of 11\"><a data-elementor-open-lightbox=\"yes\" data-elementor-lightbox-slideshow=\"3c723300\" data-e-action-hash=\"#elementor-action%3Aaction%3Dlightbox%26settings%3DeyJpZCI6MTM5OTgsInVybCI6Imh0dHBzOlwvXC9hcnRhcGFydGFtZW50by5jb21cL3dwLWNvbnRlbnRcL3VwbG9hZHNcLzIwMjVcLzAxXC9VbnRpdGxlZE5vdm8yLXNjYWxlZC5qcGcud2VicCIsInNsaWRlc2hvdyI6IjNjNzIzMzAwIn0%3D\" href=\"https:\/\/artapartamento.com\/wp-content\/uploads\/2025\/01\/UntitledNovo2-scaled.jpg.webp\"><figure class=\"swiper-slide-inner\"><img decoding=\"async\" class=\"swiper-slide-image\" src=\"https:\/\/artapartamento.com\/wp-content\/uploads\/2025\/01\/UntitledNovo2-scaled.jpg.webp\" alt=\"Reynier Leyva Novo\" \/><\/figure><\/a><\/div><div class=\"swiper-slide\" role=\"group\" aria-roledescription=\"slide\" aria-label=\"3 of 11\"><a data-elementor-open-lightbox=\"yes\" data-elementor-lightbox-slideshow=\"3c723300\" data-e-action-hash=\"#elementor-action%3Aaction%3Dlightbox%26settings%3DeyJpZCI6MTM5OTksInVybCI6Imh0dHBzOlwvXC9hcnRhcGFydGFtZW50by5jb21cL3dwLWNvbnRlbnRcL3VwbG9hZHNcLzIwMjVcLzAxXC9VbnRpdGxlZE5vdm8zLXNjYWxlZC5qcGcud2VicCIsInNsaWRlc2hvdyI6IjNjNzIzMzAwIn0%3D\" href=\"https:\/\/artapartamento.com\/wp-content\/uploads\/2025\/01\/UntitledNovo3-scaled.jpg.webp\"><figure class=\"swiper-slide-inner\"><img decoding=\"async\" class=\"swiper-slide-image\" src=\"https:\/\/artapartamento.com\/wp-content\/uploads\/2025\/01\/UntitledNovo3-scaled.jpg.webp\" alt=\"Reynier Leyva Novo\" \/><\/figure><\/a><\/div><div class=\"swiper-slide\" role=\"group\" aria-roledescription=\"slide\" aria-label=\"4 of 11\"><a data-elementor-open-lightbox=\"yes\" data-elementor-lightbox-slideshow=\"3c723300\" data-e-action-hash=\"#elementor-action%3Aaction%3Dlightbox%26settings%3DeyJpZCI6MTQwMDAsInVybCI6Imh0dHBzOlwvXC9hcnRhcGFydGFtZW50by5jb21cL3dwLWNvbnRlbnRcL3VwbG9hZHNcLzIwMjVcLzAxXC9VbnRpdGxlZE5vdm80LXNjYWxlZC5qcGcud2VicCIsInNsaWRlc2hvdyI6IjNjNzIzMzAwIn0%3D\" href=\"https:\/\/artapartamento.com\/wp-content\/uploads\/2025\/01\/UntitledNovo4-scaled.jpg.webp\"><figure class=\"swiper-slide-inner\"><img decoding=\"async\" class=\"swiper-slide-image\" src=\"https:\/\/artapartamento.com\/wp-content\/uploads\/2025\/01\/UntitledNovo4-scaled.jpg.webp\" alt=\"Reynier Leyva Novo\" \/><\/figure><\/a><\/div><div class=\"swiper-slide\" role=\"group\" aria-roledescription=\"slide\" aria-label=\"5 of 11\"><a data-elementor-open-lightbox=\"yes\" data-elementor-lightbox-slideshow=\"3c723300\" data-e-action-hash=\"#elementor-action%3Aaction%3Dlightbox%26settings%3DeyJpZCI6MTQwMDEsInVybCI6Imh0dHBzOlwvXC9hcnRhcGFydGFtZW50by5jb21cL3dwLWNvbnRlbnRcL3VwbG9hZHNcLzIwMjVcLzAxXC9VbnRpdGxlZE5vdm81LXNjYWxlZC5qcGcud2VicCIsInNsaWRlc2hvdyI6IjNjNzIzMzAwIn0%3D\" href=\"https:\/\/artapartamento.com\/wp-content\/uploads\/2025\/01\/UntitledNovo5-scaled.jpg.webp\"><figure class=\"swiper-slide-inner\"><img decoding=\"async\" class=\"swiper-slide-image\" src=\"https:\/\/artapartamento.com\/wp-content\/uploads\/2025\/01\/UntitledNovo5-scaled.jpg.webp\" alt=\"Reynier Leyva Novo\" \/><\/figure><\/a><\/div><div class=\"swiper-slide\" role=\"group\" aria-roledescription=\"slide\" aria-label=\"6 of 11\"><a data-elementor-open-lightbox=\"yes\" data-elementor-lightbox-slideshow=\"3c723300\" data-e-action-hash=\"#elementor-action%3Aaction%3Dlightbox%26settings%3DeyJpZCI6MTQwMDIsInVybCI6Imh0dHBzOlwvXC9hcnRhcGFydGFtZW50by5jb21cL3dwLWNvbnRlbnRcL3VwbG9hZHNcLzIwMjVcLzAxXC9VbnRpdGxlZE5vdm83LXNjYWxlZC5qcGcud2VicCIsInNsaWRlc2hvdyI6IjNjNzIzMzAwIn0%3D\" href=\"https:\/\/artapartamento.com\/wp-content\/uploads\/2025\/01\/UntitledNovo7-scaled.jpg.webp\"><figure class=\"swiper-slide-inner\"><img decoding=\"async\" class=\"swiper-slide-image\" src=\"https:\/\/artapartamento.com\/wp-content\/uploads\/2025\/01\/UntitledNovo7-scaled.jpg.webp\" alt=\"Reynier Leyva Novo\" \/><\/figure><\/a><\/div><div class=\"swiper-slide\" role=\"group\" aria-roledescription=\"slide\" aria-label=\"7 of 11\"><a data-elementor-open-lightbox=\"yes\" data-elementor-lightbox-slideshow=\"3c723300\" data-e-action-hash=\"#elementor-action%3Aaction%3Dlightbox%26settings%3DeyJpZCI6MTQwMDMsInVybCI6Imh0dHBzOlwvXC9hcnRhcGFydGFtZW50by5jb21cL3dwLWNvbnRlbnRcL3VwbG9hZHNcLzIwMjVcLzAxXC9VbnRpdGxlZE5vdm84LXNjYWxlZC5qcGciLCJzbGlkZXNob3ciOiIzYzcyMzMwMCJ9\" href=\"https:\/\/artapartamento.com\/wp-content\/uploads\/2025\/01\/UntitledNovo8-scaled.jpg\"><figure class=\"swiper-slide-inner\"><img decoding=\"async\" class=\"swiper-slide-image\" src=\"https:\/\/artapartamento.com\/wp-content\/uploads\/2025\/01\/UntitledNovo8-scaled.jpg\" alt=\"Reynier Leyva Novo\" \/><\/figure><\/a><\/div><div class=\"swiper-slide\" role=\"group\" aria-roledescription=\"slide\" aria-label=\"8 of 11\"><a data-elementor-open-lightbox=\"yes\" data-elementor-lightbox-slideshow=\"3c723300\" data-e-action-hash=\"#elementor-action%3Aaction%3Dlightbox%26settings%3DeyJpZCI6MTQwMDQsInVybCI6Imh0dHBzOlwvXC9hcnRhcGFydGFtZW50by5jb21cL3dwLWNvbnRlbnRcL3VwbG9hZHNcLzIwMjVcLzAxXC9VbnRpdGxlZE5vdm8xMC1zY2FsZWQuanBnLndlYnAiLCJzbGlkZXNob3ciOiIzYzcyMzMwMCJ9\" href=\"https:\/\/artapartamento.com\/wp-content\/uploads\/2025\/01\/UntitledNovo10-scaled.jpg.webp\"><figure class=\"swiper-slide-inner\"><img decoding=\"async\" class=\"swiper-slide-image\" src=\"https:\/\/artapartamento.com\/wp-content\/uploads\/2025\/01\/UntitledNovo10-scaled.jpg.webp\" alt=\"Reynier Leyva Novo\" \/><\/figure><\/a><\/div><div class=\"swiper-slide\" role=\"group\" aria-roledescription=\"slide\" aria-label=\"9 of 11\"><a data-elementor-open-lightbox=\"yes\" data-elementor-lightbox-slideshow=\"3c723300\" data-e-action-hash=\"#elementor-action%3Aaction%3Dlightbox%26settings%3DeyJpZCI6MTQwMDUsInVybCI6Imh0dHBzOlwvXC9hcnRhcGFydGFtZW50by5jb21cL3dwLWNvbnRlbnRcL3VwbG9hZHNcLzIwMjVcLzAxXC9VbnRpdGxlZE5vdm8xMi1zY2FsZWQuanBnLndlYnAiLCJzbGlkZXNob3ciOiIzYzcyMzMwMCJ9\" href=\"https:\/\/artapartamento.com\/wp-content\/uploads\/2025\/01\/UntitledNovo12-scaled.jpg.webp\"><figure class=\"swiper-slide-inner\"><img decoding=\"async\" class=\"swiper-slide-image\" src=\"https:\/\/artapartamento.com\/wp-content\/uploads\/2025\/01\/UntitledNovo12-scaled.jpg.webp\" alt=\"Reynier Leyva Novo\" \/><\/figure><\/a><\/div><div class=\"swiper-slide\" role=\"group\" aria-roledescription=\"slide\" aria-label=\"10 of 11\"><a data-elementor-open-lightbox=\"yes\" data-elementor-lightbox-slideshow=\"3c723300\" data-e-action-hash=\"#elementor-action%3Aaction%3Dlightbox%26settings%3DeyJpZCI6MTQwMDYsInVybCI6Imh0dHBzOlwvXC9hcnRhcGFydGFtZW50by5jb21cL3dwLWNvbnRlbnRcL3VwbG9hZHNcLzIwMjVcLzAxXC9VbnRpdGxlZE5vdm8xMy1zY2FsZWQuanBnLndlYnAiLCJzbGlkZXNob3ciOiIzYzcyMzMwMCJ9\" href=\"https:\/\/artapartamento.com\/wp-content\/uploads\/2025\/01\/UntitledNovo13-scaled.jpg.webp\"><figure class=\"swiper-slide-inner\"><img decoding=\"async\" class=\"swiper-slide-image\" src=\"https:\/\/artapartamento.com\/wp-content\/uploads\/2025\/01\/UntitledNovo13-scaled.jpg.webp\" alt=\"Reynier Leyva Novo\" \/><\/figure><\/a><\/div><div class=\"swiper-slide\" role=\"group\" aria-roledescription=\"slide\" aria-label=\"11 of 11\"><a data-elementor-open-lightbox=\"yes\" data-elementor-lightbox-slideshow=\"3c723300\" data-e-action-hash=\"#elementor-action%3Aaction%3Dlightbox%26settings%3DeyJpZCI6MTQwMDcsInVybCI6Imh0dHBzOlwvXC9hcnRhcGFydGFtZW50by5jb21cL3dwLWNvbnRlbnRcL3VwbG9hZHNcLzIwMjVcLzAxXC9VbnRpdGxlZE5vdm8xNC1zY2FsZWQuanBnLndlYnAiLCJzbGlkZXNob3ciOiIzYzcyMzMwMCJ9\" href=\"https:\/\/artapartamento.com\/wp-content\/uploads\/2025\/01\/UntitledNovo14-scaled.jpg.webp\"><figure class=\"swiper-slide-inner\"><img decoding=\"async\" class=\"swiper-slide-image\" src=\"https:\/\/artapartamento.com\/wp-content\/uploads\/2025\/01\/UntitledNovo14-scaled.jpg.webp\" alt=\"Reynier Leyva Novo\" \/><\/figure><\/a><\/div>\t\t\t<\/div>\n\t\t\t\t\t\t\t\n\t\t\t\t\t\t\t\t\t<\/div>\n\t\t\t\t\t\t<\/div>\n\t\t\t\t<\/div>\n\t\t\t\t<\/div>\n\t\t<div class=\"elementor-element elementor-element-70cd064 e-con-full e-flex e-con e-parent\" data-id=\"70cd064\" data-element_type=\"container\" data-e-type=\"container\" data-settings=\"{&quot;background_background&quot;:&quot;classic&quot;}\">\n\t\t\t\t<div class=\"elementor-element elementor-element-0dea4ab elementor-invisible elementor-widget elementor-widget-heading\" data-id=\"0dea4ab\" data-element_type=\"widget\" data-e-type=\"widget\" data-settings=\"{&quot;_animation&quot;:&quot;fadeInUp&quot;}\" data-widget_type=\"heading.default\">\n\t\t\t\t<div class=\"elementor-widget-container\">\n\t\t\t\t\t<h2 class=\"elementor-heading-title elementor-size-default\">Federal Dust Collection: The working process<\/h2>\t\t\t\t<\/div>\n\t\t\t\t<\/div>\n\t\t\t\t<\/div>\n\t\t<div class=\"elementor-element elementor-element-23ef8464 e-con-full e-flex e-con e-parent\" data-id=\"23ef8464\" data-element_type=\"container\" data-e-type=\"container\" data-settings=\"{&quot;background_background&quot;:&quot;classic&quot;}\">\n\t\t<div class=\"elementor-element elementor-element-1d8c70e7 e-con-full e-flex e-con e-child\" data-id=\"1d8c70e7\" data-element_type=\"container\" data-e-type=\"container\" data-settings=\"{&quot;background_background&quot;:&quot;classic&quot;}\">\n\t\t\t\t<div class=\"elementor-element elementor-element-cd34ba8 elementor-widget elementor-widget-video\" data-id=\"cd34ba8\" data-element_type=\"widget\" data-e-type=\"widget\" data-settings=\"{&quot;video_type&quot;:&quot;vimeo&quot;,&quot;loop&quot;:&quot;yes&quot;}\" data-widget_type=\"video.default\">\n\t\t\t\t<div class=\"elementor-widget-container\">\n\t\t\t\t\t\t\t<div class=\"elementor-wrapper elementor-open-inline\">\n\t\t\t<iframe class=\"elementor-video-iframe\" allowfullscreen allow=\"clipboard-write\" title=\"vimeo Video Player\" src=\"https:\/\/player.vimeo.com\/video\/1047089572?color&amp;autopause=0&amp;loop=1&amp;muted=0&amp;title=1&amp;portrait=1&amp;byline=1#t=\"><\/iframe>\t\t<\/div>\n\t\t\t\t\t\t<\/div>\n\t\t\t\t<\/div>\n\t\t\t\t<\/div>\n\t\t\t\t<\/div>\n\t\t\t\t<\/div>\n\t\t","protected":false},"excerpt":{"rendered":"<p><strong>Reynier Leyva Novo<\/strong><br \/>Special Projects, Untitled Art, Miami Beach<br \/> December 2024<\/p>","protected":false},"author":1,"featured_media":13991,"parent":0,"menu_order":0,"comment_status":"closed","ping_status":"closed","template":"","meta":{"_acf_changed":false,"footnotes":"","_links_to":"","_links_to_target":""},"categories":[18,26,57],"tags":[19],"class_list":["post-13990","page","type-page","status-publish","has-post-thumbnail","hentry","category-exposicion","category-otras","category-reynier-leyva-novo","tag-anteriores","post","post-with-thumbnail","post-with-thumbnail-large"],"acf":[],"aioseo_notices":[],"_links":{"self":[{"href":"https:\/\/artapartamento.com\/en\/wp-json\/wp\/v2\/pages\/13990","targetHints":{"allow":["GET"]}}],"collection":[{"href":"https:\/\/artapartamento.com\/en\/wp-json\/wp\/v2\/pages"}],"about":[{"href":"https:\/\/artapartamento.com\/en\/wp-json\/wp\/v2\/types\/page"}],"author":[{"embeddable":true,"href":"https:\/\/artapartamento.com\/en\/wp-json\/wp\/v2\/users\/1"}],"replies":[{"embeddable":true,"href":"https:\/\/artapartamento.com\/en\/wp-json\/wp\/v2\/comments?post=13990"}],"version-history":[{"count":0,"href":"https:\/\/artapartamento.com\/en\/wp-json\/wp\/v2\/pages\/13990\/revisions"}],"wp:featuredmedia":[{"embeddable":true,"href":"https:\/\/artapartamento.com\/en\/wp-json\/wp\/v2\/media\/13991"}],"wp:attachment":[{"href":"https:\/\/artapartamento.com\/en\/wp-json\/wp\/v2\/media?parent=13990"}],"wp:term":[{"taxonomy":"category","embeddable":true,"href":"https:\/\/artapartamento.com\/en\/wp-json\/wp\/v2\/categories?post=13990"},{"taxonomy":"post_tag","embeddable":true,"href":"https:\/\/artapartamento.com\/en\/wp-json\/wp\/v2\/tags?post=13990"}],"curies":[{"name":"wp","href":"https:\/\/api.w.org\/{rel}","templated":true}]}}