{"id":11301,"date":"2024-06-06T15:31:56","date_gmt":"2024-06-06T13:31:56","guid":{"rendered":"https:\/\/artapartamento.com\/?page_id=11301"},"modified":"2024-06-06T15:54:28","modified_gmt":"2024-06-06T13:54:28","slug":"untitled_22-hipodromo","status":"publish","type":"page","link":"https:\/\/artapartamento.com\/en\/exposiciones\/tectonica\/sin-titulo_22-hipodromo\/","title":{"rendered":"Untitled_22, Hippodrome"},"content":{"rendered":"<div data-elementor-type=\"wp-page\" data-elementor-id=\"11301\" class=\"elementor elementor-11301\" data-elementor-post-type=\"page\">\n\t\t\t\t<div class=\"elementor-element elementor-element-499fc798 e-con-full e-flex e-con e-parent\" data-id=\"499fc798\" data-element_type=\"container\" data-e-type=\"container\" data-settings=\"{&quot;background_background&quot;:&quot;classic&quot;}\">\n\t\t<div class=\"elementor-element elementor-element-2a2552b7 e-con-full e-flex e-con e-child\" data-id=\"2a2552b7\" data-element_type=\"container\" data-e-type=\"container\">\n\t\t\t\t<div class=\"elementor-element elementor-element-a1cbf55 elementor-widget elementor-widget-image-carousel\" data-id=\"a1cbf55\" data-element_type=\"widget\" data-e-type=\"widget\" data-settings=\"{&quot;slides_to_show&quot;:&quot;1&quot;,&quot;navigation&quot;:&quot;none&quot;,&quot;autoplay&quot;:&quot;yes&quot;,&quot;pause_on_hover&quot;:&quot;yes&quot;,&quot;pause_on_interaction&quot;:&quot;yes&quot;,&quot;autoplay_speed&quot;:5000,&quot;infinite&quot;:&quot;yes&quot;,&quot;effect&quot;:&quot;slide&quot;,&quot;speed&quot;:500}\" data-widget_type=\"image-carousel.default\">\n\t\t\t\t<div class=\"elementor-widget-container\">\n\t\t\t\t\t\t\t<div class=\"elementor-image-carousel-wrapper swiper\" role=\"region\" aria-roledescription=\"carousel\" aria-label=\"Image Carousel\" dir=\"ltr\">\n\t\t\t<div class=\"elementor-image-carousel swiper-wrapper swiper-image-stretch\" aria-live=\"off\">\n\t\t\t\t\t\t\t\t<div class=\"swiper-slide\" role=\"group\" aria-roledescription=\"slide\" aria-label=\"1 of 4\" data-no-translation-aria-label=\"\"><a data-elementor-open-lightbox=\"yes\" data-elementor-lightbox-slideshow=\"a1cbf55\" data-e-action-hash=\"#elementor-action%3Aaction%3Dlightbox%26settings%3DeyJpZCI6MTEzMTMsInVybCI6Imh0dHBzOlwvXC9hcnRhcGFydGFtZW50by5jb21cL3dwLWNvbnRlbnRcL3VwbG9hZHNcLzIwMjRcLzA2XC85LlRFQ1RPTklDQV9KVUFOLUJBUkFKQS5qcGcud2VicCIsInNsaWRlc2hvdyI6ImExY2JmNTUifQ%3D%3D\" href=\"https:\/\/artapartamento.com\/wp-content\/uploads\/2024\/06\/9.TECTONICA_JUAN-BARAJA.jpg.webp\"><figure class=\"swiper-slide-inner\"><img decoding=\"async\" class=\"swiper-slide-image\" src=\"https:\/\/artapartamento.com\/wp-content\/uploads\/2024\/06\/9.TECTONICA_JUAN-BARAJA.jpg.webp\" alt=\"Juan Baraja_Untitled 12_Hipodromo_Tectonics\" \/><\/figure><\/a><\/div><div class=\"swiper-slide\" role=\"group\" aria-roledescription=\"slide\" aria-label=\"2 of 4\" data-no-translation-aria-label=\"\"><a data-elementor-open-lightbox=\"yes\" data-elementor-lightbox-slideshow=\"a1cbf55\" data-e-action-hash=\"#elementor-action%3Aaction%3Dlightbox%26settings%3DeyJpZCI6MTEzMTQsInVybCI6Imh0dHBzOlwvXC9hcnRhcGFydGFtZW50by5jb21cL3dwLWNvbnRlbnRcL3VwbG9hZHNcLzIwMjRcLzA2XC85Qi5URUNUT05JQ0FfSlVBTi1CQVJBSkEuanBnLndlYnAiLCJzbGlkZXNob3ciOiJhMWNiZjU1In0%3D\" href=\"https:\/\/artapartamento.com\/wp-content\/uploads\/2024\/06\/9B.TECTONICA_JUAN-BARAJA.jpg.webp\"><figure class=\"swiper-slide-inner\"><img decoding=\"async\" class=\"swiper-slide-image\" src=\"https:\/\/artapartamento.com\/wp-content\/uploads\/2024\/06\/9B.TECTONICA_JUAN-BARAJA.jpg.webp\" alt=\"Juan Baraja_Untitled 12_Hipodromo_Tectonics\" \/><\/figure><\/a><\/div><div class=\"swiper-slide\" role=\"group\" aria-roledescription=\"slide\" aria-label=\"3 of 4\" data-no-translation-aria-label=\"\"><a data-elementor-open-lightbox=\"yes\" data-elementor-lightbox-slideshow=\"a1cbf55\" data-e-action-hash=\"#elementor-action%3Aaction%3Dlightbox%26settings%3DeyJpZCI6MTEzMTYsInVybCI6Imh0dHBzOlwvXC9hcnRhcGFydGFtZW50by5jb21cL3dwLWNvbnRlbnRcL3VwbG9hZHNcLzIwMjRcLzA2XC9EU0M2NTg2LWNvcHktc2NhbGVkLmpwZyIsInNsaWRlc2hvdyI6ImExY2JmNTUifQ%3D%3D\" href=\"https:\/\/artapartamento.com\/wp-content\/uploads\/2024\/06\/DSC6586-copy-scaled.jpg\"><figure class=\"swiper-slide-inner\"><img decoding=\"async\" class=\"swiper-slide-image\" src=\"https:\/\/artapartamento.com\/wp-content\/uploads\/2024\/06\/DSC6586-copy-scaled.jpg\" alt=\"Juan Baraja_Untitled 12_Hipodromo_Tectonics\" \/><\/figure><\/a><\/div><div class=\"swiper-slide\" role=\"group\" aria-roledescription=\"slide\" aria-label=\"4 of 4\" data-no-translation-aria-label=\"\"><a data-elementor-open-lightbox=\"yes\" data-elementor-lightbox-slideshow=\"a1cbf55\" data-e-action-hash=\"#elementor-action%3Aaction%3Dlightbox%26settings%3DeyJpZCI6MTEzMTcsInVybCI6Imh0dHBzOlwvXC9hcnRhcGFydGFtZW50by5jb21cL3dwLWNvbnRlbnRcL3VwbG9hZHNcLzIwMjRcLzA2XC9EU0M2NTg5LWNvcHktc2NhbGVkLmpwZyIsInNsaWRlc2hvdyI6ImExY2JmNTUifQ%3D%3D\" href=\"https:\/\/artapartamento.com\/wp-content\/uploads\/2024\/06\/DSC6589-copy-scaled.jpg\"><figure class=\"swiper-slide-inner\"><img decoding=\"async\" class=\"swiper-slide-image\" src=\"https:\/\/artapartamento.com\/wp-content\/uploads\/2024\/06\/DSC6589-copy-scaled.jpg\" alt=\"Juan Baraja_Untitled 12_Hipodromo_Tectonics\" \/><\/figure><\/a><\/div>\t\t\t<\/div>\n\t\t\t\t\t\t\t\n\t\t\t\t\t\t\t\t\t<\/div>\n\t\t\t\t\t\t<\/div>\n\t\t\t\t<\/div>\n\t\t\t\t<\/div>\n\t\t<div class=\"elementor-element elementor-element-673d58da e-con-full e-flex e-con e-child\" data-id=\"673d58da\" data-element_type=\"container\" data-e-type=\"container\">\n\t\t\t\t<div class=\"elementor-element elementor-element-51b6e2a0 elementor-widget elementor-widget-heading\" data-id=\"51b6e2a0\" data-element_type=\"widget\" data-e-type=\"widget\" data-widget_type=\"heading.default\">\n\t\t\t\t<div class=\"elementor-widget-container\">\n\t\t\t\t\t<h2 class=\"elementor-heading-title elementor-size-default\"><a href=\"https:\/\/artapartamento.com\/en\/category\/artistas\/juan-baraja\/\" rel=\"tag\">John Deck<\/a><\/h2>\t\t\t\t<\/div>\n\t\t\t\t<\/div>\n\t\t\t\t<div class=\"elementor-element elementor-element-d36f0 elementor-widget elementor-widget-text-editor\" data-id=\"d36f0\" data-element_type=\"widget\" data-e-type=\"widget\" data-widget_type=\"text-editor.default\">\n\t\t\t\t<div class=\"elementor-widget-container\">\n\t\t\t\t\t\t\t\t\t<p>Untitled_22, Hippodrome, 2014<br \/>Mineral pigment printing on Photo Rag Ultra Smooth Cotton Paper<br \/>125 x 100 cm (49.2 x 39.4 in)<br \/>Edition of 5 + 1 P\/A<\/p>\t\t\t\t\t\t\t\t<\/div>\n\t\t\t\t<\/div>\n\t\t\t\t<div class=\"elementor-element elementor-element-724169b3 elementor-widget elementor-widget-text-editor\" data-id=\"724169b3\" data-element_type=\"widget\" data-e-type=\"widget\" data-widget_type=\"text-editor.default\">\n\t\t\t\t<div class=\"elementor-widget-container\">\n\t\t\t\t\t\t\t\t\t<p>One of the constants in Juan Baraja's work is associated with the training he received in the analog developing laboratory during his studies of Fine Arts and the research on light. In his consideration of photography and architecture, light acquires the condition of constructive material. From this premise, he elaborates the series Hip\u00f3dromo, made in the first stretch of his professional activity as a photographer in 2014, as well as \u00c1guas Livres. His attention is focused here on the rationalist architecture of the Hip\u00f3dromo de la Zarzuela, nestled in the Zarzuela mountain next to Madrid and built in 1931. The main facility of the Hippodrome is the work of the architects Carlos Arniches Molt\u00f3 and Mart\u00edn Dom\u00ednguez, with the collaboration of the engineer Eduardo Torroja.<br \/><br \/>The exceptional architectural quality of the complex, especially of its grandstands, declared a Historic Artistic Monument in 1980 and an Asset of Cultural Interest in 2009, is punctuated by the ups and downs of its<br \/>management and operation. Promoted after the expropriation of the former Hip\u00f3dromo de la Castellana in order to build the New Ministries, it is finally the regime of General Francisco Franco who cedes the land and the building, begun almost a decade before, to the Sociedad de Fomento y Cr\u00eda Caballar de Espa\u00f1a by means of a decree-law, in 1940. The bankruptcy in 1992 of this company gave rise to successive tenders, closures and re-allotments, until in 2005 it reopened its doors with the management and participation in the administration and infrastructures of Patrimonio Nacional, Hip\u00f3dromo de la Zarzuela, S.A. and SEPI.<\/p><p style=\"text-align: right;\">Alfredo Puente, FCAYC<\/p>\t\t\t\t\t\t\t\t<\/div>\n\t\t\t\t<\/div>\n\t\t\t\t<div class=\"elementor-element elementor-element-289b9057 elementor-align-left elementor-widget elementor-widget-button\" data-id=\"289b9057\" data-element_type=\"widget\" data-e-type=\"widget\" data-widget_type=\"button.default\">\n\t\t\t\t<div class=\"elementor-widget-container\">\n\t\t\t\t\t\t\t\t\t<div class=\"elementor-button-wrapper\">\n\t\t\t\t\t<a class=\"elementor-button elementor-size-sm\" role=\"button\">\n\t\t\t\t\t\t<span class=\"elementor-button-content-wrapper\">\n\t\t\t\t\t\t\t\t\t<span class=\"elementor-button-text\">Inquiry<\/span>\n\t\t\t\t\t<\/span>\n\t\t\t\t\t<\/a>\n\t\t\t\t<\/div>\n\t\t\t\t\t\t\t\t<\/div>\n\t\t\t\t<\/div>\n\t\t\t\t<\/div>\n\t\t\t\t<\/div>\n\t\t\t\t<\/div>","protected":false},"excerpt":{"rendered":"<p>Sin t\u00edtulo_22, Hip\u00f3dromo, 2014Impresi\u00f3n de pigmentos minerales sobre papel algod\u00f3n Photo Rag Ultra Smooth125 x 100 cm (49.2 x 39.4 in)Edici\u00f3n de 5 + 1 P\/A Una de las constantes en el trabajo de Juan Baraja est\u00e1 asociada a la formaci\u00f3n que recibe en el laboratorio de revelado anal\u00f3gico durante sus estudios de Bellas Artes [&hellip;]<\/p>\n","protected":false},"author":1,"featured_media":11307,"parent":10649,"menu_order":0,"comment_status":"closed","ping_status":"closed","template":"","meta":{"_acf_changed":false,"footnotes":"","_links_to":"","_links_to_target":""},"categories":[82],"tags":[65],"class_list":["post-11301","page","type-page","status-publish","has-post-thumbnail","hentry","category-juan-baraja","tag-obra","post","post-with-thumbnail","post-with-thumbnail-large"],"acf":[],"aioseo_notices":[],"_links":{"self":[{"href":"https:\/\/artapartamento.com\/en\/wp-json\/wp\/v2\/pages\/11301","targetHints":{"allow":["GET"]}}],"collection":[{"href":"https:\/\/artapartamento.com\/en\/wp-json\/wp\/v2\/pages"}],"about":[{"href":"https:\/\/artapartamento.com\/en\/wp-json\/wp\/v2\/types\/page"}],"author":[{"embeddable":true,"href":"https:\/\/artapartamento.com\/en\/wp-json\/wp\/v2\/users\/1"}],"replies":[{"embeddable":true,"href":"https:\/\/artapartamento.com\/en\/wp-json\/wp\/v2\/comments?post=11301"}],"version-history":[{"count":0,"href":"https:\/\/artapartamento.com\/en\/wp-json\/wp\/v2\/pages\/11301\/revisions"}],"up":[{"embeddable":true,"href":"https:\/\/artapartamento.com\/en\/wp-json\/wp\/v2\/pages\/10649"}],"wp:featuredmedia":[{"embeddable":true,"href":"https:\/\/artapartamento.com\/en\/wp-json\/wp\/v2\/media\/11307"}],"wp:attachment":[{"href":"https:\/\/artapartamento.com\/en\/wp-json\/wp\/v2\/media?parent=11301"}],"wp:term":[{"taxonomy":"category","embeddable":true,"href":"https:\/\/artapartamento.com\/en\/wp-json\/wp\/v2\/categories?post=11301"},{"taxonomy":"post_tag","embeddable":true,"href":"https:\/\/artapartamento.com\/en\/wp-json\/wp\/v2\/tags?post=11301"}],"curies":[{"name":"wp","href":"https:\/\/api.w.org\/{rel}","templated":true}]}}