{"id":11110,"date":"2024-06-05T15:21:37","date_gmt":"2024-06-05T13:21:37","guid":{"rendered":"https:\/\/artapartamento.com\/?page_id=11110"},"modified":"2024-06-05T15:47:17","modified_gmt":"2024-06-05T13:47:17","slug":"the-guarded-party","status":"publish","type":"page","link":"https:\/\/artapartamento.com\/en\/artistas\/leandro-feal\/la-fiesta-vigilada\/","title":{"rendered":"The guarded party"},"content":{"rendered":"<div data-elementor-type=\"wp-page\" data-elementor-id=\"11110\" class=\"elementor elementor-11110\" data-elementor-post-type=\"page\">\n\t\t\t\t<div class=\"elementor-element elementor-element-1dea21cb e-con-full e-flex e-con e-parent\" data-id=\"1dea21cb\" data-element_type=\"container\" data-e-type=\"container\" data-settings=\"{&quot;background_background&quot;:&quot;classic&quot;}\">\n\t\t<div class=\"elementor-element elementor-element-6138d7ae e-con-full e-flex e-con e-child\" data-id=\"6138d7ae\" data-element_type=\"container\" data-e-type=\"container\">\n\t\t\t\t<div class=\"elementor-element elementor-element-4ef84473 elementor-widget elementor-widget-image-carousel\" data-id=\"4ef84473\" data-element_type=\"widget\" data-e-type=\"widget\" data-settings=\"{&quot;slides_to_show&quot;:&quot;1&quot;,&quot;navigation&quot;:&quot;none&quot;,&quot;autoplay&quot;:&quot;yes&quot;,&quot;pause_on_hover&quot;:&quot;yes&quot;,&quot;pause_on_interaction&quot;:&quot;yes&quot;,&quot;autoplay_speed&quot;:5000,&quot;infinite&quot;:&quot;yes&quot;,&quot;effect&quot;:&quot;slide&quot;,&quot;speed&quot;:500}\" data-widget_type=\"image-carousel.default\">\n\t\t\t\t<div class=\"elementor-widget-container\">\n\t\t\t\t\t\t\t<div class=\"elementor-image-carousel-wrapper swiper\" role=\"region\" aria-roledescription=\"carousel\" aria-label=\"Carrossel de imagens\" dir=\"ltr\" data-no-translation-aria-label=\"\">\n\t\t\t<div class=\"elementor-image-carousel swiper-wrapper swiper-image-stretch\" aria-live=\"off\">\n\t\t\t\t\t\t\t\t<div class=\"swiper-slide\" role=\"group\" aria-roledescription=\"slide\" aria-label=\"1 de 20\" data-no-translation-aria-label=\"\"><a data-elementor-open-lightbox=\"yes\" data-elementor-lightbox-slideshow=\"4ef84473\" data-e-action-hash=\"#elementor-action%3Aaction%3Dlightbox%26settings%3DeyJpZCI6MTExMjIsInVybCI6Imh0dHBzOlwvXC9hcnRhcGFydGFtZW50by5jb21cL3dwLWNvbnRlbnRcL3VwbG9hZHNcLzIwMjRcLzA2XC8xOC5HUkVFTi1IQVZBTkFfSU5WSV9HQUxMRVJZX0ZPQ1NBLXNjYWxlZC5qcGcud2VicCIsInNsaWRlc2hvdyI6IjRlZjg0NDczIn0%3D\" href=\"https:\/\/artapartamento.com\/wp-content\/uploads\/2024\/06\/18.GREEN-HAVANA_INVI_GALLERY_FOCSA-scaled.jpg.webp\"><figure class=\"swiper-slide-inner\"><img decoding=\"async\" class=\"swiper-slide-image\" src=\"https:\/\/artapartamento.com\/wp-content\/uploads\/2024\/06\/18.GREEN-HAVANA_INVI_GALLERY_FOCSA-scaled.jpg.webp\" alt=\"Green Havana_Leandro Havana\" \/><\/figure><\/a><\/div><div class=\"swiper-slide\" role=\"group\" aria-roledescription=\"slide\" aria-label=\"2 de 20\" data-no-translation-aria-label=\"\"><a data-elementor-open-lightbox=\"yes\" data-elementor-lightbox-slideshow=\"4ef84473\" data-e-action-hash=\"#elementor-action%3Aaction%3Dlightbox%26settings%3DeyJpZCI6MTExMjMsInVybCI6Imh0dHBzOlwvXC9hcnRhcGFydGFtZW50by5jb21cL3dwLWNvbnRlbnRcL3VwbG9hZHNcLzIwMjRcLzA2XC8xOS5HUkVFTi1IQVZBTkFfSU5WSV9HQUxMRVJZX0ZPQ1NBLXNjYWxlZC5qcGcud2VicCIsInNsaWRlc2hvdyI6IjRlZjg0NDczIn0%3D\" href=\"https:\/\/artapartamento.com\/wp-content\/uploads\/2024\/06\/19.GREEN-HAVANA_INVI_GALLERY_FOCSA-scaled.jpg.webp\"><figure class=\"swiper-slide-inner\"><img decoding=\"async\" class=\"swiper-slide-image\" src=\"https:\/\/artapartamento.com\/wp-content\/uploads\/2024\/06\/19.GREEN-HAVANA_INVI_GALLERY_FOCSA-scaled.jpg.webp\" alt=\"Green Havana_Leandro Havana\" \/><\/figure><\/a><\/div><div class=\"swiper-slide\" role=\"group\" aria-roledescription=\"slide\" aria-label=\"3 de 20\" data-no-translation-aria-label=\"\"><a data-elementor-open-lightbox=\"yes\" data-elementor-lightbox-slideshow=\"4ef84473\" data-e-action-hash=\"#elementor-action%3Aaction%3Dlightbox%26settings%3DeyJpZCI6MTExMjUsInVybCI6Imh0dHBzOlwvXC9hcnRhcGFydGFtZW50by5jb21cL3dwLWNvbnRlbnRcL3VwbG9hZHNcLzIwMjRcLzA2XC9DYXNhLUxfMDAyMzMtc2NhbGVkLmpwZy53ZWJwIiwic2xpZGVzaG93IjoiNGVmODQ0NzMifQ%3D%3D\" href=\"https:\/\/artapartamento.com\/wp-content\/uploads\/2024\/06\/Casa-L_00233-scaled.jpg.webp\"><figure class=\"swiper-slide-inner\"><img decoding=\"async\" class=\"swiper-slide-image\" src=\"https:\/\/artapartamento.com\/wp-content\/uploads\/2024\/06\/Casa-L_00233-scaled.jpg.webp\" alt=\"Green Havana_Leandro Havana\" \/><\/figure><\/a><\/div><div class=\"swiper-slide\" role=\"group\" aria-roledescription=\"slide\" aria-label=\"4 de 20\" data-no-translation-aria-label=\"\"><a data-elementor-open-lightbox=\"yes\" data-elementor-lightbox-slideshow=\"4ef84473\" data-e-action-hash=\"#elementor-action%3Aaction%3Dlightbox%26settings%3DeyJpZCI6MTExMjYsInVybCI6Imh0dHBzOlwvXC9hcnRhcGFydGFtZW50by5jb21cL3dwLWNvbnRlbnRcL3VwbG9hZHNcLzIwMjRcLzA2XC9jaXVkYWQtbm9jaGUtY29udHJhc3RlLTEwMF8wMDEzNi1zY2FsZWQuanBnLndlYnAiLCJzbGlkZXNob3ciOiI0ZWY4NDQ3MyJ9\" href=\"https:\/\/artapartamento.com\/wp-content\/uploads\/2024\/06\/ciudad-noche-contraste-100_00136-scaled.jpg.webp\"><figure class=\"swiper-slide-inner\"><img decoding=\"async\" class=\"swiper-slide-image\" src=\"https:\/\/artapartamento.com\/wp-content\/uploads\/2024\/06\/ciudad-noche-contraste-100_00136-scaled.jpg.webp\" alt=\"Green Havana_Leandro Havana\" \/><\/figure><\/a><\/div><div class=\"swiper-slide\" role=\"group\" aria-roledescription=\"slide\" aria-label=\"5 de 20\" data-no-translation-aria-label=\"\"><a data-elementor-open-lightbox=\"yes\" data-elementor-lightbox-slideshow=\"4ef84473\" data-e-action-hash=\"#elementor-action%3Aaction%3Dlightbox%26settings%3DeyJpZCI6MTExMjcsInVybCI6Imh0dHBzOlwvXC9hcnRhcGFydGFtZW50by5jb21cL3dwLWNvbnRlbnRcL3VwbG9hZHNcLzIwMjRcLzA2XC9jaXVkYWQtbm9jaGUtY29udHJhc3RlLTEwMF8wMDI1NC1zY2FsZWQuanBnLndlYnAiLCJzbGlkZXNob3ciOiI0ZWY4NDQ3MyJ9\" href=\"https:\/\/artapartamento.com\/wp-content\/uploads\/2024\/06\/ciudad-noche-contraste-100_00254-scaled.jpg.webp\"><figure class=\"swiper-slide-inner\"><img decoding=\"async\" class=\"swiper-slide-image\" src=\"https:\/\/artapartamento.com\/wp-content\/uploads\/2024\/06\/ciudad-noche-contraste-100_00254-scaled.jpg.webp\" alt=\"Green Havana_Leandro Havana\" \/><\/figure><\/a><\/div><div class=\"swiper-slide\" role=\"group\" aria-roledescription=\"slide\" aria-label=\"6 de 20\" data-no-translation-aria-label=\"\"><a data-elementor-open-lightbox=\"yes\" data-elementor-lightbox-slideshow=\"4ef84473\" data-e-action-hash=\"#elementor-action%3Aaction%3Dlightbox%26settings%3DeyJpZCI6MTExMjgsInVybCI6Imh0dHBzOlwvXC9hcnRhcGFydGFtZW50by5jb21cL3dwLWNvbnRlbnRcL3VwbG9hZHNcLzIwMjRcLzA2XC9jaXVkYWQtbm9jaGUtY29udHJhc3RlLTEwMF8wMDY4My1zY2FsZWQuanBnLndlYnAiLCJzbGlkZXNob3ciOiI0ZWY4NDQ3MyJ9\" href=\"https:\/\/artapartamento.com\/wp-content\/uploads\/2024\/06\/ciudad-noche-contraste-100_00683-scaled.jpg.webp\"><figure class=\"swiper-slide-inner\"><img decoding=\"async\" class=\"swiper-slide-image\" src=\"https:\/\/artapartamento.com\/wp-content\/uploads\/2024\/06\/ciudad-noche-contraste-100_00683-scaled.jpg.webp\" alt=\"Green Havana_Leandro Havana\" \/><\/figure><\/a><\/div><div class=\"swiper-slide\" role=\"group\" aria-roledescription=\"slide\" aria-label=\"7 de 20\" data-no-translation-aria-label=\"\"><a data-elementor-open-lightbox=\"yes\" data-elementor-lightbox-slideshow=\"4ef84473\" data-e-action-hash=\"#elementor-action%3Aaction%3Dlightbox%26settings%3DeyJpZCI6MTExMjksInVybCI6Imh0dHBzOlwvXC9hcnRhcGFydGFtZW50by5jb21cL3dwLWNvbnRlbnRcL3VwbG9hZHNcLzIwMjRcLzA2XC9jaXVkYWQtbm9jaGUtY29udHJhc3RlLTEwMF8wMTY0OC1zY2FsZWQuanBnLndlYnAiLCJzbGlkZXNob3ciOiI0ZWY4NDQ3MyJ9\" href=\"https:\/\/artapartamento.com\/wp-content\/uploads\/2024\/06\/ciudad-noche-contraste-100_01648-scaled.jpg.webp\"><figure class=\"swiper-slide-inner\"><img decoding=\"async\" class=\"swiper-slide-image\" src=\"https:\/\/artapartamento.com\/wp-content\/uploads\/2024\/06\/ciudad-noche-contraste-100_01648-scaled.jpg.webp\" alt=\"Green Havana_Leandro Havana\" \/><\/figure><\/a><\/div><div class=\"swiper-slide\" role=\"group\" aria-roledescription=\"slide\" aria-label=\"8 de 20\" data-no-translation-aria-label=\"\"><a data-elementor-open-lightbox=\"yes\" data-elementor-lightbox-slideshow=\"4ef84473\" data-e-action-hash=\"#elementor-action%3Aaction%3Dlightbox%26settings%3DeyJpZCI6MTExMzAsInVybCI6Imh0dHBzOlwvXC9hcnRhcGFydGFtZW50by5jb21cL3dwLWNvbnRlbnRcL3VwbG9hZHNcLzIwMjRcLzA2XC9DdWJhLTIwMTVfMjAxOF8wNTE2NC1zY2FsZWQuanBnLndlYnAiLCJzbGlkZXNob3ciOiI0ZWY4NDQ3MyJ9\" href=\"https:\/\/artapartamento.com\/wp-content\/uploads\/2024\/06\/Cuba-2015_2018_05164-scaled.jpg.webp\"><figure class=\"swiper-slide-inner\"><img decoding=\"async\" class=\"swiper-slide-image\" src=\"https:\/\/artapartamento.com\/wp-content\/uploads\/2024\/06\/Cuba-2015_2018_05164-scaled.jpg.webp\" alt=\"Green Havana_Leandro Havana\" \/><\/figure><\/a><\/div><div class=\"swiper-slide\" role=\"group\" aria-roledescription=\"slide\" aria-label=\"9 de 20\" data-no-translation-aria-label=\"\"><a data-elementor-open-lightbox=\"yes\" data-elementor-lightbox-slideshow=\"4ef84473\" data-e-action-hash=\"#elementor-action%3Aaction%3Dlightbox%26settings%3DeyJpZCI6MTExMzEsInVybCI6Imh0dHBzOlwvXC9hcnRhcGFydGFtZW50by5jb21cL3dwLWNvbnRlbnRcL3VwbG9hZHNcLzIwMjRcLzA2XC9MYS1ub2NoZS1tZS1jb25mdW5kZV8wMjk2MC1zY2FsZWQuanBnLndlYnAiLCJzbGlkZXNob3ciOiI0ZWY4NDQ3MyJ9\" href=\"https:\/\/artapartamento.com\/wp-content\/uploads\/2024\/06\/La-noche-me-confunde_02960-scaled.jpg.webp\"><figure class=\"swiper-slide-inner\"><img decoding=\"async\" class=\"swiper-slide-image\" src=\"https:\/\/artapartamento.com\/wp-content\/uploads\/2024\/06\/La-noche-me-confunde_02960-scaled.jpg.webp\" alt=\"Green Havana_Leandro Havana\" \/><\/figure><\/a><\/div><div class=\"swiper-slide\" role=\"group\" aria-roledescription=\"slide\" aria-label=\"10 de 20\" data-no-translation-aria-label=\"\"><a data-elementor-open-lightbox=\"yes\" data-elementor-lightbox-slideshow=\"4ef84473\" data-e-action-hash=\"#elementor-action%3Aaction%3Dlightbox%26settings%3DeyJpZCI6MTExMzIsInVybCI6Imh0dHBzOlwvXC9hcnRhcGFydGFtZW50by5jb21cL3dwLWNvbnRlbnRcL3VwbG9hZHNcLzIwMjRcLzA2XC9MYS1ub2NoZS1tZS1jb25mdW5kZV8wMzI0My1zY2FsZWQuanBnLndlYnAiLCJzbGlkZXNob3ciOiI0ZWY4NDQ3MyJ9\" href=\"https:\/\/artapartamento.com\/wp-content\/uploads\/2024\/06\/La-noche-me-confunde_03243-scaled.jpg.webp\"><figure class=\"swiper-slide-inner\"><img decoding=\"async\" class=\"swiper-slide-image\" src=\"https:\/\/artapartamento.com\/wp-content\/uploads\/2024\/06\/La-noche-me-confunde_03243-scaled.jpg.webp\" alt=\"Green Havana_Leandro Havana\" \/><\/figure><\/a><\/div><div class=\"swiper-slide\" role=\"group\" aria-roledescription=\"slide\" aria-label=\"11 de 20\" data-no-translation-aria-label=\"\"><a data-elementor-open-lightbox=\"yes\" data-elementor-lightbox-slideshow=\"4ef84473\" data-e-action-hash=\"#elementor-action%3Aaction%3Dlightbox%26settings%3DeyJpZCI6MTExMzMsInVybCI6Imh0dHBzOlwvXC9hcnRhcGFydGFtZW50by5jb21cL3dwLWNvbnRlbnRcL3VwbG9hZHNcLzIwMjRcLzA2XC9tZWxvZHJhbWEtZmluLWRlLWFub18wOTcyNi1zY2FsZWQuanBnLndlYnAiLCJzbGlkZXNob3ciOiI0ZWY4NDQ3MyJ9\" href=\"https:\/\/artapartamento.com\/wp-content\/uploads\/2024\/06\/melodrama-fin-de-ano_09726-scaled.jpg.webp\"><figure class=\"swiper-slide-inner\"><img decoding=\"async\" class=\"swiper-slide-image\" src=\"https:\/\/artapartamento.com\/wp-content\/uploads\/2024\/06\/melodrama-fin-de-ano_09726-scaled.jpg.webp\" alt=\"Green Havana_Leandro Havana\" \/><\/figure><\/a><\/div><div class=\"swiper-slide\" role=\"group\" aria-roledescription=\"slide\" aria-label=\"12 de 20\" data-no-translation-aria-label=\"\"><a data-elementor-open-lightbox=\"yes\" data-elementor-lightbox-slideshow=\"4ef84473\" data-e-action-hash=\"#elementor-action%3Aaction%3Dlightbox%26settings%3DeyJpZCI6MTExMzQsInVybCI6Imh0dHBzOlwvXC9hcnRhcGFydGFtZW50by5jb21cL3dwLWNvbnRlbnRcL3VwbG9hZHNcLzIwMjRcLzA2XC9NaW51dGFfMTc2MjAtc2NhbGVkLmpwZy53ZWJwIiwic2xpZGVzaG93IjoiNGVmODQ0NzMifQ%3D%3D\" href=\"https:\/\/artapartamento.com\/wp-content\/uploads\/2024\/06\/Minuta_17620-scaled.jpg.webp\"><figure class=\"swiper-slide-inner\"><img decoding=\"async\" class=\"swiper-slide-image\" src=\"https:\/\/artapartamento.com\/wp-content\/uploads\/2024\/06\/Minuta_17620-scaled.jpg.webp\" alt=\"Green Havana_Leandro Havana\" \/><\/figure><\/a><\/div><div class=\"swiper-slide\" role=\"group\" aria-roledescription=\"slide\" aria-label=\"13 de 20\" data-no-translation-aria-label=\"\"><a data-elementor-open-lightbox=\"yes\" data-elementor-lightbox-slideshow=\"4ef84473\" data-e-action-hash=\"#elementor-action%3Aaction%3Dlightbox%26settings%3DeyJpZCI6MTExMzUsInVybCI6Imh0dHBzOlwvXC9hcnRhcGFydGFtZW50by5jb21cL3dwLWNvbnRlbnRcL3VwbG9hZHNcLzIwMjRcLzA2XC9OZWdhdGl2by1jaXVkYWRfMTQ0MDgtc2NhbGVkLmpwZy53ZWJwIiwic2xpZGVzaG93IjoiNGVmODQ0NzMifQ%3D%3D\" href=\"https:\/\/artapartamento.com\/wp-content\/uploads\/2024\/06\/Negativo-ciudad_14408-scaled.jpg.webp\"><figure class=\"swiper-slide-inner\"><img decoding=\"async\" class=\"swiper-slide-image\" src=\"https:\/\/artapartamento.com\/wp-content\/uploads\/2024\/06\/Negativo-ciudad_14408-scaled.jpg.webp\" alt=\"Green Havana_Leandro Havana\" \/><\/figure><\/a><\/div><div class=\"swiper-slide\" role=\"group\" aria-roledescription=\"slide\" aria-label=\"14 de 20\" data-no-translation-aria-label=\"\"><a data-elementor-open-lightbox=\"yes\" data-elementor-lightbox-slideshow=\"4ef84473\" data-e-action-hash=\"#elementor-action%3Aaction%3Dlightbox%26settings%3DeyJpZCI6MTExMzYsInVybCI6Imh0dHBzOlwvXC9hcnRhcGFydGFtZW50by5jb21cL3dwLWNvbnRlbnRcL3VwbG9hZHNcLzIwMjRcLzA2XC9OZWdhdGl2by1jaXVkYWRfMTUxODktc2NhbGVkLmpwZy53ZWJwIiwic2xpZGVzaG93IjoiNGVmODQ0NzMifQ%3D%3D\" href=\"https:\/\/artapartamento.com\/wp-content\/uploads\/2024\/06\/Negativo-ciudad_15189-scaled.jpg.webp\"><figure class=\"swiper-slide-inner\"><img decoding=\"async\" class=\"swiper-slide-image\" src=\"https:\/\/artapartamento.com\/wp-content\/uploads\/2024\/06\/Negativo-ciudad_15189-scaled.jpg.webp\" alt=\"Green Havana_Leandro Havana\" \/><\/figure><\/a><\/div><div class=\"swiper-slide\" role=\"group\" aria-roledescription=\"slide\" aria-label=\"15 de 20\" data-no-translation-aria-label=\"\"><a data-elementor-open-lightbox=\"yes\" data-elementor-lightbox-slideshow=\"4ef84473\" data-e-action-hash=\"#elementor-action%3Aaction%3Dlightbox%26settings%3DeyJpZCI6MTExMzcsInVybCI6Imh0dHBzOlwvXC9hcnRhcGFydGFtZW50by5jb21cL3dwLWNvbnRlbnRcL3VwbG9hZHNcLzIwMjRcLzA2XC9OZWdhdGl2by1kb3NfMTcyMjctc2NhbGVkLmpwZy53ZWJwIiwic2xpZGVzaG93IjoiNGVmODQ0NzMifQ%3D%3D\" href=\"https:\/\/artapartamento.com\/wp-content\/uploads\/2024\/06\/Negativo-dos_17227-scaled.jpg.webp\"><figure class=\"swiper-slide-inner\"><img decoding=\"async\" class=\"swiper-slide-image\" src=\"https:\/\/artapartamento.com\/wp-content\/uploads\/2024\/06\/Negativo-dos_17227-scaled.jpg.webp\" alt=\"Green Havana_Leandro Havana\" \/><\/figure><\/a><\/div><div class=\"swiper-slide\" role=\"group\" aria-roledescription=\"slide\" aria-label=\"16 de 20\" data-no-translation-aria-label=\"\"><a data-elementor-open-lightbox=\"yes\" data-elementor-lightbox-slideshow=\"4ef84473\" data-e-action-hash=\"#elementor-action%3Aaction%3Dlightbox%26settings%3DeyJpZCI6MTExMzgsInVybCI6Imh0dHBzOlwvXC9hcnRhcGFydGFtZW50by5jb21cL3dwLWNvbnRlbnRcL3VwbG9hZHNcLzIwMjRcLzA2XC9OZWdhdGl2by1kb3NfMTc0NTEtc2NhbGVkLmpwZy53ZWJwIiwic2xpZGVzaG93IjoiNGVmODQ0NzMifQ%3D%3D\" href=\"https:\/\/artapartamento.com\/wp-content\/uploads\/2024\/06\/Negativo-dos_17451-scaled.jpg.webp\"><figure class=\"swiper-slide-inner\"><img decoding=\"async\" class=\"swiper-slide-image\" src=\"https:\/\/artapartamento.com\/wp-content\/uploads\/2024\/06\/Negativo-dos_17451-scaled.jpg.webp\" alt=\"Green Havana_Leandro Havana\" \/><\/figure><\/a><\/div><div class=\"swiper-slide\" role=\"group\" aria-roledescription=\"slide\" aria-label=\"17 de 20\" data-no-translation-aria-label=\"\"><a data-elementor-open-lightbox=\"yes\" data-elementor-lightbox-slideshow=\"4ef84473\" data-e-action-hash=\"#elementor-action%3Aaction%3Dlightbox%26settings%3DeyJpZCI6MTExMzksInVybCI6Imh0dHBzOlwvXC9hcnRhcGFydGFtZW50by5jb21cL3dwLWNvbnRlbnRcL3VwbG9hZHNcLzIwMjRcLzA2XC9OZWdhdGl2by1kb3NfMTc1NDEtc2NhbGVkLmpwZy53ZWJwIiwic2xpZGVzaG93IjoiNGVmODQ0NzMifQ%3D%3D\" href=\"https:\/\/artapartamento.com\/wp-content\/uploads\/2024\/06\/Negativo-dos_17541-scaled.jpg.webp\"><figure class=\"swiper-slide-inner\"><img decoding=\"async\" class=\"swiper-slide-image\" src=\"https:\/\/artapartamento.com\/wp-content\/uploads\/2024\/06\/Negativo-dos_17541-scaled.jpg.webp\" alt=\"Green Havana_Leandro Havana\" \/><\/figure><\/a><\/div><div class=\"swiper-slide\" role=\"group\" aria-roledescription=\"slide\" aria-label=\"18 de 20\" data-no-translation-aria-label=\"\"><a data-elementor-open-lightbox=\"yes\" data-elementor-lightbox-slideshow=\"4ef84473\" data-e-action-hash=\"#elementor-action%3Aaction%3Dlightbox%26settings%3DeyJpZCI6MTExNDAsInVybCI6Imh0dHBzOlwvXC9hcnRhcGFydGFtZW50by5jb21cL3dwLWNvbnRlbnRcL3VwbG9hZHNcLzIwMjRcLzA2XC9uZWdhdGl2by1jaW5jby1fMjQ0OTktc2NhbGVkLmpwZy53ZWJwIiwic2xpZGVzaG93IjoiNGVmODQ0NzMifQ%3D%3D\" href=\"https:\/\/artapartamento.com\/wp-content\/uploads\/2024\/06\/negativo-cinco-_24499-scaled.jpg.webp\"><figure class=\"swiper-slide-inner\"><img decoding=\"async\" class=\"swiper-slide-image\" src=\"https:\/\/artapartamento.com\/wp-content\/uploads\/2024\/06\/negativo-cinco-_24499-scaled.jpg.webp\" alt=\"Green Havana_Leandro Havana\" \/><\/figure><\/a><\/div><div class=\"swiper-slide\" role=\"group\" aria-roledescription=\"slide\" aria-label=\"19 de 20\" data-no-translation-aria-label=\"\"><a data-elementor-open-lightbox=\"yes\" data-elementor-lightbox-slideshow=\"4ef84473\" data-e-action-hash=\"#elementor-action%3Aaction%3Dlightbox%26settings%3DeyJpZCI6MTExNDEsInVybCI6Imh0dHBzOlwvXC9hcnRhcGFydGFtZW50by5jb21cL3dwLWNvbnRlbnRcL3VwbG9hZHNcLzIwMjRcLzA2XC9uZWdhdGl2by10cmVzXzE3ODI0LXNjYWxlZC5qcGcud2VicCIsInNsaWRlc2hvdyI6IjRlZjg0NDczIn0%3D\" href=\"https:\/\/artapartamento.com\/wp-content\/uploads\/2024\/06\/negativo-tres_17824-scaled.jpg.webp\"><figure class=\"swiper-slide-inner\"><img decoding=\"async\" class=\"swiper-slide-image\" src=\"https:\/\/artapartamento.com\/wp-content\/uploads\/2024\/06\/negativo-tres_17824-scaled.jpg.webp\" alt=\"Green Havana_Leandro Havana\" \/><\/figure><\/a><\/div><div class=\"swiper-slide\" role=\"group\" aria-roledescription=\"slide\" aria-label=\"20 de 20\" data-no-translation-aria-label=\"\"><a data-elementor-open-lightbox=\"yes\" data-elementor-lightbox-slideshow=\"4ef84473\" data-e-action-hash=\"#elementor-action%3Aaction%3Dlightbox%26settings%3DeyJpZCI6MTExNDIsInVybCI6Imh0dHBzOlwvXC9hcnRhcGFydGFtZW50by5jb21cL3dwLWNvbnRlbnRcL3VwbG9hZHNcLzIwMjRcLzA2XC9Ob3ZpZW1icmVfRGljXzIwMTlfMDQ2NzEtc2NhbGVkLmpwZy53ZWJwIiwic2xpZGVzaG93IjoiNGVmODQ0NzMifQ%3D%3D\" href=\"https:\/\/artapartamento.com\/wp-content\/uploads\/2024\/06\/Noviembre_Dic_2019_04671-scaled.jpg.webp\"><figure class=\"swiper-slide-inner\"><img decoding=\"async\" class=\"swiper-slide-image\" src=\"https:\/\/artapartamento.com\/wp-content\/uploads\/2024\/06\/Noviembre_Dic_2019_04671-scaled.jpg.webp\" alt=\"Green Havana_Leandro Havana\" \/><\/figure><\/a><\/div>\t\t\t<\/div>\n\t\t\t\t\t\t\t\n\t\t\t\t\t\t\t\t\t<\/div>\n\t\t\t\t\t\t<\/div>\n\t\t\t\t<\/div>\n\t\t\t\t<\/div>\n\t\t<div class=\"elementor-element elementor-element-6ccfb05d e-con-full e-flex e-con e-child\" data-id=\"6ccfb05d\" data-element_type=\"container\" data-e-type=\"container\">\n\t\t\t\t<div class=\"elementor-element elementor-element-62680166 elementor-widget elementor-widget-heading\" data-id=\"62680166\" data-element_type=\"widget\" data-e-type=\"widget\" data-widget_type=\"heading.default\">\n\t\t\t\t<div class=\"elementor-widget-container\">\n\t\t\t\t\t<h2 class=\"elementor-heading-title elementor-size-default\"><a href=\"https:\/\/artapartamento.com\/en\/category\/artistas\/leandro-feal\/\" rel=\"tag\">Leandro Feal<\/a><\/h2>\t\t\t\t<\/div>\n\t\t\t\t<\/div>\n\t\t\t\t<div class=\"elementor-element elementor-element-7931ac12 elementor-widget elementor-widget-text-editor\" data-id=\"7931ac12\" data-element_type=\"widget\" data-e-type=\"widget\" data-widget_type=\"text-editor.default\">\n\t\t\t\t<div class=\"elementor-widget-container\">\n\t\t\t\t\t\t\t\t\t<p>The Watched Party, 2015- 2024<br \/>4K video, B\/W, sound<br \/>55 minutes<br \/>Ed. 5 + 2 AP<\/p>\t\t\t\t\t\t\t\t<\/div>\n\t\t\t\t<\/div>\n\t\t\t\t<div class=\"elementor-element elementor-element-60d89b53 elementor-widget elementor-widget-text-editor\" data-id=\"60d89b53\" data-element_type=\"widget\" data-e-type=\"widget\" data-widget_type=\"text-editor.default\">\n\t\t\t\t<div class=\"elementor-widget-container\">\n\t\t\t\t\t\t\t\t\t<p><strong>The guarded party<\/strong>\u00a0 takes its name from the novel of the same name by Cuban writer Antonio Jos\u00e9 Ponte. Following in the footsteps of such solid referents as <strong>PM<\/strong>a documentary filmed in 1961 by Sab\u00e1 Cabrea Infante (younger brother of Guillermo Cabrera Infante) and Orlando Jim\u00e9nez Leal which reflects the Havana nightlife of the early years of the revolution in just thirteen minutes, Feal's party has something in common with the party of <strong>PM<\/strong>Both ceased to exist, the danger and provocation that the party itself represented for the island authorities demanded its end. There is no innocent party, they must have thought.<\/p><p>At Leandro's nightly party there is a continuous parade, at times frenetic, of established artists, aspiring artists, artists without work, musicians, sensitive men addicted to sex, celibates, desperate young people who do not seem to be so, of <em>celebrities<\/em> locals, art critics, entrepreneurs, heroes and villains. On this plural army that in itself is a miracle, there are four voices with more presence than the rest of the mortals of his great night: Tania Bruguera, Hamlet Lavastida, Luis Manuel Otero Alc\u00e1ntara and Carlos Manuel \u00c1lvarez.<\/p><p>In its last minutes the party ceases to be a party, the party ends and an empty and deserted city appears announcing the end and Carlos Manuel's voice-over reveals that he was kidnapped and interrogated after leaving the party on any given Saturday and taken, against his will, to his provincial city.<\/p><p>Just like the PM night, the night of\u00a0 <strong>The guarded party<\/strong> It hardly exists anymore, it was almost an optical illusion, a mirage, a place we remember, but to which we cannot return. The party succumbed to pessimism and fragmentation, the party was dynamited because the improvised mixture of its protagonists was the germ of a society that frightened the authorities and the vast majority of its protagonists decided to take a voluntary exile or suffered a forced exile. The portal that represented the party was extinguished, it remains to reinvent it unattended.<\/p><p style=\"text-align: right;\">Osbel Suarez<\/p>\t\t\t\t\t\t\t\t<\/div>\n\t\t\t\t<\/div>\n\t\t\t\t<div class=\"elementor-element elementor-element-3a8710e5 elementor-align-left elementor-widget elementor-widget-button\" data-id=\"3a8710e5\" data-element_type=\"widget\" data-e-type=\"widget\" data-widget_type=\"button.default\">\n\t\t\t\t<div class=\"elementor-widget-container\">\n\t\t\t\t\t\t\t\t\t<div class=\"elementor-button-wrapper\">\n\t\t\t\t\t<a class=\"elementor-button elementor-size-sm\" role=\"button\">\n\t\t\t\t\t\t<span class=\"elementor-button-content-wrapper\">\n\t\t\t\t\t\t\t\t\t<span class=\"elementor-button-text\">Inquiry<\/span>\n\t\t\t\t\t<\/span>\n\t\t\t\t\t<\/a>\n\t\t\t\t<\/div>\n\t\t\t\t\t\t\t\t<\/div>\n\t\t\t\t<\/div>\n\t\t\t\t<\/div>\n\t\t\t\t<\/div>\n\t\t\t\t<\/div>","protected":false},"excerpt":{"rendered":"<p>La fiesta vigilada, 2015- 2024V\u00eddeo 4K, B\/N, sonido55 minutosEd. 5 + 2 AP La fiesta vigilada\u00a0 toma su nombre\u00a0 de la novela hom\u00f3nima del escritor cubano Antonio Jos\u00e9 Ponte. Siguiendo la estela de referentes\u00a0 tan s\u00f3lidos como PM, un documental filmado en 1961 por Sab\u00e1 Cabrea Infante(hermano menor de Guillermo Cabrera Infante) y Orlando Jim\u00e9nez [&hellip;]<\/p>\n","protected":false},"author":1,"featured_media":11108,"parent":3212,"menu_order":0,"comment_status":"closed","ping_status":"closed","template":"","meta":{"_acf_changed":false,"footnotes":"","_links_to":"","_links_to_target":""},"categories":[51],"tags":[65],"class_list":["post-11110","page","type-page","status-publish","has-post-thumbnail","hentry","category-leandro-feal","tag-obra","post","post-with-thumbnail","post-with-thumbnail-large"],"acf":[],"aioseo_notices":[],"_links":{"self":[{"href":"https:\/\/artapartamento.com\/en\/wp-json\/wp\/v2\/pages\/11110","targetHints":{"allow":["GET"]}}],"collection":[{"href":"https:\/\/artapartamento.com\/en\/wp-json\/wp\/v2\/pages"}],"about":[{"href":"https:\/\/artapartamento.com\/en\/wp-json\/wp\/v2\/types\/page"}],"author":[{"embeddable":true,"href":"https:\/\/artapartamento.com\/en\/wp-json\/wp\/v2\/users\/1"}],"replies":[{"embeddable":true,"href":"https:\/\/artapartamento.com\/en\/wp-json\/wp\/v2\/comments?post=11110"}],"version-history":[{"count":0,"href":"https:\/\/artapartamento.com\/en\/wp-json\/wp\/v2\/pages\/11110\/revisions"}],"up":[{"embeddable":true,"href":"https:\/\/artapartamento.com\/en\/wp-json\/wp\/v2\/pages\/3212"}],"wp:featuredmedia":[{"embeddable":true,"href":"https:\/\/artapartamento.com\/en\/wp-json\/wp\/v2\/media\/11108"}],"wp:attachment":[{"href":"https:\/\/artapartamento.com\/en\/wp-json\/wp\/v2\/media?parent=11110"}],"wp:term":[{"taxonomy":"category","embeddable":true,"href":"https:\/\/artapartamento.com\/en\/wp-json\/wp\/v2\/categories?post=11110"},{"taxonomy":"post_tag","embeddable":true,"href":"https:\/\/artapartamento.com\/en\/wp-json\/wp\/v2\/tags?post=11110"}],"curies":[{"name":"wp","href":"https:\/\/api.w.org\/{rel}","templated":true}]}}